{"id":35410,"date":"2025-02-12T14:08:40","date_gmt":"2025-02-12T13:08:40","guid":{"rendered":"https:\/\/new.elisek.cz\/?page_id=35410"},"modified":"2025-03-04T19:25:49","modified_gmt":"2025-03-04T18:25:49","slug":"prihlaska","status":"publish","type":"page","link":"https:\/\/elisek.cz\/zdravotnicek\/prihlaska\/","title":{"rendered":"P\u0159ihl\u00e1\u0161ka"},"content":{"rendered":"\t\t<div data-elementor-type=\"wp-page\" data-elementor-id=\"35410\" class=\"elementor elementor-35410\">\n\t\t\t\t\t\t<section class=\"elementor-section elementor-top-section elementor-element elementor-element-e411e7f elementor-section-boxed elementor-section-height-default elementor-section-height-default\" data-id=\"e411e7f\" data-element_type=\"section\">\n\t\t\t\t\t\t<div class=\"elementor-container elementor-column-gap-default\">\n\t\t\t\t\t<div class=\"elementor-column elementor-col-100 elementor-top-column elementor-element elementor-element-6beabfd\" data-id=\"6beabfd\" data-element_type=\"column\">\n\t\t\t<div class=\"elementor-widget-wrap elementor-element-populated\">\n\t\t\t\t\t\t<div class=\"elementor-element elementor-element-4c7419a lte-heading-align-tablet-center elementor-widget elementor-widget-lte-header\" data-id=\"4c7419a\" data-element_type=\"widget\" data-widget_type=\"lte-header.default\">\n\t\t\t\t<div class=\"elementor-widget-container\">\n\t\t\t\t\t<div class=\"lte-heading lte-style-header-subheader lte-subcolor-main has-subheader heading-tag-h2 heading-subtag-h6\"><div class=\"lte-heading-content\"><h6 class=\"lte-subheader\">Chcete k n\u00e1m p\u0159ihl\u00e1sit sv\u00e9 d\u00edt\u011b?<\/h6><h2 class=\"lte-header\">P\u0159ihl\u00e1\u0161ka<\/h2><\/div><\/div>\t\t\t\t<\/div>\n\t\t\t\t<\/div>\n\t\t\t\t\t<\/div>\n\t\t<\/div>\n\t\t\t\t\t<\/div>\n\t\t<\/section>\n\t\t\t\t<section class=\"elementor-section elementor-top-section elementor-element elementor-element-690be137 elementor-section-boxed elementor-section-height-default elementor-section-height-default\" data-id=\"690be137\" data-element_type=\"section\">\n\t\t\t\t\t\t<div class=\"elementor-container elementor-column-gap-default\">\n\t\t\t\t\t<div class=\"elementor-column elementor-col-50 elementor-top-column elementor-element elementor-element-3aee45b\" data-id=\"3aee45b\" data-element_type=\"column\">\n\t\t\t<div class=\"elementor-widget-wrap elementor-element-populated\">\n\t\t\t\t\t\t<div class=\"elementor-element elementor-element-403ca7c elementor-widget elementor-widget-text-editor\" data-id=\"403ca7c\" data-element_type=\"widget\" data-widget_type=\"text-editor.default\">\n\t\t\t\t<div class=\"elementor-widget-container\">\n\t\t\t\t\t\t\t\t\t<h5 data-start=\"0\" data-end=\"146\">DS Zdravotn\u00ed\u010dek<\/h5><p data-start=\"0\" data-end=\"146\">Zde m\u016f\u017eete vyplnit nez\u00e1vaznou e-p\u0159ihl\u00e1\u0161ku. Po odesl\u00e1n\u00ed p\u0159ihl\u00e1\u0161ky se s\u00a0V\u00e1mi\u00a0brzy spoj\u00edme\u00a0za\u0161leme v\u0161echny pot\u0159ebn\u00e9 informace, pop\u0159. domluv\u00edme osobn\u00ed sch\u016fzku s tetou,\u00a0kter\u00e1 detailn\u011b zodpov\u00ed ka\u017ed\u00fd V\u00e1\u0161 dotaz.<\/p><p data-start=\"356\" data-end=\"604\">Po odesl\u00e1n\u00ed p\u0159ihl\u00e1\u0161ky V\u00e1s budeme co nejd\u0159\u00edve kontaktovat, m\u00edsto rezervujeme a pr\u016fb\u011b\u017en\u011b V\u00e1s budeme informovat o stavu rekonstrukce a p\u0159\u00edprav\u011b nov\u00fdch prostor. V p\u0159\u00edpad\u011b z\u00e1jmu si tak\u00e9 domluv\u00edme osobn\u00ed sch\u016fzku, kde r\u00e1di zodpov\u00edme v\u0161echny Va\u0161e dotazy.<\/p>\t\t\t\t\t\t\t\t<\/div>\n\t\t\t\t<\/div>\n\t\t\t\t<div class=\"elementor-element elementor-element-29cfa2c elementor-widget elementor-widget-spacer\" data-id=\"29cfa2c\" data-element_type=\"widget\" data-widget_type=\"spacer.default\">\n\t\t\t\t<div class=\"elementor-widget-container\">\n\t\t\t\t\t\t\t<div class=\"elementor-spacer\">\n\t\t\t<div class=\"elementor-spacer-inner\"><\/div>\n\t\t<\/div>\n\t\t\t\t\t\t<\/div>\n\t\t\t\t<\/div>\n\t\t\t\t<div class=\"elementor-element elementor-element-c984abe elementor-widget elementor-widget-text-editor\" data-id=\"c984abe\" data-element_type=\"widget\" data-widget_type=\"text-editor.default\">\n\t\t\t\t<div class=\"elementor-widget-container\">\n\t\t\t\t\t\t\t\t\t<h5 data-start=\"606\" data-end=\"625\">Jak to funguje?<\/h5><ol data-start=\"626\" data-end=\"981\" data-is-last-node=\"\"><li data-start=\"626\" data-end=\"707\">Vypln\u00edte a ode\u0161lete elektronickou p\u0159ihl\u00e1\u0161ku stisknut\u00edm tla\u010d\u00edtka Odeslat.<\/li><li data-start=\"708\" data-end=\"771\">N\u00e1sledn\u011b V\u00e1s kontaktujeme a poskytneme pot\u0159ebn\u00e9 informace.<\/li><li data-start=\"772\" data-end=\"855\">Spole\u010dn\u011b dohodneme dny doch\u00e1zky s ohledem na volnou kapacitu a Va\u0161e po\u017eadavky.<\/li><li data-start=\"856\" data-end=\"922\">Vypln\u00edme nezbytn\u00e9 dokumenty a stanov\u00edme datum n\u00e1stupu d\u00edt\u011bte.<\/li><li data-start=\"923\" data-end=\"981\" data-is-last-node=\"\">D\u00edt\u011b nastoup\u00ed do d\u011btsk\u00e9 skupiny v domluven\u00e9m term\u00ednu.<\/li><\/ol>\t\t\t\t\t\t\t\t<\/div>\n\t\t\t\t<\/div>\n\t\t\t\t\t<\/div>\n\t\t<\/div>\n\t\t\t\t<div class=\"elementor-column elementor-col-50 elementor-top-column elementor-element elementor-element-1cd946d7 lte-background-gray\" data-id=\"1cd946d7\" data-element_type=\"column\">\n\t\t\t<div class=\"elementor-widget-wrap elementor-element-populated\">\n\t\t\t\t\t\t<div class=\"elementor-element elementor-element-8f4577d elementor-widget__width-inherit elementor-widget elementor-widget-spacer\" data-id=\"8f4577d\" data-element_type=\"widget\" data-widget_type=\"spacer.default\">\n\t\t\t\t<div class=\"elementor-widget-container\">\n\t\t\t\t\t\t\t<div class=\"elementor-spacer\">\n\t\t\t<div class=\"elementor-spacer-inner\"><\/div>\n\t\t<\/div>\n\t\t\t\t\t\t<\/div>\n\t\t\t\t<\/div>\n\t\t\t\t<div class=\"elementor-element elementor-element-538cf485 lte-heading-align-center elementor-widget elementor-widget-lte-header\" data-id=\"538cf485\" data-element_type=\"widget\" data-widget_type=\"lte-header.default\">\n\t\t\t\t<div class=\"elementor-widget-container\">\n\t\t\t\t\t<div class=\"lte-heading lte-style-default lte-subcolor-main heading-tag-h4 heading-subtag-h6\"><div class=\"lte-heading-content\"><h4 class=\"lte-header\">E-p\u0159ihl\u00e1\u0161ka<\/h4><\/div><\/div>\t\t\t\t<\/div>\n\t\t\t\t<\/div>\n\t\t\t\t<div class=\"elementor-element elementor-element-e8271f5 elementor-widget elementor-widget-lte-cf7\" data-id=\"e8271f5\" data-element_type=\"widget\" data-widget_type=\"lte-cf7.default\">\n\t\t\t\t<div class=\"elementor-widget-container\">\n\t\t\t\t\t<div class=\"lte-contact-form-7 lte-padding-yes lte-btn-black lte-full-width-no\">\n<div class=\"wpcf7 no-js\" id=\"wpcf7-f35820-o1\" lang=\"cs-CZ\" dir=\"ltr\" data-wpcf7-id=\"35820\">\n<div class=\"screen-reader-response\"><p role=\"status\" aria-live=\"polite\" aria-atomic=\"true\"><\/p> <ul><\/ul><\/div>\n<form action=\"\/zdravotnicek\/wp-json\/wp\/v2\/pages\/35410#wpcf7-f35820-o1\" method=\"post\" class=\"wpcf7-form init\" aria-label=\"Kontaktn\u00ed formul\u00e1\u0159\" novalidate=\"novalidate\" data-status=\"init\">\n<div style=\"display: none;\">\n<input type=\"hidden\" name=\"_wpcf7\" value=\"35820\" \/>\n<input type=\"hidden\" name=\"_wpcf7_version\" value=\"6.0.4\" \/>\n<input type=\"hidden\" name=\"_wpcf7_locale\" value=\"cs_CZ\" \/>\n<input type=\"hidden\" name=\"_wpcf7_unit_tag\" value=\"wpcf7-f35820-o1\" \/>\n<input type=\"hidden\" name=\"_wpcf7_container_post\" value=\"0\" \/>\n<input type=\"hidden\" name=\"_wpcf7_posted_data_hash\" value=\"\" \/>\n<\/div>\n<p>Jm\u00e9no a p\u0159\u00edjmen\u00ed d\u00edt\u011bte<br \/>\n<span class=\"wpcf7-form-control-wrap\" data-name=\"text-390\"><input size=\"40\" maxlength=\"400\" class=\"wpcf7-form-control wpcf7-text wpcf7-validates-as-required\" aria-required=\"true\" aria-invalid=\"false\" value=\"\" type=\"text\" name=\"text-390\" \/><\/span>\n<\/p>\n<p>Datum narozen\u00ed d\u00edt\u011bte<br \/>\n<span class=\"wpcf7-form-control-wrap\" data-name=\"text-646\"><input size=\"40\" maxlength=\"400\" class=\"wpcf7-form-control wpcf7-text wpcf7-validates-as-required\" aria-required=\"true\" aria-invalid=\"false\" value=\"\" type=\"text\" name=\"text-646\" \/><\/span>\n<\/p>\n<p>Bydli\u0161t\u011b d\u00edt\u011bte<br \/>\n<span class=\"wpcf7-form-control-wrap\" data-name=\"text-133\"><input size=\"40\" maxlength=\"400\" class=\"wpcf7-form-control wpcf7-text wpcf7-validates-as-required\" aria-required=\"true\" aria-invalid=\"false\" value=\"Ulice\" type=\"text\" name=\"text-133\" \/><\/span>\n<\/p>\n<p><span class=\"wpcf7-form-control-wrap\" data-name=\"text-970\"><input size=\"40\" maxlength=\"400\" class=\"wpcf7-form-control wpcf7-text wpcf7-validates-as-required\" aria-required=\"true\" aria-invalid=\"false\" value=\"M\u011bsto\" type=\"text\" name=\"text-970\" \/><\/span><br \/>\n<span class=\"wpcf7-form-control-wrap\" data-name=\"text-642\"><input size=\"40\" maxlength=\"400\" class=\"wpcf7-form-control wpcf7-text wpcf7-validates-as-required\" aria-required=\"true\" aria-invalid=\"false\" value=\"PS\u010c\" type=\"text\" name=\"text-642\" \/><\/span>\n<\/p>\n<p>Jm\u00e9no z\u00e1konn\u00e9ho z\u00e1stupce<br \/>\n<span class=\"wpcf7-form-control-wrap\" data-name=\"text-706\"><input size=\"40\" maxlength=\"400\" class=\"wpcf7-form-control wpcf7-text wpcf7-validates-as-required\" aria-required=\"true\" aria-invalid=\"false\" value=\"\" type=\"text\" name=\"text-706\" \/><\/span>\n<\/p>\n<p>Bydli\u0161t\u011b z\u00e1konn\u00e9ho z\u00e1stupce<br \/>\n<span class=\"wpcf7-form-control-wrap\" data-name=\"text-300\"><input size=\"40\" maxlength=\"400\" class=\"wpcf7-form-control wpcf7-text wpcf7-validates-as-required\" aria-required=\"true\" aria-invalid=\"false\" value=\"Ulice\" type=\"text\" name=\"text-300\" \/><\/span>\n<\/p>\n<p><span class=\"wpcf7-form-control-wrap\" data-name=\"text-43\"><input size=\"40\" maxlength=\"400\" class=\"wpcf7-form-control wpcf7-text\" aria-invalid=\"false\" value=\"M\u011bsto\" type=\"text\" name=\"text-43\" \/><\/span><br \/>\n<span class=\"wpcf7-form-control-wrap\" data-name=\"text-674\"><input size=\"40\" maxlength=\"400\" class=\"wpcf7-form-control wpcf7-text wpcf7-validates-as-required\" aria-required=\"true\" aria-invalid=\"false\" value=\"PS\u010c\" type=\"text\" name=\"text-674\" \/><\/span>\n<\/p>\n<p>Zam\u011bstnavatel z\u00e1konn\u00e9ho z\u00e1stupce (matka)<br \/>\n<span class=\"wpcf7-form-control-wrap\" data-name=\"text-204\"><input size=\"40\" maxlength=\"400\" class=\"wpcf7-form-control wpcf7-text wpcf7-validates-as-required\" aria-required=\"true\" aria-invalid=\"false\" value=\"OSV\u010c \/ firma \/ mate\u0159sk\u00e1 dovolen\u00e1\" type=\"text\" name=\"text-204\" \/><\/span>\n<\/p>\n<p>Zam\u011bstnavatel z\u00e1konn\u00e9ho z\u00e1stupce (otec)<br \/>\n<span class=\"wpcf7-form-control-wrap\" data-name=\"text-858\"><input size=\"40\" maxlength=\"400\" class=\"wpcf7-form-control wpcf7-text wpcf7-validates-as-required\" aria-required=\"true\" aria-invalid=\"false\" value=\"OSV\u010c \/ firma \/ mate\u0159sk\u00e1 dovolen\u00e1\" type=\"text\" name=\"text-858\" \/><\/span>\n<\/p>\n<p>Mobiln\u00ed telefon<br \/>\n<span class=\"wpcf7-form-control-wrap\" data-name=\"tel-504\"><input size=\"40\" maxlength=\"400\" class=\"wpcf7-form-control wpcf7-tel wpcf7-validates-as-required wpcf7-text wpcf7-validates-as-tel\" aria-required=\"true\" aria-invalid=\"false\" value=\"\" type=\"tel\" name=\"tel-504\" \/><\/span>\n<\/p>\n<p>E-mailov\u00e1 adresa<br \/>\n<span class=\"wpcf7-form-control-wrap\" data-name=\"email-538\"><input size=\"40\" maxlength=\"400\" class=\"wpcf7-form-control wpcf7-email wpcf7-validates-as-required wpcf7-text wpcf7-validates-as-email\" aria-required=\"true\" aria-invalid=\"false\" value=\"\" type=\"email\" name=\"email-538\" \/><\/span>\n<\/p>\n<p>Zvolen\u00fd po\u010det dn\u016f doch\u00e1zky v t\u00fddnu<br \/>\n<span class=\"wpcf7-form-control-wrap\" data-name=\"checkbox-306\"><span class=\"wpcf7-form-control wpcf7-checkbox wpcf7-validates-as-required\"><span class=\"wpcf7-list-item first\"><label><input type=\"checkbox\" name=\"checkbox-306[]\" value=\"1 den\" \/><span class=\"wpcf7-list-item-label\">1 den<\/span><\/label><\/span><span class=\"wpcf7-list-item\"><label><input type=\"checkbox\" name=\"checkbox-306[]\" value=\"2 dny\" \/><span class=\"wpcf7-list-item-label\">2 dny<\/span><\/label><\/span><span class=\"wpcf7-list-item\"><label><input type=\"checkbox\" name=\"checkbox-306[]\" value=\"3 dny\" \/><span class=\"wpcf7-list-item-label\">3 dny<\/span><\/label><\/span><span class=\"wpcf7-list-item\"><label><input type=\"checkbox\" name=\"checkbox-306[]\" value=\"4 dny\" \/><span class=\"wpcf7-list-item-label\">4 dny<\/span><\/label><\/span><span class=\"wpcf7-list-item last\"><label><input type=\"checkbox\" name=\"checkbox-306[]\" value=\"5 dn\u00ed\" \/><span class=\"wpcf7-list-item-label\">5 dn\u00ed<\/span><\/label><\/span><\/span><\/span>\n<\/p>\n<p>Pravidelnost doch\u00e1zky<br \/>\n<span class=\"wpcf7-form-control-wrap\" data-name=\"checkbox-143\"><span class=\"wpcf7-form-control wpcf7-checkbox wpcf7-validates-as-required\"><span class=\"wpcf7-list-item first\"><label><input type=\"checkbox\" name=\"checkbox-143[]\" value=\"Zcela pravideln\u011b\" \/><span class=\"wpcf7-list-item-label\">Zcela pravideln\u011b<\/span><\/label><\/span><span class=\"wpcf7-list-item\"><label><input type=\"checkbox\" name=\"checkbox-143[]\" value=\"Zcela nepravideln\u011b\" \/><span class=\"wpcf7-list-item-label\">Zcela nepravideln\u011b<\/span><\/label><\/span><span class=\"wpcf7-list-item last\"><label><input type=\"checkbox\" name=\"checkbox-143[]\" value=\"Kr\u00e1tk\u00fd \/ dlouh\u00fd t\u00fdden\" \/><span class=\"wpcf7-list-item-label\">Kr\u00e1tk\u00fd \/ dlouh\u00fd t\u00fdden<\/span><\/label><\/span><\/span><\/span>\n<\/p>\n<p>Zvolen\u00e9 dny doch\u00e1zky<br \/>\n<span class=\"wpcf7-form-control-wrap\" data-name=\"text-706\"><input size=\"40\" maxlength=\"400\" class=\"wpcf7-form-control wpcf7-text wpcf7-validates-as-required\" aria-required=\"true\" aria-invalid=\"false\" value=\"Po, \u00dat, St, \u010ct, P\u00e1\" type=\"text\" name=\"text-706\" \/><\/span>\n<\/p>\n<p>Datum n\u00e1stupu<br \/>\n<span class=\"wpcf7-form-control-wrap\" data-name=\"date-682\"><input class=\"wpcf7-form-control wpcf7-date wpcf7-validates-as-required wpcf7-validates-as-date\" aria-required=\"true\" aria-invalid=\"false\" value=\"\" type=\"date\" name=\"date-682\" \/><\/span>\n<\/p>\n<p>Speci\u00e1ln\u00ed zvyky a po\u017eadavky<br \/>\n<span class=\"wpcf7-form-control-wrap\" data-name=\"textarea-417\"><textarea cols=\"40\" rows=\"10\" maxlength=\"2000\" class=\"wpcf7-form-control wpcf7-textarea wpcf7-validates-as-required\" aria-required=\"true\" aria-invalid=\"false\" name=\"textarea-417\"><\/textarea><\/span>\n<\/p>\n<p>Osoby vyzved\u00e1vaj\u00edc\u00ed d\u00edt\u011b<br \/>\n<span class=\"wpcf7-form-control-wrap\" data-name=\"text-387\"><input size=\"40\" maxlength=\"400\" class=\"wpcf7-form-control wpcf7-text wpcf7-validates-as-required\" aria-required=\"true\" aria-invalid=\"false\" value=\"\" type=\"text\" name=\"text-387\" \/><\/span>\n<\/p>\n<p><span class=\"wpcf7-form-control-wrap\" data-name=\"acceptance-579\"><span class=\"wpcf7-form-control wpcf7-acceptance\"><span class=\"wpcf7-list-item\"><label><input type=\"checkbox\" name=\"acceptance-579\" value=\"1\" aria-invalid=\"false\" \/><span class=\"wpcf7-list-item-label\"><i>Odesl\u00e1n\u00edm elektronick\u00e9 p\u0159ihl\u00e1\u0161ky ud\u011bluji v\u00fdslovn\u00fd souhlas se zpracov\u00e1n\u00edm poskytnut\u00fdch osobn\u00edch \u00fadaj\u016f v souladu s na\u0159\u00edzen\u00edm GDPR po dobu 36 m\u011bs\u00edc\u016f od jej\u00edho odesl\u00e1n\u00ed. D\u00e1le souhlas\u00edm se zve\u0159ejn\u011bn\u00edm fotografi\u00ed m\u00e9ho d\u00edt\u011bte na internetu nebo n\u00e1st\u011bnce za \u00fa\u010delem informov\u00e1n\u00ed a propagace za\u0159\u00edzen\u00ed DS Zdravotn\u00ed\u010dek 1 a DS Zdratovn\u00ed\u010dek 2. Jako z\u00e1konn\u00fd z\u00e1stupce rovn\u011b\u017e ud\u011bluji souhlas se zve\u0159ejn\u011bn\u00edm v\u00fdtvarn\u00fdch a jin\u00fdch um\u011bleck\u00fdch projev\u016f m\u00e9ho d\u00edt\u011bte. <\/i><\/span><\/label><\/span><\/span><\/span>\n<\/p>\n<p><input class=\"wpcf7-form-control wpcf7-submit has-spinner\" type=\"submit\" value=\"Odeslat\" \/>\n<\/p><p style=\"display: none !important;\" class=\"akismet-fields-container\" data-prefix=\"_wpcf7_ak_\"><label>&#916;<textarea name=\"_wpcf7_ak_hp_textarea\" cols=\"45\" rows=\"8\" maxlength=\"100\"><\/textarea><\/label><input type=\"hidden\" id=\"ak_js_1\" name=\"_wpcf7_ak_js\" value=\"22\"\/><script>document.getElementById( \"ak_js_1\" ).setAttribute( \"value\", ( new Date() ).getTime() );<\/script><\/p><div class=\"wpcf7-response-output\" aria-hidden=\"true\"><\/div>\n<\/form>\n<\/div>\n<\/div>\t\t\t\t<\/div>\n\t\t\t\t<\/div>\n\t\t\t\t<div class=\"elementor-element elementor-element-62d9acc elementor-widget elementor-widget-text-editor\" data-id=\"62d9acc\" data-element_type=\"widget\" data-widget_type=\"text-editor.default\">\n\t\t\t\t<div class=\"elementor-widget-container\">\n\t\t\t\t\t\t\t\t\t<p style=\"text-align: center;\"><em><br \/><\/em>S Va\u0161imi \u00fadaji budeme obez\u0159etn\u011b nakl\u00e1dat dle z\u00e1kona \u010d. <a title=\"101\/2000 Sb.\" href=\"http:\/\/www.sagit.cz\/pages\/sbirkatxt.asp?zdroj=sb00101&amp;cd=76&amp;typ=r\"><u>101\/2000 Sb.<\/u><\/a>, o ochran\u011b osobn\u00edch \u00fadaj\u016f.<\/p>\t\t\t\t\t\t\t\t<\/div>\n\t\t\t\t<\/div>\n\t\t\t\t\t<\/div>\n\t\t<\/div>\n\t\t\t\t\t<\/div>\n\t\t<\/section>\n\t\t\t\t<\/div>\n\t\t","protected":false},"excerpt":{"rendered":"<p>Chcete k n\u00e1m p\u0159ihl\u00e1sit sv\u00e9 d\u00edt\u011b? P\u0159ihl\u00e1\u0161ka DS Zdravotn\u00ed\u010dek Zde m\u016f\u017eete vyplnit nez\u00e1vaznou e-p\u0159ihl\u00e1\u0161ku. Po odesl\u00e1n\u00ed p\u0159ihl\u00e1\u0161ky se s\u00a0V\u00e1mi\u00a0brzy spoj\u00edme\u00a0za\u0161leme v\u0161echny pot\u0159ebn\u00e9 informace, pop\u0159. domluv\u00edme osobn\u00ed sch\u016fzku s tetou,\u00a0kter\u00e1 detailn\u011b [&hellip;]<\/p>\n","protected":false},"author":1,"featured_media":0,"parent":0,"menu_order":0,"comment_status":"closed","ping_status":"closed","template":"","meta":{"footnotes":""},"class_list":["post-35410","page","type-page","status-publish","hentry"],"_links":{"self":[{"href":"https:\/\/elisek.cz\/zdravotnicek\/wp-json\/wp\/v2\/pages\/35410","targetHints":{"allow":["GET"]}}],"collection":[{"href":"https:\/\/elisek.cz\/zdravotnicek\/wp-json\/wp\/v2\/pages"}],"about":[{"href":"https:\/\/elisek.cz\/zdravotnicek\/wp-json\/wp\/v2\/types\/page"}],"author":[{"embeddable":true,"href":"https:\/\/elisek.cz\/zdravotnicek\/wp-json\/wp\/v2\/users\/1"}],"replies":[{"embeddable":true,"href":"https:\/\/elisek.cz\/zdravotnicek\/wp-json\/wp\/v2\/comments?post=35410"}],"version-history":[{"count":0,"href":"https:\/\/elisek.cz\/zdravotnicek\/wp-json\/wp\/v2\/pages\/35410\/revisions"}],"wp:attachment":[{"href":"https:\/\/elisek.cz\/zdravotnicek\/wp-json\/wp\/v2\/media?parent=35410"}],"curies":[{"name":"wp","href":"https:\/\/api.w.org\/{rel}","templated":true}]}}