{"id":35372,"date":"2025-02-12T13:25:17","date_gmt":"2025-02-12T12:25:17","guid":{"rendered":"https:\/\/new.elisek.cz\/?page_id=35372"},"modified":"2025-03-04T16:41:12","modified_gmt":"2025-03-04T15:41:12","slug":"strava","status":"publish","type":"page","link":"https:\/\/elisek.cz\/zdravotnicek\/strava\/","title":{"rendered":"Strava"},"content":{"rendered":"\t\t<div data-elementor-type=\"wp-page\" data-elementor-id=\"35372\" class=\"elementor elementor-35372\">\n\t\t\t\t\t\t<section class=\"elementor-section elementor-top-section elementor-element elementor-element-4112b3c3 elementor-section-boxed elementor-section-height-default elementor-section-height-default\" data-id=\"4112b3c3\" data-element_type=\"section\">\n\t\t\t\t\t\t<div class=\"elementor-container elementor-column-gap-default\">\n\t\t\t\t\t<div class=\"elementor-column elementor-col-100 elementor-top-column elementor-element elementor-element-5dad3d1f\" data-id=\"5dad3d1f\" data-element_type=\"column\">\n\t\t\t<div class=\"elementor-widget-wrap elementor-element-populated\">\n\t\t\t\t\t\t<section class=\"elementor-section elementor-inner-section elementor-element elementor-element-58e6ec59 elementor-section-boxed elementor-section-height-default elementor-section-height-default\" data-id=\"58e6ec59\" data-element_type=\"section\">\n\t\t\t\t\t\t<div class=\"elementor-container elementor-column-gap-default\">\n\t\t\t\t\t<div class=\"elementor-column elementor-col-100 elementor-inner-column elementor-element elementor-element-268512f6 lte-background-gray lte-polygon-high\" data-id=\"268512f6\" data-element_type=\"column\" data-settings=\"{&quot;background_background&quot;:&quot;classic&quot;}\">\n\t\t\t<div class=\"elementor-widget-wrap elementor-element-populated\">\n\t\t\t\t\t\t<div class=\"elementor-element elementor-element-36d420ba lte-heading-align-center elementor-widget elementor-widget-lte-header\" data-id=\"36d420ba\" data-element_type=\"widget\" data-widget_type=\"lte-header.default\">\n\t\t\t\t<div class=\"elementor-widget-container\">\n\t\t\t\t\t<div class=\"lte-heading lte-style-header-subheader lte-subcolor-main has-subheader heading-tag-h2 heading-subtag-h6\"><div class=\"lte-heading-content\"><h6 class=\"lte-subheader\">CO J\u00cdME?<\/h6><h2 class=\"lte-header\">Strava<\/h2><\/div><\/div>\t\t\t\t<\/div>\n\t\t\t\t<\/div>\n\t\t\t\t<div class=\"elementor-element elementor-element-efad8e0 elementor-widget__width-initial elementor-widget elementor-widget-text-editor\" data-id=\"efad8e0\" data-element_type=\"widget\" data-widget_type=\"text-editor.default\">\n\t\t\t\t<div class=\"elementor-widget-container\">\n\t\t\t\t\t\t\t\t\t<ul><li>J\u00eddeln\u00ed\u010dek je sestaven tak, aby byl vyv\u00e1\u017een\u00fd a odpov\u00eddal pot\u0159eb\u00e1m d\u011bt\u00ed v r\u00e1mci zdrav\u00e9 v\u00fd\u017eivy. Db\u00e1me na pestrou skladbu j\u00eddel a dodr\u017eov\u00e1n\u00ed nutri\u010dn\u00edch doporu\u010den\u00ed. Na vy\u017e\u00e1d\u00e1n\u00ed V\u00e1m r\u00e1di za\u0161leme j\u00eddeln\u00ed\u010dek pro aktu\u00e1ln\u00ed m\u011bs\u00edc.<\/li><li>Ob\u011bdy p\u0159ipravuje extern\u00ed dodavatel, kter\u00fd garantuje jejich kvalitu a spln\u011bn\u00ed v\u0161ech norem d\u011btsk\u00e9ho stravov\u00e1n\u00ed. Ka\u017ed\u00e9 j\u00eddlo je pe\u010dliv\u011b sestaveno tak, aby obsahovalo vyv\u00e1\u017een\u00fd pom\u011br \u017eivin d\u016fle\u017eit\u00fdch pro zdrav\u00fd r\u016fst a v\u00fdvoj d\u011bt\u00ed.<\/li><li>Sva\u010dinky jsou p\u0159ipravov\u00e1ny p\u0159\u00edmo v DS Zdravotn\u00ed\u010dek a d\u011bti se na jejich p\u0159\u00edprav\u011b mohou samy pod\u00edlet dle sv\u00fdch individu\u00e1ln\u00edch pot\u0159eb a chut\u00ed. Obsahuj\u00ed \u010derstv\u00e9 ovoce a zeleninu s ov\u011b\u0159en\u00fdm p\u016fvodem, kterou n\u00e1m zdarma dod\u00e1v\u00e1 <a href=\"http:\/\/www.zelene-bedynky.cz\/\">Statek Grunt<\/a>.<\/li><li>Nab\u00edz\u00edme \u0161irok\u00fd v\u00fdb\u011br n\u00e1poj\u016f v\u010detn\u011b ovocn\u00fdch d\u017eus\u016f, bylinn\u00fdch \u010daj\u016f, p\u0159\u00edrodn\u00edch mo\u0161t\u016f, ml\u00e9ka a pramenit\u00e9 vody. Pro zpest\u0159en\u00ed mohou d\u011bti dostat tak\u00e9 vodu s jemn\u011b ochucen\u00fdm sirupem, samoz\u0159ejm\u011b v p\u0159im\u011b\u0159en\u00e9m mno\u017estv\u00ed.<\/li><\/ul>\t\t\t\t\t\t\t\t<\/div>\n\t\t\t\t<\/div>\n\t\t\t\t\t<\/div>\n\t\t<\/div>\n\t\t\t\t\t<\/div>\n\t\t<\/section>\n\t\t\t\t<div class=\"elementor-element elementor-element-79ac66c elementor-widget elementor-widget-text-editor\" data-id=\"79ac66c\" data-element_type=\"widget\" data-widget_type=\"text-editor.default\">\n\t\t\t\t<div class=\"elementor-widget-container\">\n\t\t\t\t\t\t\t\t\t<p>D\u011bti maj\u00ed neomezen\u00fd p\u0159\u00edstup ke sva\u010dink\u00e1m i pit\u00ed kdykoliv b\u011bhem dne a jsou hl\u00edd\u00e1ny aby dodr\u017eovali pitn\u00fd re\u017eim.<br \/>V\u0161echny potraviny a n\u00e1poje jsou d\u016fkladn\u011b vyb\u00edr\u00e1ny a kontrolov\u00e1ny tak, aby spl\u0148ovaly nejvy\u0161\u0161\u00ed \u010derstvost a nejvy\u0161\u0161\u00ed mo\u017en\u00fd standard.<br \/>Respektujeme individu\u00e1ln\u00ed po\u017eadavky na stravov\u00e1n\u00ed d\u011bt\u00ed (v p\u0159\u00edpad\u011b diet a atypick\u00fdch n\u00e1rok\u016f na j\u00eddeln\u00ed\u010dek, jsme p\u0159ipraveni pod\u00e1vat stravu dle p\u0159edchoz\u00ed dohody, pop\u0159. p\u0159iprav\u00edme V\u00e1mi donesen\u00e9 dobr\u016ftky).<\/p>\t\t\t\t\t\t\t\t<\/div>\n\t\t\t\t<\/div>\n\t\t\t\t\t<\/div>\n\t\t<\/div>\n\t\t\t\t\t<\/div>\n\t\t<\/section>\n\t\t\t\t<\/div>\n\t\t","protected":false},"excerpt":{"rendered":"<p>CO J\u00cdME? Strava J\u00eddeln\u00ed\u010dek je sestaven tak, aby byl vyv\u00e1\u017een\u00fd a odpov\u00eddal pot\u0159eb\u00e1m d\u011bt\u00ed v r\u00e1mci zdrav\u00e9 v\u00fd\u017eivy. Db\u00e1me na pestrou skladbu j\u00eddel a dodr\u017eov\u00e1n\u00ed nutri\u010dn\u00edch doporu\u010den\u00ed. Na vy\u017e\u00e1d\u00e1n\u00ed V\u00e1m [&hellip;]<\/p>\n","protected":false},"author":1,"featured_media":0,"parent":0,"menu_order":0,"comment_status":"closed","ping_status":"closed","template":"","meta":{"footnotes":""},"class_list":["post-35372","page","type-page","status-publish","hentry"],"_links":{"self":[{"href":"https:\/\/elisek.cz\/zdravotnicek\/wp-json\/wp\/v2\/pages\/35372","targetHints":{"allow":["GET"]}}],"collection":[{"href":"https:\/\/elisek.cz\/zdravotnicek\/wp-json\/wp\/v2\/pages"}],"about":[{"href":"https:\/\/elisek.cz\/zdravotnicek\/wp-json\/wp\/v2\/types\/page"}],"author":[{"embeddable":true,"href":"https:\/\/elisek.cz\/zdravotnicek\/wp-json\/wp\/v2\/users\/1"}],"replies":[{"embeddable":true,"href":"https:\/\/elisek.cz\/zdravotnicek\/wp-json\/wp\/v2\/comments?post=35372"}],"version-history":[{"count":0,"href":"https:\/\/elisek.cz\/zdravotnicek\/wp-json\/wp\/v2\/pages\/35372\/revisions"}],"wp:attachment":[{"href":"https:\/\/elisek.cz\/zdravotnicek\/wp-json\/wp\/v2\/media?parent=35372"}],"curies":[{"name":"wp","href":"https:\/\/api.w.org\/{rel}","templated":true}]}}