{"id":35335,"date":"2025-02-12T12:55:13","date_gmt":"2025-02-12T11:55:13","guid":{"rendered":"https:\/\/new.elisek.cz\/?page_id=35334"},"modified":"2025-03-04T16:36:50","modified_gmt":"2025-03-04T15:36:50","slug":"nemoc-ditete","status":"publish","type":"page","link":"https:\/\/elisek.cz\/zdravotnicek\/nemoc-ditete\/","title":{"rendered":"Nemoc d\u00edt\u011bte"},"content":{"rendered":"\t\t<div data-elementor-type=\"wp-page\" data-elementor-id=\"35335\" class=\"elementor elementor-35335\">\n\t\t\t\t\t\t<section class=\"elementor-section elementor-top-section elementor-element elementor-element-16bfb844 elementor-section-boxed elementor-section-height-default elementor-section-height-default\" data-id=\"16bfb844\" data-element_type=\"section\">\n\t\t\t\t\t\t<div class=\"elementor-container elementor-column-gap-default\">\n\t\t\t\t\t<div class=\"elementor-column elementor-col-100 elementor-top-column elementor-element elementor-element-11d34bb0\" data-id=\"11d34bb0\" data-element_type=\"column\">\n\t\t\t<div class=\"elementor-widget-wrap elementor-element-populated\">\n\t\t\t\t\t\t<div class=\"elementor-element elementor-element-1edd554c lte-heading-align-tablet-center elementor-widget elementor-widget-lte-header\" data-id=\"1edd554c\" data-element_type=\"widget\" data-widget_type=\"lte-header.default\">\n\t\t\t\t<div class=\"elementor-widget-container\">\n\t\t\t\t\t<div class=\"lte-heading lte-style-header-subheader lte-subcolor-main has-subheader heading-tag-h2 heading-subtag-h6\"><div class=\"lte-heading-content\"><h6 class=\"lte-subheader\">Jak postupovat p\u0159i nemoc\u00ed d\u00edt\u011bte?<\/h6><h2 class=\"lte-header\">Nemoc d\u00edt\u011bte<\/h2><\/div><\/div>\t\t\t\t<\/div>\n\t\t\t\t<\/div>\n\t\t\t\t<div class=\"elementor-element elementor-element-320512de elementor-widget elementor-widget-text-editor\" data-id=\"320512de\" data-element_type=\"widget\" data-widget_type=\"text-editor.default\">\n\t\t\t\t<div class=\"elementor-widget-container\">\n\t\t\t\t\t\t\t\t\t<h5 data-start=\"21\" data-end=\"316\"><strong data-start=\"21\" data-end=\"45\">Omluva nep\u0159\u00edtomnosti<\/strong><\/h5><p data-start=\"21\" data-end=\"316\">V p\u0159\u00edpad\u011b nemoci pros\u00edm omluvte d\u00edt\u011b v online <a href=\"https:\/\/ds-elisek.webooker.eu\/\"><span style=\"text-decoration: underline;\">doch\u00e1zkov\u00e9m syst\u00e9mu<\/span><\/a> nebo telefonicky do 8:00 hodin na \u010d\u00edsle: 776 780 860. Pokud omluvu nezad\u00e1te, stravn\u00e9 bude muset b\u00fdt uhrazeno.<\/p><h5 data-start=\"322\" data-end=\"494\"><strong data-start=\"322\" data-end=\"338\">Nemocn\u00e9 d\u011bti<\/strong><\/h5><p data-start=\"322\" data-end=\"494\">DS El\u00ed\u0161ek m\u00e1 pr\u00e1vo nep\u0159ijmout d\u011bti s p\u0159\u00edznaky siln\u00e9ho ka\u0161le, r\u00fdmy, hore\u010dky, zvracen\u00ed, pr\u016fjmu, z\u00e1n\u011btu spojivek nebo jak\u00fdmkoliv jin\u00fdm infek\u010dn\u00edm onemocn\u011bn\u00edm.<\/p><h5 data-start=\"500\" data-end=\"634\"><strong data-start=\"500\" data-end=\"524\">Zp\u016fsobilost k pobytu<\/strong><\/h5><p data-start=\"500\" data-end=\"634\">Ur\u010den\u00ed, zda je d\u00edt\u011b zp\u016fsobil\u00e9 k pobytu v DS El\u00ed\u0161ek, je v kompetenci pracovn\u00edka, kter\u00fd d\u00edt\u011b p\u0159ij\u00edm\u00e1 (\u201eteta\u201c).<\/p><h5 data-start=\"638\" data-end=\"865\"><strong data-start=\"638\" data-end=\"670\">Prevence a ochrana ostatn\u00edch<\/strong><\/h5><p data-start=\"638\" data-end=\"865\">Pokud m\u00e1 d\u00edt\u011b p\u0159\u00edznaky nemoci, jako je nechutenstv\u00ed, pr\u016fjem, vyr\u00e1\u017eka, ka\u0161el, r\u00fdma, zv\u00fd\u0161en\u00e1 teplota nebo jin\u00e9 podez\u0159el\u00e9 p\u0159\u00edznaky, ponechte d\u00edt\u011b pros\u00edm doma. T\u00edm chr\u00e1n\u00edte ostatn\u00ed d\u011bti a person\u00e1l.<\/p><h5 data-start=\"869\" data-end=\"1037\"><strong data-start=\"869\" data-end=\"902\">Pokud d\u00edt\u011b onemocn\u00ed b\u011bhem dne<\/strong><\/h5><p data-start=\"869\" data-end=\"1037\">Pokud se u d\u00edt\u011bte b\u011bhem dne projev\u00ed p\u0159\u00edznaky nemoci, okam\u017eit\u011b kontaktujeme rodi\u010de, kte\u0159\u00ed jsou povinni si d\u00edt\u011b vyzvednout co nejd\u0159\u00edve.<\/p><h5 data-start=\"1041\" data-end=\"1260\"><strong data-start=\"1041\" data-end=\"1073\">Omluva v doch\u00e1zkov\u00e9m syst\u00e9mu<\/strong><\/h5><p data-start=\"1041\" data-end=\"1260\">Rodi\u010d je povinen zadat omluvu v doch\u00e1zkov\u00e9m syst\u00e9mu. P\u0159i z\u00e1va\u017en\u00e9m poru\u0161en\u00ed t\u00e9to podm\u00ednky si DS El\u00ed\u0161ek vyhrazuje pr\u00e1vo nep\u0159ijmout d\u00edt\u011b k dal\u0161\u00ed doch\u00e1zce bez n\u00e1roku na vr\u00e1cen\u00ed \u0161kolkovn\u00e9ho.<\/p><h5 data-start=\"1264\" data-end=\"1457\"><strong data-start=\"1264\" data-end=\"1284\">N\u00e1stup po nemoci<\/strong><\/h5><p data-start=\"1264\" data-end=\"1457\" data-is-last-node=\"\">Pros\u00edme rodi\u010de, aby nahl\u00e1sili datum n\u00e1stupu d\u00edt\u011bte po nemoci. Pokud nen\u00ed jasn\u00e9, kdy d\u00edt\u011b nastoup\u00ed, dejte v\u011bd\u011bt alespo\u0148 1 den p\u0159edem, nejpozd\u011bji do 12:00, \u017ee d\u00edt\u011b nastoup\u00ed.<\/p><p data-start=\"1264\" data-end=\"1457\" data-is-last-node=\"\">P\u0159i z\u00e1va\u017en\u00e9m poru\u0161en\u00ed t\u011bchto podm\u00ednek si DS Zdravotn\u00ed\u010dek vyhrazuje pr\u00e1vo nep\u0159\u00edjmout d\u00edt\u011b k\u00a0dal\u0161\u00ed\u00a0doch\u00e1zce bez n\u00e1roku na vr\u00e1cen\u00ed \u0161kolkovn\u00e9ho<\/p>\t\t\t\t\t\t\t\t<\/div>\n\t\t\t\t<\/div>\n\t\t\t\t\t<\/div>\n\t\t<\/div>\n\t\t\t\t\t<\/div>\n\t\t<\/section>\n\t\t\t\t<\/div>\n\t\t","protected":false},"excerpt":{"rendered":"<p>Jak postupovat p\u0159i nemoc\u00ed d\u00edt\u011bte? Nemoc d\u00edt\u011bte Omluva nep\u0159\u00edtomnosti V p\u0159\u00edpad\u011b nemoci pros\u00edm omluvte d\u00edt\u011b v online doch\u00e1zkov\u00e9m syst\u00e9mu nebo telefonicky do 8:00 hodin na \u010d\u00edsle: 776 780 860. Pokud [&hellip;]<\/p>\n","protected":false},"author":1,"featured_media":0,"parent":0,"menu_order":0,"comment_status":"closed","ping_status":"closed","template":"","meta":{"footnotes":""},"class_list":["post-35335","page","type-page","status-publish","hentry"],"_links":{"self":[{"href":"https:\/\/elisek.cz\/zdravotnicek\/wp-json\/wp\/v2\/pages\/35335","targetHints":{"allow":["GET"]}}],"collection":[{"href":"https:\/\/elisek.cz\/zdravotnicek\/wp-json\/wp\/v2\/pages"}],"about":[{"href":"https:\/\/elisek.cz\/zdravotnicek\/wp-json\/wp\/v2\/types\/page"}],"author":[{"embeddable":true,"href":"https:\/\/elisek.cz\/zdravotnicek\/wp-json\/wp\/v2\/users\/1"}],"replies":[{"embeddable":true,"href":"https:\/\/elisek.cz\/zdravotnicek\/wp-json\/wp\/v2\/comments?post=35335"}],"version-history":[{"count":0,"href":"https:\/\/elisek.cz\/zdravotnicek\/wp-json\/wp\/v2\/pages\/35335\/revisions"}],"wp:attachment":[{"href":"https:\/\/elisek.cz\/zdravotnicek\/wp-json\/wp\/v2\/media?parent=35335"}],"curies":[{"name":"wp","href":"https:\/\/api.w.org\/{rel}","templated":true}]}}