{"id":35309,"date":"2025-02-12T12:47:50","date_gmt":"2025-02-12T11:47:50","guid":{"rendered":"https:\/\/new.elisek.cz\/?page_id=35307"},"modified":"2025-02-12T12:47:50","modified_gmt":"2025-02-12T11:47:50","slug":"vymena-pradla","status":"publish","type":"page","link":"https:\/\/elisek.cz\/zdravotnicek\/vymena-pradla\/","title":{"rendered":"V\u00fdm\u011bna pr\u00e1dla"},"content":{"rendered":"\t\t<div data-elementor-type=\"wp-page\" data-elementor-id=\"35309\" class=\"elementor elementor-35309\">\n\t\t\t\t\t\t<section class=\"elementor-section elementor-top-section elementor-element elementor-element-73c450f2 elementor-section-boxed elementor-section-height-default elementor-section-height-default\" data-id=\"73c450f2\" data-element_type=\"section\">\n\t\t\t\t\t\t<div class=\"elementor-container elementor-column-gap-default\">\n\t\t\t\t\t<div class=\"elementor-column elementor-col-100 elementor-top-column elementor-element elementor-element-2551adc6\" data-id=\"2551adc6\" data-element_type=\"column\">\n\t\t\t<div class=\"elementor-widget-wrap elementor-element-populated\">\n\t\t\t\t\t\t<div class=\"elementor-element elementor-element-79345c5d lte-heading-align-tablet-center elementor-widget elementor-widget-lte-header\" data-id=\"79345c5d\" data-element_type=\"widget\" data-widget_type=\"lte-header.default\">\n\t\t\t\t<div class=\"elementor-widget-container\">\n\t\t\t\t\t<div class=\"lte-heading lte-style-header-subheader lte-subcolor-main has-subheader heading-tag-h2 heading-subtag-h6\"><div class=\"lte-heading-content\"><h6 class=\"lte-subheader\">Jak \u010dasto m\u011bn\u00edme pr\u00e1dlo?<\/h6><h2 class=\"lte-header\">V\u00fdm\u011bna pr\u00e1dla<\/h2><\/div><\/div>\t\t\t\t<\/div>\n\t\t\t\t<\/div>\n\t\t\t\t<div class=\"elementor-element elementor-element-3fb71583 elementor-widget elementor-widget-text-editor\" data-id=\"3fb71583\" data-element_type=\"widget\" data-widget_type=\"text-editor.default\">\n\t\t\t\t<div class=\"elementor-widget-container\">\n\t\t\t\t\t\t\t\t\t<h5><strong data-start=\"30\" data-end=\"46\">Ru\u010dn\u00edky d\u011bt\u00ed<\/strong><\/h5><p>Ru\u010dn\u00edky v d\u011btsk\u00e9 koupeln\u011b jsou m\u011bn\u011bny v\u017edy 1x t\u00fddn\u011b, nebo \u010dast\u011bji dle pot\u0159eby.<\/p><h5><strong data-start=\"129\" data-end=\"145\">Py\u017e\u00e1mka d\u011bt\u00ed<\/strong><\/h5><p>Py\u017e\u00e1mka d\u011bt\u00ed jsou m\u011bn\u011bna rodi\u010di. Doporu\u010dujeme v\u00fdm\u011bnu alespo\u0148 1x t\u00fddn\u011b.<\/p><h5><strong data-start=\"220\" data-end=\"236\">Lo\u017en\u00ed pr\u00e1dlo<\/strong><\/h5><p>Lo\u017en\u00ed pr\u00e1dlo je pran\u00e9 v\u017edy 1x za dva t\u00fddny, nebo \u010dast\u011bji dle pot\u0159eby.<\/p>\t\t\t\t\t\t\t\t<\/div>\n\t\t\t\t<\/div>\n\t\t\t\t\t<\/div>\n\t\t<\/div>\n\t\t\t\t\t<\/div>\n\t\t<\/section>\n\t\t\t\t<\/div>\n\t\t","protected":false},"excerpt":{"rendered":"<p>Jak \u010dasto m\u011bn\u00edme pr\u00e1dlo? V\u00fdm\u011bna pr\u00e1dla Ru\u010dn\u00edky d\u011bt\u00ed Ru\u010dn\u00edky v d\u011btsk\u00e9 koupeln\u011b jsou m\u011bn\u011bny v\u017edy 1x t\u00fddn\u011b, nebo \u010dast\u011bji dle pot\u0159eby. Py\u017e\u00e1mka d\u011bt\u00ed Py\u017e\u00e1mka d\u011bt\u00ed jsou m\u011bn\u011bna rodi\u010di. Doporu\u010dujeme v\u00fdm\u011bnu [&hellip;]<\/p>\n","protected":false},"author":1,"featured_media":0,"parent":0,"menu_order":0,"comment_status":"closed","ping_status":"closed","template":"","meta":{"footnotes":""},"class_list":["post-35309","page","type-page","status-publish","hentry"],"_links":{"self":[{"href":"https:\/\/elisek.cz\/zdravotnicek\/wp-json\/wp\/v2\/pages\/35309","targetHints":{"allow":["GET"]}}],"collection":[{"href":"https:\/\/elisek.cz\/zdravotnicek\/wp-json\/wp\/v2\/pages"}],"about":[{"href":"https:\/\/elisek.cz\/zdravotnicek\/wp-json\/wp\/v2\/types\/page"}],"author":[{"embeddable":true,"href":"https:\/\/elisek.cz\/zdravotnicek\/wp-json\/wp\/v2\/users\/1"}],"replies":[{"embeddable":true,"href":"https:\/\/elisek.cz\/zdravotnicek\/wp-json\/wp\/v2\/comments?post=35309"}],"version-history":[{"count":0,"href":"https:\/\/elisek.cz\/zdravotnicek\/wp-json\/wp\/v2\/pages\/35309\/revisions"}],"wp:attachment":[{"href":"https:\/\/elisek.cz\/zdravotnicek\/wp-json\/wp\/v2\/media?parent=35309"}],"curies":[{"name":"wp","href":"https:\/\/api.w.org\/{rel}","templated":true}]}}