{"id":35307,"date":"2025-02-12T12:48:00","date_gmt":"2025-02-12T11:48:00","guid":{"rendered":"https:\/\/new.elisek.cz\/?page_id=35306"},"modified":"2025-03-04T16:34:17","modified_gmt":"2025-03-04T15:34:17","slug":"pobyt-venku","status":"publish","type":"page","link":"https:\/\/elisek.cz\/zdravotnicek\/pobyt-venku\/","title":{"rendered":"Pobyt venku"},"content":{"rendered":"\t\t<div data-elementor-type=\"wp-page\" data-elementor-id=\"35307\" class=\"elementor elementor-35307\">\n\t\t\t\t\t\t<section class=\"elementor-section elementor-top-section elementor-element elementor-element-4e6469bf elementor-section-boxed elementor-section-height-default elementor-section-height-default\" data-id=\"4e6469bf\" data-element_type=\"section\">\n\t\t\t\t\t\t<div class=\"elementor-container elementor-column-gap-default\">\n\t\t\t\t\t<div class=\"elementor-column elementor-col-100 elementor-top-column elementor-element elementor-element-5ac1aecf\" data-id=\"5ac1aecf\" data-element_type=\"column\">\n\t\t\t<div class=\"elementor-widget-wrap elementor-element-populated\">\n\t\t\t\t\t\t<div class=\"elementor-element elementor-element-26b07264 lte-heading-align-tablet-center elementor-widget elementor-widget-lte-header\" data-id=\"26b07264\" data-element_type=\"widget\" data-widget_type=\"lte-header.default\">\n\t\t\t\t<div class=\"elementor-widget-container\">\n\t\t\t\t\t<div class=\"lte-heading lte-style-header-subheader lte-subcolor-main has-subheader heading-tag-h2 heading-subtag-h6\"><div class=\"lte-heading-content\"><h6 class=\"lte-subheader\">Kdy tr\u00e1v\u00edme \u010das venku?<\/h6><h2 class=\"lte-header\">Pobyt venku<\/h2><\/div><\/div>\t\t\t\t<\/div>\n\t\t\t\t<\/div>\n\t\t\t\t<div class=\"elementor-element elementor-element-47ef225c elementor-widget elementor-widget-text-editor\" data-id=\"47ef225c\" data-element_type=\"widget\" data-widget_type=\"text-editor.default\">\n\t\t\t\t<div class=\"elementor-widget-container\">\n\t\t\t\t\t\t\t\t\t<h5><strong data-start=\"34\" data-end=\"55\">Doba pobytu venku<\/strong><\/h5><p>Pobyt venku a na zahr\u00e1dce se kon\u00e1 v dopoledn\u00edch i odpoledn\u00edch hodin\u00e1ch podle rozpisu. Jeho d\u00e9lka je v\u017edy p\u0159izp\u016fsobena po\u010das\u00ed a zvolen\u00fdm aktivit\u00e1m.<\/p><h5><strong data-start=\"206\" data-end=\"231\">Zam\u011b\u0159en\u00ed pobytu venku<\/strong><\/h5><p>Pobyt venku je zam\u011b\u0159en na rozv\u00edjen\u00ed pohybov\u00fdch a soci\u00e1ln\u00edch dovednost\u00ed d\u011bt\u00ed, p\u0159edev\u0161\u00edm formou hry. Aktivity prob\u00edhaj\u00ed na zahrad\u011b DS Zdravotn\u00ed\u010dek, d\u011btsk\u00e9m h\u0159i\u0161ti u gymn\u00e1zia, v parku H\u00e1je (kter\u00fd m\u00e1me p\u0159\u00edmo p\u0159es ulici), nebo na nedalek\u00fdch louk\u00e1ch.<\/p><h5><strong data-start=\"474\" data-end=\"504\">Bezpe\u010dnost p\u0159i proch\u00e1zk\u00e1ch<\/strong><\/h5><p>P\u0159i proch\u00e1zk\u00e1ch a p\u0159esunech po frekventovan\u00fdch komunikac\u00edch maj\u00ed d\u011bti k dispozici reflexn\u00ed bezpe\u010dnostn\u00ed vesti\u010dku, kter\u00e1 je dostupn\u00e1 v DS Zdratovn\u00ed\u010dek.<\/p>\t\t\t\t\t\t\t\t<\/div>\n\t\t\t\t<\/div>\n\t\t\t\t\t<\/div>\n\t\t<\/div>\n\t\t\t\t\t<\/div>\n\t\t<\/section>\n\t\t\t\t<\/div>\n\t\t","protected":false},"excerpt":{"rendered":"<p>Kdy tr\u00e1v\u00edme \u010das venku? Pobyt venku Doba pobytu venku Pobyt venku a na zahr\u00e1dce se kon\u00e1 v dopoledn\u00edch i odpoledn\u00edch hodin\u00e1ch podle rozpisu. Jeho d\u00e9lka je v\u017edy p\u0159izp\u016fsobena po\u010das\u00ed a [&hellip;]<\/p>\n","protected":false},"author":1,"featured_media":0,"parent":0,"menu_order":0,"comment_status":"closed","ping_status":"closed","template":"","meta":{"footnotes":""},"class_list":["post-35307","page","type-page","status-publish","hentry"],"_links":{"self":[{"href":"https:\/\/elisek.cz\/zdravotnicek\/wp-json\/wp\/v2\/pages\/35307","targetHints":{"allow":["GET"]}}],"collection":[{"href":"https:\/\/elisek.cz\/zdravotnicek\/wp-json\/wp\/v2\/pages"}],"about":[{"href":"https:\/\/elisek.cz\/zdravotnicek\/wp-json\/wp\/v2\/types\/page"}],"author":[{"embeddable":true,"href":"https:\/\/elisek.cz\/zdravotnicek\/wp-json\/wp\/v2\/users\/1"}],"replies":[{"embeddable":true,"href":"https:\/\/elisek.cz\/zdravotnicek\/wp-json\/wp\/v2\/comments?post=35307"}],"version-history":[{"count":0,"href":"https:\/\/elisek.cz\/zdravotnicek\/wp-json\/wp\/v2\/pages\/35307\/revisions"}],"wp:attachment":[{"href":"https:\/\/elisek.cz\/zdravotnicek\/wp-json\/wp\/v2\/media?parent=35307"}],"curies":[{"name":"wp","href":"https:\/\/api.w.org\/{rel}","templated":true}]}}