{"id":35305,"date":"2025-02-12T12:47:43","date_gmt":"2025-02-12T11:47:43","guid":{"rendered":"https:\/\/new.elisek.cz\/?page_id=35305"},"modified":"2025-03-04T16:33:39","modified_gmt":"2025-03-04T15:33:39","slug":"odpocinek-a-spanek","status":"publish","type":"page","link":"https:\/\/elisek.cz\/zdravotnicek\/odpocinek-a-spanek\/","title":{"rendered":"Odpo\u010dinek a sp\u00e1nek"},"content":{"rendered":"\t\t<div data-elementor-type=\"wp-page\" data-elementor-id=\"35305\" class=\"elementor elementor-35305\">\n\t\t\t\t\t\t<section class=\"elementor-section elementor-top-section elementor-element elementor-element-66c773aa elementor-section-boxed elementor-section-height-default elementor-section-height-default\" data-id=\"66c773aa\" data-element_type=\"section\">\n\t\t\t\t\t\t<div class=\"elementor-container elementor-column-gap-default\">\n\t\t\t\t\t<div class=\"elementor-column elementor-col-100 elementor-top-column elementor-element elementor-element-25b52ad5\" data-id=\"25b52ad5\" data-element_type=\"column\">\n\t\t\t<div class=\"elementor-widget-wrap elementor-element-populated\">\n\t\t\t\t\t\t<div class=\"elementor-element elementor-element-14367202 lte-heading-align-tablet-center elementor-widget elementor-widget-lte-header\" data-id=\"14367202\" data-element_type=\"widget\" data-widget_type=\"lte-header.default\">\n\t\t\t\t<div class=\"elementor-widget-container\">\n\t\t\t\t\t<div class=\"lte-heading lte-style-header-subheader lte-subcolor-main has-subheader heading-tag-h2 heading-subtag-h6\"><div class=\"lte-heading-content\"><h6 class=\"lte-subheader\">Kdy d\u011bti odpo\u010d\u00edvaj\u00ed?<\/h6><h2 class=\"lte-header\">Odpo\u010dinek a sp\u00e1nek<\/h2><\/div><\/div>\t\t\t\t<\/div>\n\t\t\t\t<\/div>\n\t\t\t\t<div class=\"elementor-element elementor-element-449a1a05 elementor-widget elementor-widget-text-editor\" data-id=\"449a1a05\" data-element_type=\"widget\" data-widget_type=\"text-editor.default\">\n\t\t\t\t<div class=\"elementor-widget-container\">\n\t\t\t\t\t\t\t\t\t<h5><strong data-start=\"74\" data-end=\"99\">Doba odpo\u010dinku\/sp\u00e1nku<\/strong><\/h5><p>Odpo\u010dinek a sp\u00e1nek prob\u00edh\u00e1 od 12:30 do 14:30 hodin.<\/p><h5><strong data-start=\"155\" data-end=\"180\">Pro d\u011bti, kter\u00e9 nesp\u00ed<\/strong><\/h5><p>D\u011bti, kter\u00e9 po ob\u011bd\u011b nesp\u00ed, se mohou v\u011bnovat odpo\u010dinkov\u00fdm a klidn\u00fdm \u010dinnostem, kter\u00e9 pro n\u011b p\u0159iprav\u00ed n\u00e1\u0161 person\u00e1l.<\/p><h5><strong data-start=\"299\" data-end=\"329\">Osobn\u00ed vybaven\u00ed pro sp\u00e1nek<\/strong><\/h5><p>Ka\u017ed\u00e9 d\u00edt\u011b m\u00e1 k dispozici sv\u00e9 vlastn\u00ed pe\u0159inky, pol\u0161t\u00e1\u0159, matraci a povle\u010den\u00ed, v\u0161e je zaji\u0161t\u011bno v DS Zdravotn\u00ed\u010dek.<\/p><h5><strong data-start=\"440\" data-end=\"477\">Respektujeme individu\u00e1ln\u00ed pot\u0159eby<\/strong><\/h5><p>Sna\u017e\u00edme se respektovat individu\u00e1ln\u00ed pot\u0159eby d\u011bt\u00ed, nap\u0159\u00edklad pl\u00ednku na span\u00ed, ply\u0161\u00e1ka, tul\u00edc\u00ed pl\u00ednku a dal\u0161\u00ed obl\u00edben\u00e9 p\u0159edm\u011bty, kter\u00e9 d\u011btem pom\u00e1haj\u00ed k lep\u0161\u00edmu sp\u00e1nku a odpo\u010dinku.<\/p>\t\t\t\t\t\t\t\t<\/div>\n\t\t\t\t<\/div>\n\t\t\t\t\t<\/div>\n\t\t<\/div>\n\t\t\t\t\t<\/div>\n\t\t<\/section>\n\t\t\t\t<section class=\"elementor-section elementor-top-section elementor-element elementor-element-5835a65d elementor-section-boxed elementor-section-height-default elementor-section-height-default\" data-id=\"5835a65d\" data-element_type=\"section\">\n\t\t\t\t\t\t<div class=\"elementor-container elementor-column-gap-default\">\n\t\t\t\t\t<div class=\"elementor-column elementor-col-100 elementor-top-column elementor-element elementor-element-26d740d8\" data-id=\"26d740d8\" data-element_type=\"column\">\n\t\t\t<div class=\"elementor-widget-wrap\">\n\t\t\t\t\t\t\t<\/div>\n\t\t<\/div>\n\t\t\t\t\t<\/div>\n\t\t<\/section>\n\t\t\t\t<\/div>\n\t\t","protected":false},"excerpt":{"rendered":"<p>Kdy d\u011bti odpo\u010d\u00edvaj\u00ed? Odpo\u010dinek a sp\u00e1nek Doba odpo\u010dinku\/sp\u00e1nku Odpo\u010dinek a sp\u00e1nek prob\u00edh\u00e1 od 12:30 do 14:30 hodin. Pro d\u011bti, kter\u00e9 nesp\u00ed D\u011bti, kter\u00e9 po ob\u011bd\u011b nesp\u00ed, se mohou v\u011bnovat odpo\u010dinkov\u00fdm [&hellip;]<\/p>\n","protected":false},"author":1,"featured_media":0,"parent":0,"menu_order":0,"comment_status":"closed","ping_status":"closed","template":"","meta":{"footnotes":""},"class_list":["post-35305","page","type-page","status-publish","hentry"],"_links":{"self":[{"href":"https:\/\/elisek.cz\/zdravotnicek\/wp-json\/wp\/v2\/pages\/35305","targetHints":{"allow":["GET"]}}],"collection":[{"href":"https:\/\/elisek.cz\/zdravotnicek\/wp-json\/wp\/v2\/pages"}],"about":[{"href":"https:\/\/elisek.cz\/zdravotnicek\/wp-json\/wp\/v2\/types\/page"}],"author":[{"embeddable":true,"href":"https:\/\/elisek.cz\/zdravotnicek\/wp-json\/wp\/v2\/users\/1"}],"replies":[{"embeddable":true,"href":"https:\/\/elisek.cz\/zdravotnicek\/wp-json\/wp\/v2\/comments?post=35305"}],"version-history":[{"count":0,"href":"https:\/\/elisek.cz\/zdravotnicek\/wp-json\/wp\/v2\/pages\/35305\/revisions"}],"wp:attachment":[{"href":"https:\/\/elisek.cz\/zdravotnicek\/wp-json\/wp\/v2\/media?parent=35305"}],"curies":[{"name":"wp","href":"https:\/\/api.w.org\/{rel}","templated":true}]}}