{"id":35274,"date":"2025-02-12T12:04:25","date_gmt":"2025-02-12T11:04:25","guid":{"rendered":"https:\/\/new.elisek.cz\/?page_id=35272"},"modified":"2025-03-04T16:31:14","modified_gmt":"2025-03-04T15:31:14","slug":"prichod-ditete","status":"publish","type":"page","link":"https:\/\/elisek.cz\/zdravotnicek\/prichod-ditete\/","title":{"rendered":"P\u0159\u00edchod d\u00edt\u011bte"},"content":{"rendered":"\t\t<div data-elementor-type=\"wp-page\" data-elementor-id=\"35274\" class=\"elementor elementor-35274\">\n\t\t\t\t\t\t<section class=\"elementor-section elementor-top-section elementor-element elementor-element-77b31f5c elementor-section-boxed elementor-section-height-default elementor-section-height-default\" data-id=\"77b31f5c\" data-element_type=\"section\">\n\t\t\t\t\t\t<div class=\"elementor-container elementor-column-gap-default\">\n\t\t\t\t\t<div class=\"elementor-column elementor-col-100 elementor-top-column elementor-element elementor-element-7da04343\" data-id=\"7da04343\" data-element_type=\"column\">\n\t\t\t<div class=\"elementor-widget-wrap elementor-element-populated\">\n\t\t\t\t\t\t<div class=\"elementor-element elementor-element-55872b57 lte-heading-align-tablet-center elementor-widget elementor-widget-lte-header\" data-id=\"55872b57\" data-element_type=\"widget\" data-widget_type=\"lte-header.default\">\n\t\t\t\t<div class=\"elementor-widget-container\">\n\t\t\t\t\t<div class=\"lte-heading lte-style-header-subheader lte-subcolor-main has-subheader heading-tag-h2 heading-subtag-h6\"><div class=\"lte-heading-content\"><h6 class=\"lte-subheader\">Jak to u n\u00e1s funguje?<\/h6><h2 class=\"lte-header\">P\u0159\u00edchod d\u00edt\u011bte<\/h2><\/div><\/div>\t\t\t\t<\/div>\n\t\t\t\t<\/div>\n\t\t\t\t<div class=\"elementor-element elementor-element-1fdbe196 elementor-widget elementor-widget-text-editor\" data-id=\"1fdbe196\" data-element_type=\"widget\" data-widget_type=\"text-editor.default\">\n\t\t\t\t<div class=\"elementor-widget-container\">\n\t\t\t\t\t\t\t\t\t<h5 data-start=\"32\" data-end=\"233\"><strong data-start=\"32\" data-end=\"50\">Otev\u00edrac\u00ed doba<\/strong><\/h5><p data-start=\"32\" data-end=\"233\">DS Zdravotn\u00ed\u010dek se otev\u00edr\u00e1 v 7:00 hodin. Pokud by bylo pot\u0159eba, je mo\u017en\u00e9 se domluvit na d\u0159\u00edv\u011bj\u0161\u00edm p\u0159\u00edchodu. Rodi\u010de budou vpu\u0161t\u011bni po zazvon\u011bn\u00ed na hlasov\u00fd zvonek, kter\u00fd je sou\u010d\u00e1st\u00ed vstupu.<\/p><h5 data-start=\"239\" data-end=\"496\"><strong data-start=\"239\" data-end=\"271\">P\u0159evl\u00e9k\u00e1n\u00ed a uskladn\u011bn\u00ed v\u011bc\u00ed<\/strong><\/h5><p data-start=\"239\" data-end=\"496\">Po p\u0159\u00edchodu rodi\u010de pomohou d\u011btem s p\u0159evl\u00e9k\u00e1n\u00edm do vhodn\u00e9ho oble\u010den\u00ed, p\u0159ezut\u00edm do p\u0159ez\u016fvek a ulo\u017een\u00edm jejich osobn\u00edch v\u011bc\u00ed na p\u0159id\u011blen\u00e9 m\u00edsto v \u0161atn\u011b. Ka\u017ed\u00e9 d\u00edt\u011b bude m\u00edt sv\u00e9 m\u00edsto pro ulo\u017een\u00ed v\u011bc\u00ed, kter\u00e9 je t\u0159eba dodr\u017eovat.<\/p><h5 data-start=\"500\" data-end=\"728\"><strong data-start=\"500\" data-end=\"518\">P\u0159ed\u00e1n\u00ed d\u00edt\u011bte<\/strong><\/h5><p data-start=\"500\" data-end=\"728\">Rodi\u010de mus\u00ed d\u00edt\u011b osobn\u011b p\u0159edat \u201etet\u011b\u201c (u\u010ditelce), aby byla zaji\u0161t\u011bna jeho spr\u00e1vn\u00e1 p\u00e9\u010de. D\u00edt\u011b nesm\u00ed z\u016fstat v \u0161atn\u011b samo bez upozorn\u011bn\u00ed \u201etety\u201c na tuto skute\u010dnost, tedy rodi\u010d mus\u00ed po\u010dkat, ne\u017e \u201eteta\u201c d\u00edt\u011b p\u0159ijme.<\/p><h5 data-start=\"732\" data-end=\"957\"><strong data-start=\"732\" data-end=\"767\">Hl\u00e1\u0161en\u00ed \u010dasu p\u0159\u00edchodu a odchodu<\/strong><\/h5><p data-start=\"732\" data-end=\"957\" data-is-last-node=\"\">Z organiza\u010dn\u00edch a kapacitn\u00edch d\u016fvod\u016f pros\u00edme rodi\u010de, aby n\u00e1m alespo\u0148 den p\u0159edem nahl\u00e1sili \u010das p\u0159\u00edchodu a odchodu d\u00edt\u011bte. T\u00edm zajist\u00edme plynul\u00fd chod a p\u0159izp\u016fsoben\u00ed p\u00e9\u010de pot\u0159eb\u00e1m v\u0161ech d\u011bt\u00ed.<\/p>\t\t\t\t\t\t\t\t<\/div>\n\t\t\t\t<\/div>\n\t\t\t\t\t<\/div>\n\t\t<\/div>\n\t\t\t\t\t<\/div>\n\t\t<\/section>\n\t\t\t\t<section class=\"elementor-section elementor-top-section elementor-element elementor-element-1045bf23 elementor-section-boxed elementor-section-height-default elementor-section-height-default\" data-id=\"1045bf23\" data-element_type=\"section\">\n\t\t\t\t\t\t<div class=\"elementor-container elementor-column-gap-default\">\n\t\t\t\t\t<div class=\"elementor-column elementor-col-100 elementor-top-column elementor-element elementor-element-52af9799\" data-id=\"52af9799\" data-element_type=\"column\">\n\t\t\t<div class=\"elementor-widget-wrap\">\n\t\t\t\t\t\t\t<\/div>\n\t\t<\/div>\n\t\t\t\t\t<\/div>\n\t\t<\/section>\n\t\t\t\t<\/div>\n\t\t","protected":false},"excerpt":{"rendered":"<p>Jak to u n\u00e1s funguje? P\u0159\u00edchod d\u00edt\u011bte Otev\u00edrac\u00ed doba DS Zdravotn\u00ed\u010dek se otev\u00edr\u00e1 v 7:00 hodin. Pokud by bylo pot\u0159eba, je mo\u017en\u00e9 se domluvit na d\u0159\u00edv\u011bj\u0161\u00edm p\u0159\u00edchodu. Rodi\u010de budou vpu\u0161t\u011bni [&hellip;]<\/p>\n","protected":false},"author":1,"featured_media":0,"parent":0,"menu_order":0,"comment_status":"closed","ping_status":"closed","template":"","meta":{"footnotes":""},"class_list":["post-35274","page","type-page","status-publish","hentry"],"_links":{"self":[{"href":"https:\/\/elisek.cz\/zdravotnicek\/wp-json\/wp\/v2\/pages\/35274","targetHints":{"allow":["GET"]}}],"collection":[{"href":"https:\/\/elisek.cz\/zdravotnicek\/wp-json\/wp\/v2\/pages"}],"about":[{"href":"https:\/\/elisek.cz\/zdravotnicek\/wp-json\/wp\/v2\/types\/page"}],"author":[{"embeddable":true,"href":"https:\/\/elisek.cz\/zdravotnicek\/wp-json\/wp\/v2\/users\/1"}],"replies":[{"embeddable":true,"href":"https:\/\/elisek.cz\/zdravotnicek\/wp-json\/wp\/v2\/comments?post=35274"}],"version-history":[{"count":0,"href":"https:\/\/elisek.cz\/zdravotnicek\/wp-json\/wp\/v2\/pages\/35274\/revisions"}],"wp:attachment":[{"href":"https:\/\/elisek.cz\/zdravotnicek\/wp-json\/wp\/v2\/media?parent=35274"}],"curies":[{"name":"wp","href":"https:\/\/api.w.org\/{rel}","templated":true}]}}