{"id":35212,"date":"2025-02-12T11:25:53","date_gmt":"2025-02-12T10:25:53","guid":{"rendered":"https:\/\/new.elisek.cz\/?page_id=35212"},"modified":"2025-04-11T07:56:33","modified_gmt":"2025-04-11T05:56:33","slug":"cenik-slany","status":"publish","type":"page","link":"https:\/\/elisek.cz\/zdravotnicek\/cenik-slany\/","title":{"rendered":"Cen\u00edk Slan\u00fd"},"content":{"rendered":"\t\t<div data-elementor-type=\"wp-page\" data-elementor-id=\"35212\" class=\"elementor elementor-35212\">\n\t\t\t\t\t\t<section class=\"elementor-section elementor-top-section elementor-element elementor-element-48ffa44e elementor-section-boxed elementor-section-height-default elementor-section-height-default\" data-id=\"48ffa44e\" data-element_type=\"section\">\n\t\t\t\t\t\t<div class=\"elementor-container elementor-column-gap-default\">\n\t\t\t\t\t<div class=\"elementor-column elementor-col-100 elementor-top-column elementor-element elementor-element-24701d64\" data-id=\"24701d64\" data-element_type=\"column\">\n\t\t\t<div class=\"elementor-widget-wrap elementor-element-populated\">\n\t\t\t\t\t\t<div class=\"elementor-element elementor-element-67d359ff lte-heading-align-tablet-center elementor-widget elementor-widget-lte-header\" data-id=\"67d359ff\" data-element_type=\"widget\" data-widget_type=\"lte-header.default\">\n\t\t\t\t<div class=\"elementor-widget-container\">\n\t\t\t\t\t<div class=\"lte-heading lte-style-header-subheader lte-subcolor-main has-subheader heading-tag-h2 heading-subtag-h6\"><div class=\"lte-heading-content\"><h6 class=\"lte-subheader\">Kolik stoj\u00ed na\u0161e slu\u017eby?<\/h6><h2 class=\"lte-header\">Cen\u00edk<\/h2><\/div><\/div>\t\t\t\t<\/div>\n\t\t\t\t<\/div>\n\t\t\t\t<div class=\"elementor-element elementor-element-24ffcb36 elementor-widget elementor-widget-text-editor\" data-id=\"24ffcb36\" data-element_type=\"widget\" data-widget_type=\"text-editor.default\">\n\t\t\t\t<div class=\"elementor-widget-container\">\n\t\t\t\t\t\t\t\t\t<p data-start=\"41\" data-end=\"127\">DS Zdravotn\u00ed\u010dek\u00a0je ur\u010den pro v\u0161echny d\u011bti ji\u017e od 12ti m\u011bs\u00edc\u016f do 6ti let. Rodi\u010dovsk\u00fd p\u0159\u00edsp\u011bvek V\u00e1m z\u016fst\u00e1v\u00e1 a nav\u00edc za ka\u017ed\u00e9 Va\u0161e d\u00edt\u011b nav\u0161t\u011bvuj\u00edc\u00ed DS Zdravotn\u00ed\u010dek\u00a0m\u016f\u017eete uplatnit dal\u0161\u00ed slevu na dan\u00edch.<\/p><h5 data-start=\"129\" data-end=\"363\"><strong data-start=\"129\" data-end=\"143\">P\u0159ihl\u00e1\u0161ky<\/strong><\/h5><p data-start=\"129\" data-end=\"363\">Nov\u00e9 p\u0159ihl\u00e1\u0161ky p\u0159ij\u00edm\u00e1me po cel\u00fd rok. Doporu\u010dujeme rodi\u010d\u016fm, aby si m\u00edsto ve \u0161koli\u010dce v\u010das nez\u00e1vazn\u011b rezervovali prost\u0159ednictv\u00edm na\u0161\u00ed e-p\u0159ihl\u00e1\u0161ky, kterou m\u016f\u017eete vyplnit online na na\u0161ich str\u00e1nk\u00e1ch v sekci P\u0159ihl\u00e1\u0161ka.<\/p><h5 data-start=\"129\" data-end=\"363\"><strong data-start=\"129\" data-end=\"143\">Cen\u00edk<\/strong><\/h5><p data-start=\"129\" data-end=\"363\">P\u0159ij\u00edm\u00e1me p\u0159ihl\u00e1\u0161ky a\u017e do napln\u011bn\u00ed kapacity!<\/p><table><tbody><tr><td><h6 style=\"text-align: center;\">Cena \u0161kolkovn\u00e9ho je 2150,- na m\u011bs\u00edc bez ohledu na rozsah doch\u00e1zky*.<\/h6><h6 style=\"text-align: center;\">+ 115K\u010d stravn\u00e9 na den<\/h6><\/td><\/tr><\/tbody><\/table><div>\u00a0<\/div><div>(*Variantu doch\u00e1zky 1x t\u00fddn\u011b nenab\u00edz\u00edme, doch\u00e1zkov\u00fd re\u017eim je mo\u017en\u00fd pouze od rozsahu 2 a v\u00edcekr\u00e1t t\u00fddn\u011b v pl\u00e1novan\u00e9m rozsahu min. 5hod\/den).<\/div><div>\u00a0<\/div><p><em>Ka\u017ed\u00e9mu vych\u00e1z\u00edme vst\u0159\u00edc! Pokud je Va\u0161e pracovn\u00ed doba nepravideln\u00e1 a nev\u00edte si rady, nevad\u00ed, vymysl\u00edme \u0159e\u0161en\u00ed dle Va\u0161ich po\u017eadavk\u016f a budeme po\u010d\u00edtat pouze odchozen\u00e9 dny.<\/em><br \/><i>Extra p\u0159\u00edchod\/odchod d\u00edt\u011bte mimo provozn\u00ed dobu DS, lze po domluv\u011b rezervovat (150K\u010d za zapo\u010datou hodinu).<\/i><br \/><em>Platebn\u00ed podm\u00ednky jsou uvedeny v sekci Organiza\u010dn\u00ed pravidla.<\/em><\/p>\t\t\t\t\t\t\t\t<\/div>\n\t\t\t\t<\/div>\n\t\t\t\t\t<\/div>\n\t\t<\/div>\n\t\t\t\t\t<\/div>\n\t\t<\/section>\n\t\t\t\t<section class=\"elementor-section elementor-top-section elementor-element elementor-element-4ca02037 elementor-section-boxed elementor-section-height-default elementor-section-height-default\" data-id=\"4ca02037\" data-element_type=\"section\">\n\t\t\t\t\t\t<div class=\"elementor-container elementor-column-gap-default\">\n\t\t\t\t\t<div class=\"elementor-column elementor-col-100 elementor-top-column elementor-element elementor-element-e808745\" data-id=\"e808745\" data-element_type=\"column\">\n\t\t\t<div class=\"elementor-widget-wrap\">\n\t\t\t\t\t\t\t<\/div>\n\t\t<\/div>\n\t\t\t\t\t<\/div>\n\t\t<\/section>\n\t\t\t\t<\/div>\n\t\t","protected":false},"excerpt":{"rendered":"<p>Kolik stoj\u00ed na\u0161e slu\u017eby? Cen\u00edk DS Zdravotn\u00ed\u010dek\u00a0je ur\u010den pro v\u0161echny d\u011bti ji\u017e od 12ti m\u011bs\u00edc\u016f do 6ti let. Rodi\u010dovsk\u00fd p\u0159\u00edsp\u011bvek V\u00e1m z\u016fst\u00e1v\u00e1 a nav\u00edc za ka\u017ed\u00e9 Va\u0161e d\u00edt\u011b nav\u0161t\u011bvuj\u00edc\u00ed DS [&hellip;]<\/p>\n","protected":false},"author":1,"featured_media":0,"parent":0,"menu_order":0,"comment_status":"closed","ping_status":"closed","template":"","meta":{"footnotes":""},"class_list":["post-35212","page","type-page","status-publish","hentry"],"_links":{"self":[{"href":"https:\/\/elisek.cz\/zdravotnicek\/wp-json\/wp\/v2\/pages\/35212","targetHints":{"allow":["GET"]}}],"collection":[{"href":"https:\/\/elisek.cz\/zdravotnicek\/wp-json\/wp\/v2\/pages"}],"about":[{"href":"https:\/\/elisek.cz\/zdravotnicek\/wp-json\/wp\/v2\/types\/page"}],"author":[{"embeddable":true,"href":"https:\/\/elisek.cz\/zdravotnicek\/wp-json\/wp\/v2\/users\/1"}],"replies":[{"embeddable":true,"href":"https:\/\/elisek.cz\/zdravotnicek\/wp-json\/wp\/v2\/comments?post=35212"}],"version-history":[{"count":0,"href":"https:\/\/elisek.cz\/zdravotnicek\/wp-json\/wp\/v2\/pages\/35212\/revisions"}],"wp:attachment":[{"href":"https:\/\/elisek.cz\/zdravotnicek\/wp-json\/wp\/v2\/media?parent=35212"}],"curies":[{"name":"wp","href":"https:\/\/api.w.org\/{rel}","templated":true}]}}