{"id":35101,"date":"2025-02-12T10:13:08","date_gmt":"2025-02-12T09:13:08","guid":{"rendered":"https:\/\/new.elisek.cz\/?page_id=35099"},"modified":"2025-02-12T10:13:08","modified_gmt":"2025-02-12T09:13:08","slug":"plan-vychovy","status":"publish","type":"page","link":"https:\/\/elisek.cz\/zdravotnicek\/plan-vychovy\/","title":{"rendered":"Pl\u00e1n v\u00fdchovy"},"content":{"rendered":"\t\t<div data-elementor-type=\"wp-page\" data-elementor-id=\"35101\" class=\"elementor elementor-35101\">\n\t\t\t\t\t\t<section class=\"elementor-section elementor-top-section elementor-element elementor-element-27565057 elementor-section-boxed elementor-section-height-default elementor-section-height-default\" data-id=\"27565057\" data-element_type=\"section\">\n\t\t\t\t\t\t<div class=\"elementor-container elementor-column-gap-default\">\n\t\t\t\t\t<div class=\"elementor-column elementor-col-100 elementor-top-column elementor-element elementor-element-28a18294\" data-id=\"28a18294\" data-element_type=\"column\">\n\t\t\t<div class=\"elementor-widget-wrap elementor-element-populated\">\n\t\t\t\t\t\t<div class=\"elementor-element elementor-element-1c249d4 lte-heading-align-tablet-center elementor-widget elementor-widget-lte-header\" data-id=\"1c249d4\" data-element_type=\"widget\" data-widget_type=\"lte-header.default\">\n\t\t\t\t<div class=\"elementor-widget-container\">\n\t\t\t\t\t<div class=\"lte-heading lte-style-header-subheader lte-subcolor-main has-subheader heading-tag-h2 heading-subtag-h6\"><div class=\"lte-heading-content\"><h6 class=\"lte-subheader\">Jak vypadaj\u00ed jednotliv\u00e9 m\u011bs\u00edce?<\/h6><h2 class=\"lte-header\">Pl\u00e1n v\u00fdchovy<\/h2><\/div><\/div>\t\t\t\t<\/div>\n\t\t\t\t<\/div>\n\t\t\t\t<div class=\"elementor-element elementor-element-526e5892 elementor-widget elementor-widget-text-editor\" data-id=\"526e5892\" data-element_type=\"widget\" data-widget_type=\"text-editor.default\">\n\t\t\t\t<div class=\"elementor-widget-container\">\n\t\t\t\t\t\t\t\t\t<p data-pm-slice=\"1 1 []\">Pl\u00e1n v\u00fdchovy DS El\u00ed\u0161ek se zam\u011b\u0159uje na v\u00fdchovu, p\u00e9\u010di a rozvoj schopnost\u00ed, kulturn\u00edch a hygienick\u00fdch n\u00e1vyk\u016f d\u00edt\u011bte, p\u0159i\u010dem\u017e klade d\u016fraz na formov\u00e1n\u00ed osobnosti d\u00edt\u011bte a jeho fyzick\u00fd i psychick\u00fd v\u00fdvoj.<\/p><h5>Prvn\u00ed kvart\u00e1l (leden \u2013 duben)<\/h5><table width=\"797\"><tbody><tr><td width=\"64\"><strong>Leden<\/strong><\/td><td width=\"64\"><strong>\u00danor<\/strong><\/td><td width=\"64\"><strong>B\u0159ezen<\/strong><\/td><td width=\"64\"><strong>Duben<\/strong><\/td><\/tr><tr><td width=\"64\">Zas je zima a n\u00e1s l\u00e1k\u00e1, postavit si sn\u011bhul\u00e1ka. Chlap\u00edk je to mrazem ztuhl\u00fd, m\u00edsto o\u010d\u00ed m\u00edv\u00e1 uhl\u00ed.<\/td><td width=\"64\">Druh\u00fd m\u011bs\u00edc \u00fanor kr\u00e1tk\u00fd, pou\u0161t\u00ed zimu sv\u00fdmi vr\u00e1tky. Moje mil\u00e1, u\u017e je \u010das, jaro p\u0159ijde mezi n\u00e1s.<\/td><td width=\"64\">Kdy\u017e se b\u0159ezen vyda\u0159\u00ed, je to kr\u00e1sn\u00e9 p\u0159edja\u0159\u00ed. Kdy\u017e se projde\u0161 trochu venku, hned naraz\u00ed\u0161 na sn\u011b\u017eenku.<\/td><td width=\"64\">Duben si r\u00e1d zaskota\u010d\u00ed, hned se sm\u011bje, hned zas mra\u010d\u00ed. Co p\u0159in\u00e1\u0161\u00ed za dary? Poml\u00e1zku a ma\u0161kary.<\/td><\/tr><tr><td width=\"64\">Rekapitulace sv\u00e1tk\u016f v\u00e1no\u010dn\u00edch a oslav Nov\u00e9ho roku.Star\u00e1me se o zv\u00ed\u0159\u00e1tka, kter\u00e1 v zim\u011b nemaj\u00ed dostatek potravy.<br \/>Vyr\u00e1b\u00edme krm\u00edtka pro pt\u00e1\u010dky z p\u0159\u00edrodn\u00edch a alternativn\u00edch materi\u00e1l\u016f<p>Tradice: V\u00edt\u00e1me t\u0159i kr\u00e1le<\/p><\/td><td width=\"64\">Hry na sn\u011bhu a rozvoj pohybov\u00fdch dovednost\u00ed \u2013 bobov\u00e1n\u00ed, koulova\u010dky, dov\u00e1d\u011bn\u00ed ve sn\u011bhu.\u010carovn\u00fd k\u0159i\u0161\u0165\u00e1lov\u00fd prov\u00e1zek \u2013 pokus se sol\u00ed (tvorba soln\u00fdch krystal\u016f).<br \/>Tvo\u0159\u00edme a stav\u00edme sn\u011bhul\u00e1ky \u2013 ze sn\u011bhu i z model\u00edny.<p>Tradice: Masopustn\u00ed rej a \u010darov\u00e1n\u00ed (vyr\u00e1b\u011bn\u00ed masopustn\u00edch masek, od\u011bv\u016f a ozdob)<\/p><\/td><td width=\"64\">V\u016fn\u011b jara: pozorujeme prom\u011bny p\u0159\u00edrody.Tvorba rostlin a kv\u011bt\u016f z odpadov\u00fdch a alternativn\u00edch materi\u00e1l\u016f.<br \/>S\u00e1z\u00edme kv\u011btiny r\u016fzn\u00fdch druh\u016f.<p>Tradice: Vyn\u00e1\u0161en\u00ed Morany (lou\u010d\u00edme se se zimou a zdob\u00edme Moranu)<\/p><\/td><td width=\"64\">Pozn\u00e1v\u00e1me z\u00e1kladn\u00ed barvy.Malujeme na t\u00e9ma: rozkvetl\u00e1 louka \u2013 rozp\u00edjen\u00ed a m\u00edch\u00e1n\u00ed barev.<br \/>V\u00fdlet do soln\u00e9 jeskyn\u011b.<p>Tradice: Velikonoce (barven\u00ed vaj\u00ed\u010dek r\u016fzn\u00fdmi technikami, pleten\u00ed poml\u00e1zky, \u0159\u00edkanky)<\/p><\/td><\/tr><\/tbody><\/table><h5>Druh\u00fd kvart\u00e1l (kv\u011bten \u2013 srpen)<\/h5><table width=\"256\"><tbody><tr><td width=\"64\"><strong>Kv\u011bten<\/strong><\/td><td width=\"64\"><strong>\u010cerven<\/strong><\/td><td width=\"64\"><strong>\u010cervenec<\/strong><\/td><td width=\"64\"><strong>Srpen<\/strong><\/td><\/tr><tr><td width=\"64\">Kv\u011bten je z t\u00e9 kr\u00e1sn\u00e9 doby, kdy se stromy kv\u011btem zdob\u00ed. Kdo si v\u00edce pop\u00edl\u00ed? V\u010delky, nebo mot\u00fdli?<\/td><td width=\"64\">V \u010dervnu u\u017e se \u010derven\u00e1 ka\u017ed\u00e1 druh\u00e1 jahoda. I t\u0159e\u0161n\u011b se \u010dervenaj\u00ed, \u0161pa\u010dci z toho radost maj\u00ed.<\/td><td width=\"64\">Je \u010dervenec, ten \u010das pr\u00e1zdnin zral\u00fdch jahod, ostru\u017ein a malin, voda ta ke koup\u00e1n\u00ed sv\u00e1d\u00ed to se pak kr\u00e1sn\u011b dov\u00e1d\u00ed.<\/td><td width=\"64\">Srpen, to je duk\u00e1t zlat\u00fd, zlat\u00e9 obl\u00e9k\u00e1 si \u0161aty, kudy chod\u00ed, zlat\u00e1 \u0159eka rozlije se do daleka.<\/td><\/tr><tr><td width=\"64\">Den matek aneb srdce pro maminku \u2013 malujeme a tvo\u0159\u00edme z alternativn\u00edch materi\u00e1l\u016f.<br \/>Aktivn\u011b se pod\u00edl\u00edme na \u010distot\u011b parku, kam si chod\u00edme hr\u00e1t.<br \/>Star\u00e1me se o kv\u011btinky na z\u00e1honku<p>Tradice: M\u00e1jov\u00e1n\u00ed (stav\u011bn\u00ed m\u00e1jky a pochod s rodi\u010di)<\/p><\/td><td width=\"64\">U\u010d\u00edme se respektu k p\u0159\u00edrod\u011b, ke v\u0161em \u017eiv\u00fdm i ne\u017eiv\u00fdm v\u011bcem se chov\u00e1me s \u00factou.<br \/>Pozn\u00e1v\u00e1me sv\u011bt na\u0161imi smysly.<br \/>V\u00fdlet za zv\u00ed\u0159\u00e1tky na eko- farmu.<p>Tradice: Den d\u011bt\u00ed (den pln\u00fd her, sout\u011b\u017e\u00ed a dobrodru\u017estv\u00ed)<\/p><\/td><td width=\"64\">Pozn\u00e1v\u00e1n\u00ed ciz\u00edch zem\u00ed a pr\u00e1zdniny letem sv\u011btem.<br \/>Pozn\u00e1v\u00e1me exotick\u00e1 zv\u00ed\u0159ata.<br \/>V\u00fdlet do zoo a exotick\u00e1 zv\u00ed\u0159ata z bl\u00edzka<p>Tradice: Indi\u00e1nsk\u00e9 l\u00e9to (stavba t\u00fdp\u00ed, t\u00e1bor\u00e1k a op\u00e9k\u00e1n\u00ed)<\/p><\/td><td width=\"64\">U\u010d\u00edme se na kole a dal\u0161\u00ed letn\u00ed sporty.<br \/>V\u00fdlet na koupali\u0161t\u011b a z\u00e1klady plav\u00e1n\u00ed.<br \/>Dopravn\u00ed v\u00fdchova aneb d\u00e1v\u00e1m pozor, kdy\u017e p\u0159ech\u00e1z\u00edm p\u0159es ulici.<p>Tradice: Indi\u00e1nsk\u00e9 l\u00e9to (stezka pln\u00e1 dobrodru\u017estv\u00ed)<\/p><\/td><\/tr><\/tbody><\/table><h5>T\u0159et\u00ed kvart\u00e1l (z\u00e1\u0159\u00ed \u2013 prosinec)<\/h5><table width=\"256\"><tbody><tr><td width=\"64\"><strong>Z\u00e1\u0159\u00ed<\/strong><\/td><td width=\"64\"><strong>\u0158\u00edjen<\/strong><\/td><td width=\"64\"><strong>Listopad<\/strong><\/td><td width=\"64\"><strong>Prosinec<\/strong><\/td><\/tr><tr><td width=\"64\">Tak, a u\u017e je zase z\u00e1\u0159\u00ed, slunce je\u0161t\u011b po\u0159\u00e1d z\u00e1\u0159\u00ed. Na podzim to nevypad\u00e1, i kdy\u017e ob\u010das list\u00ed pad\u00e1.<\/td><td width=\"64\">M\u011bs\u00edc \u0159\u00edjen u\u017e je tady, m\u00edch\u00e1 barvy dohromady. P\u0159ebarvuje strom\u016fm listy zelenou nech\u00e1 jen m\u00edsty. \u010cerven\u00e1 a \u017elut\u00e1 s hn\u011bdou v t\u00e9 podzimn\u00ed m\u00f3d\u011b vedou.<\/td><td width=\"64\">Listopad, listopad zlat\u00fd l\u00edstek na zem spad. Zlat\u00fd l\u00edstek z javora, zima u\u017e jde do dvora.<\/td><td width=\"64\">Za oknem se vlo\u010dky hon\u00ed, zvonky v d\u00e1lce ti\u0161e zvon\u00ed a strome\u010dky v cel\u00e9 zemi sladce von\u00ed V\u00e1nocemi.<\/td><\/tr><tr><td width=\"64\">Vypr\u00e1v\u00edme si z\u00e1\u017eitky z pr\u00e1zdnin.<br \/>Dr\u00e1\u010dek Mr\u00e1\u010dek: v\u00fdroba l\u00e9taj\u00edc\u00edch dr\u00e1\u010dk\u016f z recyklovan\u00e9ho pap\u00edru.<br \/>Pozn\u00e1v\u00e1me nov\u00e9 kamar\u00e1dy (z\u00e1pis d\u011bt\u00ed).<p><br \/>Tradice: Draki\u00e1da (stav\u011bn\u00ed a pou\u0161t\u011bn\u00ed drak\u016f)<\/p><\/td><td width=\"64\">Barevn\u00e9 sk\u0159\u00edtkovo obydl\u00ed \u2013 stav\u00edme dome\u010dky pro sk\u0159\u00edtky Podzimn\u00ed\u010dky.<br \/>T\u011blo d\u011bl\u00e1 z\u00e1zraky aneb co dovede na\u0161e t\u011blo.<br \/>Posilov\u00e1n\u00ed osobn\u00edho zdrav\u00ed \u2013 zdrav\u00e1 v\u00fd\u017eiva, zdrav\u00fd pohyb.<p><br \/>Tradice: D\u00fd\u0148ov\u00e1n\u00ed (tvorba dekorace z mal\u00fdch d\u00fdn\u00ed)<\/p><\/td><td width=\"64\">Listo-no\u017eka- vyu\u017e\u00edv\u00e1me p\u0159\u00edrodn\u00ed materi\u00e1l k rozv\u00edjen\u00ed d\u011btsk\u00e9 fantazie.<br \/>Lou\u010d\u00edme se s podzimem \u2013 vyr\u00e1b\u00edme lampiony.<p><br \/>Tradice: Lampionov\u00e1 noc (vyr\u00e1b\u011bn\u00ed lampion\u016f, lampionov\u00fd pochod a vypou\u0161t\u011bn\u00ed lampion\u016f)<\/p><\/td><td width=\"64\">V\u00fdroba d\u00e1re\u010dk\u016f pro na\u0161e nejbli\u017e\u0161\u00ed.<br \/>Loutkov\u00e9 divadlo \u2013 p\u0159\u00edb\u011bh o narozen\u00ed Je\u017e\u00ed\u0161ka.<br \/>Vesel\u00e9 V\u00e1noce zv\u00ed\u0159\u00e1tk\u016fm \u2013 zdoben\u00ed strome\u010dku pochutinami pro pt\u00e1ky a divou zv\u011b\u0159.<p><br \/>Tradice: Sko\u0159\u00e1pkov\u00e9 lodi\u010dky, Mikul\u00e1\u0161, v\u00e1no\u010dn\u00ed bes\u00eddka, lit\u00ed vosku<\/p><\/td><\/tr><\/tbody><\/table>\t\t\t\t\t\t\t\t<\/div>\n\t\t\t\t<\/div>\n\t\t\t\t\t<\/div>\n\t\t<\/div>\n\t\t\t\t\t<\/div>\n\t\t<\/section>\n\t\t\t\t<section class=\"elementor-section elementor-top-section elementor-element elementor-element-7c8dce6a elementor-section-boxed elementor-section-height-default elementor-section-height-default\" data-id=\"7c8dce6a\" data-element_type=\"section\">\n\t\t\t\t\t\t<div class=\"elementor-container elementor-column-gap-default\">\n\t\t\t\t\t<div class=\"elementor-column elementor-col-100 elementor-top-column elementor-element elementor-element-3c6cdac0\" data-id=\"3c6cdac0\" data-element_type=\"column\">\n\t\t\t<div class=\"elementor-widget-wrap\">\n\t\t\t\t\t\t\t<\/div>\n\t\t<\/div>\n\t\t\t\t\t<\/div>\n\t\t<\/section>\n\t\t\t\t<\/div>\n\t\t","protected":false},"excerpt":{"rendered":"<p>Jak vypadaj\u00ed jednotliv\u00e9 m\u011bs\u00edce? Pl\u00e1n v\u00fdchovy Pl\u00e1n v\u00fdchovy DS El\u00ed\u0161ek se zam\u011b\u0159uje na v\u00fdchovu, p\u00e9\u010di a rozvoj schopnost\u00ed, kulturn\u00edch a hygienick\u00fdch n\u00e1vyk\u016f d\u00edt\u011bte, p\u0159i\u010dem\u017e klade d\u016fraz na formov\u00e1n\u00ed osobnosti d\u00edt\u011bte [&hellip;]<\/p>\n","protected":false},"author":1,"featured_media":0,"parent":0,"menu_order":0,"comment_status":"closed","ping_status":"closed","template":"","meta":{"footnotes":""},"class_list":["post-35101","page","type-page","status-publish","hentry"],"_links":{"self":[{"href":"https:\/\/elisek.cz\/zdravotnicek\/wp-json\/wp\/v2\/pages\/35101","targetHints":{"allow":["GET"]}}],"collection":[{"href":"https:\/\/elisek.cz\/zdravotnicek\/wp-json\/wp\/v2\/pages"}],"about":[{"href":"https:\/\/elisek.cz\/zdravotnicek\/wp-json\/wp\/v2\/types\/page"}],"author":[{"embeddable":true,"href":"https:\/\/elisek.cz\/zdravotnicek\/wp-json\/wp\/v2\/users\/1"}],"replies":[{"embeddable":true,"href":"https:\/\/elisek.cz\/zdravotnicek\/wp-json\/wp\/v2\/comments?post=35101"}],"version-history":[{"count":0,"href":"https:\/\/elisek.cz\/zdravotnicek\/wp-json\/wp\/v2\/pages\/35101\/revisions"}],"wp:attachment":[{"href":"https:\/\/elisek.cz\/zdravotnicek\/wp-json\/wp\/v2\/media?parent=35101"}],"curies":[{"name":"wp","href":"https:\/\/api.w.org\/{rel}","templated":true}]}}