{"id":35099,"date":"2025-02-12T10:13:02","date_gmt":"2025-02-12T09:13:02","guid":{"rendered":"https:\/\/new.elisek.cz\/?page_id=35098"},"modified":"2025-03-04T16:32:41","modified_gmt":"2025-03-04T15:32:41","slug":"harmonogram-roku","status":"publish","type":"page","link":"https:\/\/elisek.cz\/zdravotnicek\/harmonogram-roku\/","title":{"rendered":"Harmonogram roku"},"content":{"rendered":"\t\t<div data-elementor-type=\"wp-page\" data-elementor-id=\"35099\" class=\"elementor elementor-35099\">\n\t\t\t\t\t\t<section class=\"elementor-section elementor-top-section elementor-element elementor-element-771821e8 elementor-section-boxed elementor-section-height-default elementor-section-height-default\" data-id=\"771821e8\" data-element_type=\"section\">\n\t\t\t\t\t\t<div class=\"elementor-container elementor-column-gap-default\">\n\t\t\t\t\t<div class=\"elementor-column elementor-col-100 elementor-top-column elementor-element elementor-element-17f436c1\" data-id=\"17f436c1\" data-element_type=\"column\">\n\t\t\t<div class=\"elementor-widget-wrap elementor-element-populated\">\n\t\t\t\t\t\t<div class=\"elementor-element elementor-element-3444ea3d lte-heading-align-tablet-center elementor-widget elementor-widget-lte-header\" data-id=\"3444ea3d\" data-element_type=\"widget\" data-widget_type=\"lte-header.default\">\n\t\t\t\t<div class=\"elementor-widget-container\">\n\t\t\t\t\t<div class=\"lte-heading lte-style-header-subheader lte-subcolor-main has-subheader heading-tag-h2 heading-subtag-h6\"><div class=\"lte-heading-content\"><h6 class=\"lte-subheader\">Co se kdy d\u011bje?<\/h6><h2 class=\"lte-header\">Harmonogram roku<\/h2><\/div><\/div>\t\t\t\t<\/div>\n\t\t\t\t<\/div>\n\t\t\t\t<div class=\"elementor-element elementor-element-2713e26b elementor-widget elementor-widget-text-editor\" data-id=\"2713e26b\" data-element_type=\"widget\" data-widget_type=\"text-editor.default\">\n\t\t\t\t<div class=\"elementor-widget-container\">\n\t\t\t\t\t\t\t\t\t<p data-start=\"0\" data-end=\"81\">P\u0159ihl\u00e1\u0161ky do DS Zdravotn\u00ed\u010dek p\u0159ij\u00edm\u00e1me pr\u016fb\u011b\u017en\u011b po cel\u00fd rok do napln\u011bn\u00ed kapacity!<br \/>Na na\u0161ich akc\u00edch r\u00e1di p\u0159iv\u00edt\u00e1me i ostatn\u00ed d\u011bti s rodi\u010di, kter\u00e9 pravideln\u011b nenav\u0161t\u011bvuj\u00ed DS Zdravotn\u00ed\u010dek!<\/p><table><tbody><tr><td width=\"86\"><strong>Datum<\/strong><\/td><td width=\"63\"><strong>Den<\/strong><\/td><td width=\"46\"><strong>\u010cas<\/strong><\/td><td width=\"376\"><strong>Popis<\/strong><\/td><\/tr><tr><td width=\"86\">z\u00e1\u0159\u00ed 2025<\/td><td width=\"63\">up\u0159esn\u00edme, dle FB<\/td><td width=\"46\">10:00<\/td><td width=\"376\">Draki\u00e1da (start v 9.30 od na\u0161\u00ed \u0161koli\u010dky)<\/td><\/tr><tr><td width=\"86\">\u0159\u00edjen 2025<\/td><td width=\"63\">up\u0159esn\u00edme<\/td><td width=\"46\">cel\u00fd den<\/td><td width=\"376\">D\u00fd\u0148ov\u00e1n\u00ed (vyr\u00e1b\u00edme z d\u00fdn\u00ed, fantazii se meze nekladou)<\/td><\/tr><tr><td width=\"86\">listopad 2025<\/td><td width=\"63\">up\u0159esn\u00edme<\/td><td width=\"46\">17:00<\/td><td width=\"376\">Lampionov\u00e1 Noc (podzimn\u00ed pochod a vypou\u0161t\u011bn\u00ed lampion\u016f \u0161t\u011bst\u00ed)<\/td><\/tr><tr><td width=\"86\">prosinec 2025<\/td><td width=\"63\">up\u0159esn\u00edme<\/td><td width=\"46\">10:00<\/td><td width=\"376\">Mikul\u00e1\u0161sk\u00e1 nad\u00edlka<\/td><\/tr><tr><td width=\"86\">prosinec 2025<\/td><td width=\"63\">up\u0159esn\u00edme<\/td><td width=\"46\">9:00<\/td><td width=\"376\">V\u00e1no\u010dn\u00ed bes\u00eddka<\/td><\/tr><tr><td width=\"86\">leden 2026<\/td><td width=\"63\">up\u0159esn\u00edme<\/td><td width=\"46\">cel\u00fd den<\/td><td width=\"376\">T\u0159i kr\u00e1lov\u00e9<\/td><\/tr><tr><td width=\"86\">b\u0159ezen 2026<\/td><td width=\"63\">\u00a0up\u0159esn\u00edme<\/td><td width=\"46\">14:30<\/td><td width=\"376\">Vyn\u00e1\u0161en\u00ed Morany (v\u00edt\u00e1n\u00ed jara)<\/td><\/tr><tr><td width=\"86\">duben 2026<\/td><td width=\"63\">\u00a0up\u0159esn\u00edme<\/td><td width=\"46\">cel\u00fd den<\/td><td width=\"376\">P\u00e1len\u00ed \u010darod\u011bjnic<\/td><\/tr><tr><td width=\"86\">\u010derven 2026<\/td><td width=\"63\">\u00a0up\u0159esn\u00edme<\/td><td width=\"46\">cel\u00fd den<\/td><td width=\"376\">Olympi\u00e1da (sportovn\u00ed aktivity pro nejmen\u0161\u00ed)<\/td><\/tr><\/tbody><\/table><p><em><br \/>Program jednotliv\u00fdch akc\u00ed bude podrobn\u011b rozeps\u00e1n v sekci<\/em> <em>N\u00e1st\u011bnka.<br \/><\/em><em>DS Zdravotn\u00ed\u010dek si vyhrazuje pr\u00e1vo na zm\u011bny v\u00a0programu.<\/em><\/p>\t\t\t\t\t\t\t\t<\/div>\n\t\t\t\t<\/div>\n\t\t\t\t\t<\/div>\n\t\t<\/div>\n\t\t\t\t\t<\/div>\n\t\t<\/section>\n\t\t\t\t<section class=\"elementor-section elementor-top-section elementor-element elementor-element-ec9a977 elementor-section-boxed elementor-section-height-default elementor-section-height-default\" data-id=\"ec9a977\" data-element_type=\"section\">\n\t\t\t\t\t\t<div class=\"elementor-container elementor-column-gap-default\">\n\t\t\t\t\t<div class=\"elementor-column elementor-col-100 elementor-top-column elementor-element elementor-element-54ebeb6c\" data-id=\"54ebeb6c\" data-element_type=\"column\">\n\t\t\t<div class=\"elementor-widget-wrap\">\n\t\t\t\t\t\t\t<\/div>\n\t\t<\/div>\n\t\t\t\t\t<\/div>\n\t\t<\/section>\n\t\t\t\t<\/div>\n\t\t","protected":false},"excerpt":{"rendered":"<p>Co se kdy d\u011bje? Harmonogram roku P\u0159ihl\u00e1\u0161ky do DS Zdravotn\u00ed\u010dek p\u0159ij\u00edm\u00e1me pr\u016fb\u011b\u017en\u011b po cel\u00fd rok do napln\u011bn\u00ed kapacity!Na na\u0161ich akc\u00edch r\u00e1di p\u0159iv\u00edt\u00e1me i ostatn\u00ed d\u011bti s rodi\u010di, kter\u00e9 pravideln\u011b nenav\u0161t\u011bvuj\u00ed [&hellip;]<\/p>\n","protected":false},"author":1,"featured_media":0,"parent":0,"menu_order":0,"comment_status":"closed","ping_status":"closed","template":"","meta":{"footnotes":""},"class_list":["post-35099","page","type-page","status-publish","hentry"],"_links":{"self":[{"href":"https:\/\/elisek.cz\/zdravotnicek\/wp-json\/wp\/v2\/pages\/35099","targetHints":{"allow":["GET"]}}],"collection":[{"href":"https:\/\/elisek.cz\/zdravotnicek\/wp-json\/wp\/v2\/pages"}],"about":[{"href":"https:\/\/elisek.cz\/zdravotnicek\/wp-json\/wp\/v2\/types\/page"}],"author":[{"embeddable":true,"href":"https:\/\/elisek.cz\/zdravotnicek\/wp-json\/wp\/v2\/users\/1"}],"replies":[{"embeddable":true,"href":"https:\/\/elisek.cz\/zdravotnicek\/wp-json\/wp\/v2\/comments?post=35099"}],"version-history":[{"count":0,"href":"https:\/\/elisek.cz\/zdravotnicek\/wp-json\/wp\/v2\/pages\/35099\/revisions"}],"wp:attachment":[{"href":"https:\/\/elisek.cz\/zdravotnicek\/wp-json\/wp\/v2\/media?parent=35099"}],"curies":[{"name":"wp","href":"https:\/\/api.w.org\/{rel}","templated":true}]}}