{"id":35097,"date":"2025-02-12T10:12:55","date_gmt":"2025-02-12T09:12:55","guid":{"rendered":"https:\/\/new.elisek.cz\/?page_id=35097"},"modified":"2025-03-04T16:20:20","modified_gmt":"2025-03-04T15:20:20","slug":"denni-program","status":"publish","type":"page","link":"https:\/\/elisek.cz\/zdravotnicek\/denni-program\/","title":{"rendered":"Denn\u00ed program"},"content":{"rendered":"\t\t<div data-elementor-type=\"wp-page\" data-elementor-id=\"35097\" class=\"elementor elementor-35097\">\n\t\t\t\t\t\t<section class=\"elementor-section elementor-top-section elementor-element elementor-element-117bd75f elementor-section-boxed elementor-section-height-default elementor-section-height-default\" data-id=\"117bd75f\" data-element_type=\"section\" data-settings=\"{&quot;background_background&quot;:&quot;classic&quot;}\">\n\t\t\t\t\t\t<div class=\"elementor-container elementor-column-gap-default\">\n\t\t\t\t\t<div class=\"elementor-column elementor-col-100 elementor-top-column elementor-element elementor-element-6721a104\" data-id=\"6721a104\" data-element_type=\"column\">\n\t\t\t<div class=\"elementor-widget-wrap elementor-element-populated\">\n\t\t\t\t\t\t<div class=\"elementor-element elementor-element-4572b668 lte-heading-align-left elementor-widget elementor-widget-lte-header\" data-id=\"4572b668\" data-element_type=\"widget\" data-widget_type=\"lte-header.default\">\n\t\t\t\t<div class=\"elementor-widget-container\">\n\t\t\t\t\t<div class=\"lte-heading lte-style-header-subheader lte-subcolor-main has-subheader heading-tag-h2 heading-subtag-h6\"><div class=\"lte-heading-content\"><h6 class=\"lte-subheader\">JAK\u00dd JE N\u00c1\u0160 ROZVRH?<\/h6><h2 class=\"lte-header\">Denn\u00ed program<\/h2><\/div><\/div>\t\t\t\t<\/div>\n\t\t\t\t<\/div>\n\t\t\t\t<section class=\"elementor-section elementor-inner-section elementor-element elementor-element-18d5a536 elementor-section-boxed elementor-section-height-default elementor-section-height-default elementor-invisible\" data-id=\"18d5a536\" data-element_type=\"section\" data-settings=\"{&quot;animation&quot;:&quot;fadeInLeft&quot;}\">\n\t\t\t\t\t\t<div class=\"elementor-container elementor-column-gap-default\">\n\t\t\t\t\t<div class=\"elementor-column elementor-col-50 elementor-inner-column elementor-element elementor-element-6dc75f\" data-id=\"6dc75f\" data-element_type=\"column\">\n\t\t\t<div class=\"elementor-widget-wrap elementor-element-populated\">\n\t\t\t\t\t\t<div class=\"elementor-element elementor-element-7914d84d elementor-widget__width-auto elementor-hidden-mobile_extra elementor-hidden-mobile elementor-widget elementor-widget-image\" data-id=\"7914d84d\" data-element_type=\"widget\" data-widget_type=\"image.default\">\n\t\t\t\t<div class=\"elementor-widget-container\">\n\t\t\t\t\t\t\t\t\t\t\t\t\t\t\t<img decoding=\"async\" src=\"https:\/\/new.elisek.cz\/wp-content\/uploads\/2025\/02\/piktogramy-24.png\" title=\"\" alt=\"\" loading=\"lazy\" \/>\t\t\t\t\t\t\t\t\t\t\t\t\t\t\t<\/div>\n\t\t\t\t<\/div>\n\t\t\t\t<div class=\"elementor-element elementor-element-391c9937 elementor-widget elementor-widget-spacer\" data-id=\"391c9937\" data-element_type=\"widget\" data-widget_type=\"spacer.default\">\n\t\t\t\t<div class=\"elementor-widget-container\">\n\t\t\t\t\t\t\t<div class=\"elementor-spacer\">\n\t\t\t<div class=\"elementor-spacer-inner\"><\/div>\n\t\t<\/div>\n\t\t\t\t\t\t<\/div>\n\t\t\t\t<\/div>\n\t\t\t\t<div class=\"elementor-element elementor-element-67ff8853 elementor-widget__width-initial elementor-widget-widescreen__width-initial elementor-widget-laptop__width-initial elementor-widget-tablet__width-initial elementor-widget elementor-widget-heading\" data-id=\"67ff8853\" data-element_type=\"widget\" data-widget_type=\"heading.default\">\n\t\t\t\t<div class=\"elementor-widget-container\">\n\t\t\t\t\t<h4 class=\"elementor-heading-title elementor-size-default\">Dopoledne<\/h4>\t\t\t\t<\/div>\n\t\t\t\t<\/div>\n\t\t\t\t\t<\/div>\n\t\t<\/div>\n\t\t\t\t<div class=\"elementor-column elementor-col-50 elementor-inner-column elementor-element elementor-element-38fcab6c\" data-id=\"38fcab6c\" data-element_type=\"column\">\n\t\t\t<div class=\"elementor-widget-wrap elementor-element-populated\">\n\t\t\t\t\t\t<div class=\"elementor-element elementor-element-d05f040 elementor-widget elementor-widget-lte-icons\" data-id=\"d05f040\" data-element_type=\"widget\" data-widget_type=\"lte-icons.default\">\n\t\t\t\t<div class=\"elementor-widget-container\">\n\t\t\t\t\t<ul class=\"lte-block-icon has-descr hasIconImg icons-count-5 lte-icon-space-md lte-icon-shape-default lte-icon-background-disabled lte-icon-color-main lte-icon-divider-disabled lte-icon-size-small lte-header-color-default lte-icon-type-inline lte-icon-align- lte-hover-animation-yes layout-cols1 lte-additional-\"><li class=\"col-xl-12 col-xs-12\"><div   class=\"lte-inner\"><div class=\"lte-image-wrapper\"><img decoding=\"async\" src=\"https:\/\/new.elisek.cz\/wp-content\/uploads\/2025\/02\/piktogramy-23.png\" class=\"lte-image\" alt=\" &lt;span class=&quot;lte-header lte-h6&quot;&gt; 7:00 - 8:30 &lt;\/span&gt; \"><\/div><span class=\"lte-icon-content\"> <span class=\"lte-header lte-h6\"> 7:00 - 8:30 <\/span> <span class=\"lte-descr\">P\u0159\u00edchod<br \/>\nSpont\u00e1nn\u00ed hra a individu\u00e1ln\u00ed pr\u00e1ce s d\u011btmi, nab\u00eddka kreativn\u00edch \u010dinnost\u00ed.<\/span><\/span><\/div><\/li><li class=\"col-xl-12 col-xs-12\"><div   class=\"lte-inner\"><div class=\"lte-image-wrapper\"><img decoding=\"async\" src=\"https:\/\/new.elisek.cz\/wp-content\/uploads\/2025\/02\/piktogramy-23.png\" class=\"lte-image\" alt=\" &lt;span class=&quot;lte-header lte-h6&quot;&gt; 8:30 - 9:10 &lt;\/span&gt; \"><\/div><span class=\"lte-icon-content\"> <span class=\"lte-header lte-h6\"> 8:30 - 9:10 <\/span> <span class=\"lte-descr\">Spole\u010dn\u00e9 zah\u00e1jen\u00ed dne (p\u00edsni\u010dka, \u0159\u00edkanka a tane\u010dek).<\/span><\/span><\/div><\/li><li class=\"col-xl-12 col-xs-12\"><div   class=\"lte-inner\"><div class=\"lte-image-wrapper\"><img decoding=\"async\" src=\"https:\/\/new.elisek.cz\/wp-content\/uploads\/2025\/02\/piktogramy-23.png\" class=\"lte-image\" alt=\" &lt;span class=&quot;lte-header lte-h6&quot;&gt; 9:15 \u2013 9:45 &lt;\/span&gt; \"><\/div><span class=\"lte-icon-content\"> <span class=\"lte-header lte-h6\"> 9:15 \u2013 9:45 <\/span> <span class=\"lte-descr\">Sva\u010dinka (d\u011bti se samy pod\u00edlej\u00ed na jej\u00ed p\u0159\u00edprav\u011b, serv\u00edrov\u00e1n\u00ed i prost\u00edr\u00e1n\u00ed).<\/span><\/span><\/div><\/li><li class=\"col-xl-12 col-xs-12\"><div   class=\"lte-inner\"><div class=\"lte-image-wrapper\"><img decoding=\"async\" src=\"https:\/\/new.elisek.cz\/wp-content\/uploads\/2025\/02\/piktogramy-23.png\" class=\"lte-image\" alt=\" &lt;span class=&quot;lte-header lte-h6&quot;&gt; 10:00 \u2013 11:15 &lt;\/span&gt; \"><\/div><span class=\"lte-icon-content\"> <span class=\"lte-header lte-h6\"> 10:00 \u2013 11:15 <\/span> <span class=\"lte-descr\">Nab\u00eddka tv\u016fr\u010d\u00edch, pohybov\u00fdch nebo klidov\u00fdch \u010dinnost\u00ed dle v\u00fdb\u011bru a voln\u00e1 hra, pobyt venku.<\/span><\/span><\/div><\/li><li class=\"col-xl-12 col-xs-12\"><div   class=\"lte-inner\"><div class=\"lte-image-wrapper\"><img decoding=\"async\" src=\"https:\/\/new.elisek.cz\/wp-content\/uploads\/2025\/02\/piktogramy-23.png\" class=\"lte-image\" alt=\" &lt;span class=&quot;lte-header lte-h6&quot;&gt; 11:15 \u2013 11:30 &lt;\/span&gt; \"><\/div><span class=\"lte-icon-content\"> <span class=\"lte-header lte-h6\"> 11:15 \u2013 11:30 <\/span> <span class=\"lte-descr\">Hygiena, p\u0159\u00edprava na ob\u011bd<br \/>\nVyzved\u00e1v\u00e1n\u00ed d\u011bt\u00ed, kter\u00e9 jsou bez ob\u011bda<\/span><\/span><\/div><\/li><\/ul>\t\t\t\t<\/div>\n\t\t\t\t<\/div>\n\t\t\t\t\t<\/div>\n\t\t<\/div>\n\t\t\t\t\t<\/div>\n\t\t<\/section>\n\t\t\t\t<section class=\"elementor-section elementor-inner-section elementor-element elementor-element-7ccecd6d elementor-section-boxed elementor-section-height-default elementor-section-height-default elementor-invisible\" data-id=\"7ccecd6d\" data-element_type=\"section\" data-settings=\"{&quot;animation&quot;:&quot;fadeInRight&quot;}\">\n\t\t\t\t\t\t<div class=\"elementor-container elementor-column-gap-default\">\n\t\t\t\t\t<div class=\"elementor-column elementor-col-50 elementor-inner-column elementor-element elementor-element-5c08ab91\" data-id=\"5c08ab91\" data-element_type=\"column\">\n\t\t\t<div class=\"elementor-widget-wrap elementor-element-populated\">\n\t\t\t\t\t\t<div class=\"elementor-element elementor-element-1a463bb3 elementor-widget__width-auto elementor-hidden-mobile_extra elementor-hidden-mobile elementor-widget elementor-widget-image\" data-id=\"1a463bb3\" data-element_type=\"widget\" data-widget_type=\"image.default\">\n\t\t\t\t<div class=\"elementor-widget-container\">\n\t\t\t\t\t\t\t\t\t\t\t\t\t\t\t<img decoding=\"async\" src=\"https:\/\/new.elisek.cz\/wp-content\/uploads\/2025\/02\/piktogramy-25.png\" title=\"\" alt=\"\" loading=\"lazy\" \/>\t\t\t\t\t\t\t\t\t\t\t\t\t\t\t<\/div>\n\t\t\t\t<\/div>\n\t\t\t\t<div class=\"elementor-element elementor-element-3a84f4a7 elementor-widget elementor-widget-spacer\" data-id=\"3a84f4a7\" data-element_type=\"widget\" data-widget_type=\"spacer.default\">\n\t\t\t\t<div class=\"elementor-widget-container\">\n\t\t\t\t\t\t\t<div class=\"elementor-spacer\">\n\t\t\t<div class=\"elementor-spacer-inner\"><\/div>\n\t\t<\/div>\n\t\t\t\t\t\t<\/div>\n\t\t\t\t<\/div>\n\t\t\t\t<div class=\"elementor-element elementor-element-7d4602fc elementor-widget__width-initial elementor-widget-widescreen__width-initial elementor-widget-laptop__width-initial elementor-widget-tablet__width-initial elementor-widget elementor-widget-heading\" data-id=\"7d4602fc\" data-element_type=\"widget\" data-widget_type=\"heading.default\">\n\t\t\t\t<div class=\"elementor-widget-container\">\n\t\t\t\t\t<h4 class=\"elementor-heading-title elementor-size-default\">Odpoledne<\/h4>\t\t\t\t<\/div>\n\t\t\t\t<\/div>\n\t\t\t\t\t<\/div>\n\t\t<\/div>\n\t\t\t\t<div class=\"elementor-column elementor-col-50 elementor-inner-column elementor-element elementor-element-758ab6d3\" data-id=\"758ab6d3\" data-element_type=\"column\">\n\t\t\t<div class=\"elementor-widget-wrap elementor-element-populated\">\n\t\t\t\t\t\t<div class=\"elementor-element elementor-element-6d5469b8 elementor-widget elementor-widget-lte-icons\" data-id=\"6d5469b8\" data-element_type=\"widget\" data-widget_type=\"lte-icons.default\">\n\t\t\t\t<div class=\"elementor-widget-container\">\n\t\t\t\t\t<ul class=\"lte-block-icon has-descr hasIconImg icons-count-6 lte-icon-space-md lte-icon-shape-default lte-icon-background-disabled lte-icon-color-main lte-icon-divider-disabled lte-icon-size-small lte-header-color-default lte-icon-type-inline lte-icon-align- lte-hover-animation-yes layout-cols1 lte-additional-\"><li class=\"col-xl-12 col-xs-12\"><div   class=\"lte-inner\"><div class=\"lte-image-wrapper\"><img decoding=\"async\" src=\"https:\/\/new.elisek.cz\/wp-content\/uploads\/2025\/02\/piktogramy-23.png\" class=\"lte-image\" alt=\" &lt;span class=&quot;lte-header lte-h6&quot;&gt; 12:00 \u2013 12:30 &lt;\/span&gt; \"><\/div><span class=\"lte-icon-content\"> <span class=\"lte-header lte-h6\"> 12:00 \u2013 12:30 <\/span> <span class=\"lte-descr\">Hygiena, p\u0159\u00edprava na odpo\u010dinek<br \/>\nVyzved\u00e1v\u00e1n\u00ed d\u011bt\u00ed po ob\u011bd\u011b<\/span><\/span><\/div><\/li><li class=\"col-xl-12 col-xs-12\"><div   class=\"lte-inner\"><div class=\"lte-image-wrapper\"><img decoding=\"async\" src=\"https:\/\/new.elisek.cz\/wp-content\/uploads\/2025\/02\/piktogramy-23.png\" class=\"lte-image\" alt=\" &lt;span class=&quot;lte-header lte-h6&quot;&gt; 12:30 \u2013 14:30 &lt;\/span&gt; \"><\/div><span class=\"lte-icon-content\"> <span class=\"lte-header lte-h6\"> 12:30 \u2013 14:30 <\/span> <span class=\"lte-descr\">Odpo\u010dinek, klidov\u00e9 a tv\u016fr\u010d\u00ed \u010dinnosti dle v\u00fdb\u011bru<\/span><\/span><\/div><\/li><li class=\"col-xl-12 col-xs-12\"><div   class=\"lte-inner\"><div class=\"lte-image-wrapper\"><img decoding=\"async\" src=\"https:\/\/new.elisek.cz\/wp-content\/uploads\/2025\/02\/piktogramy-23.png\" class=\"lte-image\" alt=\" &lt;span class=&quot;lte-header lte-h6&quot;&gt; 14:30 \u2013 14:45 &lt;\/span&gt; \"><\/div><span class=\"lte-icon-content\"> <span class=\"lte-header lte-h6\"> 14:30 \u2013 14:45 <\/span> <span class=\"lte-descr\">Hygiena, p\u0159\u00edprava na sva\u010dinu<\/span><\/span><\/div><\/li><li class=\"col-xl-12 col-xs-12\"><div   class=\"lte-inner\"><div class=\"lte-image-wrapper\"><img decoding=\"async\" src=\"https:\/\/new.elisek.cz\/wp-content\/uploads\/2025\/02\/piktogramy-23.png\" class=\"lte-image\" alt=\" &lt;span class=&quot;lte-header lte-h6&quot;&gt; 14:45 \u2013 15:00 &lt;\/span&gt; \"><\/div><span class=\"lte-icon-content\"> <span class=\"lte-header lte-h6\"> 14:45 \u2013 15:00 <\/span> <span class=\"lte-descr\">Sva\u010dinka (d\u011bti se samy pod\u00edlej\u00ed na jej\u00ed p\u0159\u00edprav\u011b, serv\u00edrov\u00e1n\u00ed i prost\u00edr\u00e1n\u00ed)<\/span><\/span><\/div><\/li><li class=\"col-xl-12 col-xs-12\"><div   class=\"lte-inner\"><div class=\"lte-image-wrapper\"><img decoding=\"async\" src=\"https:\/\/new.elisek.cz\/wp-content\/uploads\/2025\/02\/piktogramy-23.png\" class=\"lte-image\" alt=\" &lt;span class=&quot;lte-header lte-h6&quot;&gt; 15:00 \u2013 16:30 &lt;\/span&gt; \"><\/div><span class=\"lte-icon-content\"> <span class=\"lte-header lte-h6\"> 15:00 \u2013 16:30 <\/span> <span class=\"lte-descr\">Nab\u00eddka tv\u016fr\u010d\u00edch, pohybov\u00fdch nebo klidov\u00fdch \u010dinnost\u00ed dle v\u00fdb\u011bru a voln\u00e1 hra, pobyt venku<\/span><\/span><\/div><\/li><li class=\"col-xl-12 col-xs-12\"><div   class=\"lte-inner\"><div class=\"lte-image-wrapper\"><img decoding=\"async\" src=\"https:\/\/new.elisek.cz\/wp-content\/uploads\/2025\/02\/piktogramy-23.png\" class=\"lte-image\" alt=\" &lt;span class=&quot;lte-header lte-h6&quot;&gt; 15:00 \u2013 17:00 &lt;\/span&gt; \"><\/div><span class=\"lte-icon-content\"> <span class=\"lte-header lte-h6\"> 15:00 \u2013 17:00 <\/span> <span class=\"lte-descr\">Individu\u00e1ln\u00ed pr\u00e1ce s d\u011btmi a kreativn\u00ed \u010dinnosti<br \/>\nVyzved\u00e1v\u00e1n\u00ed d\u011bt\u00ed<\/span><\/span><\/div><\/li><\/ul>\t\t\t\t<\/div>\n\t\t\t\t<\/div>\n\t\t\t\t\t<\/div>\n\t\t<\/div>\n\t\t\t\t\t<\/div>\n\t\t<\/section>\n\t\t\t\t<div class=\"elementor-element elementor-element-8e5dcbc elementor-widget elementor-widget-text-editor\" data-id=\"8e5dcbc\" data-element_type=\"widget\" data-widget_type=\"text-editor.default\">\n\t\t\t\t<div class=\"elementor-widget-container\">\n\t\t\t\t\t\t\t\t\t<p data-start=\"0\" data-end=\"235\"><em>Doporu\u010dujeme p\u0159iv\u00e9st d\u00edt\u011b nejpozd\u011bji do 8:30 hodin, aby se mohlo pln\u011b zapojit do programu.<\/em><br \/><em>Po 17. hodin\u011b je odchod mo\u017en\u00fd pouze po p\u0159edchoz\u00ed dohod\u011b, a to den p\u0159edem. Za ka\u017edou zapo\u010datou p\u016flhodinu po 17. hodin\u011b se hrad\u00ed p\u0159\u00edplatek 100 K\u010d.<\/em><br \/><em>D\u011bti ve v\u011bku od 12 do 18 m\u011bs\u00edc\u016f maj\u00ed individu\u00e1ln\u00ed re\u017eim p\u0159izp\u016fsoben\u00fd jejich pot\u0159eb\u00e1m, zat\u00edmco star\u0161\u00ed d\u011bti si samy vyb\u00edraj\u00ed z nab\u00edzen\u00fdch aktivit.<\/em><\/p>\t\t\t\t\t\t\t\t<\/div>\n\t\t\t\t<\/div>\n\t\t\t\t<div class=\"elementor-element elementor-element-3db8583 elementor-widget-divider--separator-type-pattern elementor-widget-divider--view-line elementor-widget elementor-widget-divider\" data-id=\"3db8583\" data-element_type=\"widget\" data-widget_type=\"divider.default\">\n\t\t\t\t<div class=\"elementor-widget-container\">\n\t\t\t\t\t\t\t<div class=\"elementor-divider\" style=\"--divider-pattern-url: url(&quot;data:image\/svg+xml,%3Csvg xmlns=&#039;http:\/\/www.w3.org\/2000\/svg&#039; preserveAspectRatio=&#039;none&#039; overflow=&#039;visible&#039; height=&#039;100%&#039; viewBox=&#039;0 0 24 24&#039; fill=&#039;none&#039; stroke=&#039;black&#039; stroke-width=&#039;1&#039; stroke-linecap=&#039;square&#039; stroke-miterlimit=&#039;10&#039;%3E%3Cpath d=&#039;M0,21c3.3,0,8.3-0.9,15.7-7.1c6.6-5.4,4.4-9.3,2.4-10.3c-3.4-1.8-7.7,1.3-7.3,8.8C11.2,20,17.1,21,24,21&#039;\/%3E%3C\/svg%3E&quot;);\">\n\t\t\t<span class=\"elementor-divider-separator\">\n\t\t\t\t\t\t<\/span>\n\t\t<\/div>\n\t\t\t\t\t\t<\/div>\n\t\t\t\t<\/div>\n\t\t\t\t\t<\/div>\n\t\t<\/div>\n\t\t\t\t\t<\/div>\n\t\t<\/section>\n\t\t\t\t<section class=\"elementor-section elementor-top-section elementor-element elementor-element-5948d456 elementor-section-boxed elementor-section-height-default elementor-section-height-default\" data-id=\"5948d456\" data-element_type=\"section\">\n\t\t\t\t\t\t<div class=\"elementor-container elementor-column-gap-default\">\n\t\t\t\t\t<div class=\"elementor-column elementor-col-100 elementor-top-column elementor-element elementor-element-345a899b\" data-id=\"345a899b\" data-element_type=\"column\">\n\t\t\t<div class=\"elementor-widget-wrap elementor-element-populated\">\n\t\t\t\t\t\t<div class=\"elementor-element elementor-element-2b86c19a elementor-widget elementor-widget-text-editor\" data-id=\"2b86c19a\" data-element_type=\"widget\" data-widget_type=\"text-editor.default\">\n\t\t\t\t<div class=\"elementor-widget-container\">\n\t\t\t\t\t\t\t\t\t<h5 data-start=\"27\" data-end=\"234\">Tvo\u0159iv\u00e9 d\u00edlni\u010dky<\/h5><p data-start=\"27\" data-end=\"234\">V d\u011btsk\u00e9 skupin\u011b se d\u011bti \u00fa\u010dastn\u00ed tvo\u0159iv\u00fdch d\u00edlni\u010dek, kde maluj\u00ed, kresl\u00ed, st\u0159\u00edhaj\u00ed, nalepuj\u00ed a u\u010d\u00ed se pracovat s tu\u017ekou. T\u00edm rozv\u00edj\u00edme jejich kreativitu, smyslov\u00e9 vn\u00edm\u00e1n\u00ed a p\u0159edev\u0161\u00edm jemnou i hrubou motoriku.<\/p><p data-start=\"236\" data-end=\"466\" data-is-last-node=\"\">Pomoc\u00ed Montessori pom\u016fcek d\u011bti u\u010d\u00edme praktick\u00fdm dovednostem, jako je zap\u00edn\u00e1n\u00ed knofl\u00edk\u016f, zavazov\u00e1n\u00ed tkani\u010dek, rozvazov\u00e1n\u00ed uzl\u00edk\u016f nebo pou\u017e\u00edv\u00e1n\u00ed p\u0159\u00edbor\u016f, n\u016f\u017eek a dal\u0161\u00edch n\u00e1stroj\u016f. Tyto schopnosti jim pomohou v ka\u017edodenn\u00edm \u017eivot\u011b.<\/p>\t\t\t\t\t\t\t\t<\/div>\n\t\t\t\t<\/div>\n\t\t\t\t\t<\/div>\n\t\t<\/div>\n\t\t\t\t\t<\/div>\n\t\t<\/section>\n\t\t\t\t<section class=\"elementor-section elementor-top-section elementor-element elementor-element-20bfcccf elementor-section-boxed elementor-section-height-default elementor-section-height-default\" data-id=\"20bfcccf\" data-element_type=\"section\">\n\t\t\t\t\t\t<div class=\"elementor-container elementor-column-gap-default\">\n\t\t\t\t\t<div class=\"elementor-column elementor-col-100 elementor-top-column elementor-element elementor-element-2bb3865d\" data-id=\"2bb3865d\" data-element_type=\"column\">\n\t\t\t<div class=\"elementor-widget-wrap elementor-element-populated\">\n\t\t\t\t\t\t<div class=\"elementor-element elementor-element-68998148 elementor-widget-divider--separator-type-pattern elementor-widget-divider--view-line elementor-widget elementor-widget-divider\" data-id=\"68998148\" data-element_type=\"widget\" data-widget_type=\"divider.default\">\n\t\t\t\t<div class=\"elementor-widget-container\">\n\t\t\t\t\t\t\t<div class=\"elementor-divider\" style=\"--divider-pattern-url: url(&quot;data:image\/svg+xml,%3Csvg xmlns=&#039;http:\/\/www.w3.org\/2000\/svg&#039; preserveAspectRatio=&#039;none&#039; overflow=&#039;visible&#039; height=&#039;100%&#039; viewBox=&#039;0 0 24 24&#039; fill=&#039;none&#039; stroke=&#039;black&#039; stroke-width=&#039;1&#039; stroke-linecap=&#039;square&#039; stroke-miterlimit=&#039;10&#039;%3E%3Cpath d=&#039;M0,21c3.3,0,8.3-0.9,15.7-7.1c6.6-5.4,4.4-9.3,2.4-10.3c-3.4-1.8-7.7,1.3-7.3,8.8C11.2,20,17.1,21,24,21&#039;\/%3E%3C\/svg%3E&quot;);\">\n\t\t\t<span class=\"elementor-divider-separator\">\n\t\t\t\t\t\t<\/span>\n\t\t<\/div>\n\t\t\t\t\t\t<\/div>\n\t\t\t\t<\/div>\n\t\t\t\t<div class=\"elementor-element elementor-element-6c00b896 elementor-widget elementor-widget-text-editor\" data-id=\"6c00b896\" data-element_type=\"widget\" data-widget_type=\"text-editor.default\">\n\t\t\t\t<div class=\"elementor-widget-container\">\n\t\t\t\t\t\t\t\t\t<h5 data-start=\"0\" data-end=\"222\">Hudebn\u00ed a rytmick\u00e1 v\u00fdchova<\/h5><p data-start=\"0\" data-end=\"222\">S d\u011btmi v d\u011btsk\u00e9 skupin\u011b zp\u00edv\u00e1me a rozv\u00edj\u00edme jejich hudebn\u00ed sluch, cit pro rytmus, schopnost naslouch\u00e1n\u00ed, napodobov\u00e1n\u00ed a pam\u011b\u0165. Prost\u0159ednictv\u00edm p\u00edsni\u010dek a \u0159\u00edkadel tak\u00e9 procvi\u010dujeme v\u00fdslovnost a roz\u0161i\u0159ujeme slovn\u00ed z\u00e1sobu.<\/p><p style=\"text-align: left;\" data-start=\"224\" data-end=\"357\" data-is-last-node=\"\">V na\u0161\u00ed \u0161koli\u010dce vyu\u017e\u00edv\u00e1me r\u016fzn\u00e9 hudebn\u00ed n\u00e1stroje, jako jsou boomwhackers, d\u0159\u00edvka, bub\u00ednky, triangly, pianino, xylofon, kytara a bic\u00ed.<\/p>\t\t\t\t\t\t\t\t<\/div>\n\t\t\t\t<\/div>\n\t\t\t\t<div class=\"elementor-element elementor-element-261dcdc elementor-widget-divider--separator-type-pattern elementor-widget-divider--view-line elementor-widget elementor-widget-divider\" data-id=\"261dcdc\" data-element_type=\"widget\" data-widget_type=\"divider.default\">\n\t\t\t\t<div class=\"elementor-widget-container\">\n\t\t\t\t\t\t\t<div class=\"elementor-divider\" style=\"--divider-pattern-url: url(&quot;data:image\/svg+xml,%3Csvg xmlns=&#039;http:\/\/www.w3.org\/2000\/svg&#039; preserveAspectRatio=&#039;none&#039; overflow=&#039;visible&#039; height=&#039;100%&#039; viewBox=&#039;0 0 24 24&#039; fill=&#039;none&#039; stroke=&#039;black&#039; stroke-width=&#039;1&#039; stroke-linecap=&#039;square&#039; stroke-miterlimit=&#039;10&#039;%3E%3Cpath d=&#039;M0,21c3.3,0,8.3-0.9,15.7-7.1c6.6-5.4,4.4-9.3,2.4-10.3c-3.4-1.8-7.7,1.3-7.3,8.8C11.2,20,17.1,21,24,21&#039;\/%3E%3C\/svg%3E&quot;);\">\n\t\t\t<span class=\"elementor-divider-separator\">\n\t\t\t\t\t\t<\/span>\n\t\t<\/div>\n\t\t\t\t\t\t<\/div>\n\t\t\t\t<\/div>\n\t\t\t\t<div class=\"elementor-element elementor-element-feee6e3 elementor-widget elementor-widget-text-editor\" data-id=\"feee6e3\" data-element_type=\"widget\" data-widget_type=\"text-editor.default\">\n\t\t\t\t<div class=\"elementor-widget-container\">\n\t\t\t\t\t\t\t\t\t<h5 data-start=\"0\" data-end=\"222\">Fyzick\u00e9 cvi\u010den\u00ed<\/h5><p data-start=\"0\" data-end=\"222\">Ka\u017ed\u00fd den se v d\u011btsk\u00e9 skupin\u011b v\u011bnujeme cvi\u010den\u00ed, kter\u00e9 zahrnuje balan\u010dn\u00ed pom\u016fcky, overbally, podlo\u017eky a dal\u0161\u00ed aktivity. \u0158\u00edkanky a p\u00edsni\u010dky spojen\u00e9 s tane\u010dky a pohybem dopl\u0148ujeme prostorov\u00fdmi hrami, kter\u00e9 podporuj\u00ed rozvoj sportovn\u00edch dovednost\u00ed, orientace v prostoru a soci\u00e1ln\u00edch schopnost\u00ed d\u011bt\u00ed.<\/p>\t\t\t\t\t\t\t\t<\/div>\n\t\t\t\t<\/div>\n\t\t\t\t\t<\/div>\n\t\t<\/div>\n\t\t\t\t\t<\/div>\n\t\t<\/section>\n\t\t\t\t<\/div>\n\t\t","protected":false},"excerpt":{"rendered":"<p>JAK\u00dd JE N\u00c1\u0160 ROZVRH? Denn\u00ed program Dopoledne 7:00 &#8211; 8:30 P\u0159\u00edchod Spont\u00e1nn\u00ed hra a individu\u00e1ln\u00ed pr\u00e1ce s d\u011btmi, nab\u00eddka kreativn\u00edch \u010dinnost\u00ed. 8:30 &#8211; 9:10 Spole\u010dn\u00e9 zah\u00e1jen\u00ed dne (p\u00edsni\u010dka, \u0159\u00edkanka a [&hellip;]<\/p>\n","protected":false},"author":1,"featured_media":0,"parent":0,"menu_order":0,"comment_status":"closed","ping_status":"closed","template":"","meta":{"footnotes":""},"class_list":["post-35097","page","type-page","status-publish","hentry"],"_links":{"self":[{"href":"https:\/\/elisek.cz\/zdravotnicek\/wp-json\/wp\/v2\/pages\/35097","targetHints":{"allow":["GET"]}}],"collection":[{"href":"https:\/\/elisek.cz\/zdravotnicek\/wp-json\/wp\/v2\/pages"}],"about":[{"href":"https:\/\/elisek.cz\/zdravotnicek\/wp-json\/wp\/v2\/types\/page"}],"author":[{"embeddable":true,"href":"https:\/\/elisek.cz\/zdravotnicek\/wp-json\/wp\/v2\/users\/1"}],"replies":[{"embeddable":true,"href":"https:\/\/elisek.cz\/zdravotnicek\/wp-json\/wp\/v2\/comments?post=35097"}],"version-history":[{"count":0,"href":"https:\/\/elisek.cz\/zdravotnicek\/wp-json\/wp\/v2\/pages\/35097\/revisions"}],"wp:attachment":[{"href":"https:\/\/elisek.cz\/zdravotnicek\/wp-json\/wp\/v2\/media?parent=35097"}],"curies":[{"name":"wp","href":"https:\/\/api.w.org\/{rel}","templated":true}]}}