{"id":35079,"date":"2025-02-12T10:01:47","date_gmt":"2025-02-12T09:01:47","guid":{"rendered":"https:\/\/new.elisek.cz\/?page_id=35078"},"modified":"2025-03-04T16:14:22","modified_gmt":"2025-03-04T15:14:22","slug":"podpora-esf","status":"publish","type":"page","link":"https:\/\/elisek.cz\/zdravotnicek\/podpora-esf\/","title":{"rendered":"Podpora ESF"},"content":{"rendered":"\t\t<div data-elementor-type=\"wp-page\" data-elementor-id=\"35079\" class=\"elementor elementor-35079\">\n\t\t\t\t\t\t<section class=\"elementor-section elementor-top-section elementor-element elementor-element-745842e8 elementor-section-boxed elementor-section-height-default elementor-section-height-default\" data-id=\"745842e8\" data-element_type=\"section\">\n\t\t\t\t\t\t<div class=\"elementor-container elementor-column-gap-default\">\n\t\t\t\t\t<div class=\"elementor-column elementor-col-100 elementor-top-column elementor-element elementor-element-13accee\" data-id=\"13accee\" data-element_type=\"column\">\n\t\t\t<div class=\"elementor-widget-wrap elementor-element-populated\">\n\t\t\t\t\t\t<div class=\"elementor-element elementor-element-190b9ff lte-heading-align-tablet-center elementor-widget elementor-widget-lte-header\" data-id=\"190b9ff\" data-element_type=\"widget\" data-widget_type=\"lte-header.default\">\n\t\t\t\t<div class=\"elementor-widget-container\">\n\t\t\t\t\t<div class=\"lte-heading lte-style-header-subheader lte-subcolor-main has-subheader heading-tag-h2 heading-subtag-h6\"><div class=\"lte-heading-content\"><h6 class=\"lte-subheader\">Kdo n\u00e1s podporuje?<\/h6><h2 class=\"lte-header\">Podpora ESF<\/h2><\/div><\/div>\t\t\t\t<\/div>\n\t\t\t\t<\/div>\n\t\t\t\t<div class=\"elementor-element elementor-element-2af08706 elementor-widget elementor-widget-text-editor\" data-id=\"2af08706\" data-element_type=\"widget\" data-widget_type=\"text-editor.default\">\n\t\t\t\t<div class=\"elementor-widget-container\">\n\t\t\t\t\t\t\t\t\t<p>Projekt je podporov\u00e1n z Evropsk\u00e9ho soci\u00e1ln\u00edho fondu, Opera\u010dn\u00edho programu Zam\u011bstnanost a Ministerstvem pr\u00e1ce a soci\u00e1ln\u00edch v\u011bc\u00ed \u010cesk\u00e9 republiky.<\/p><p>N\u00e1zev projektu: DS Zdravotn\u00ed\u010dek 1<br \/>Registra\u010dn\u00ed \u010d\u00edslo projektu: CZ.03.1.51\/0.0\/0.0\/19_101\/0016116<\/p><p>N\u00e1zev projektu:\u00a0DS Zdravotn\u00ed\u010dek 2<br \/>Registra\u010dn\u00ed \u010d\u00edslo projektu:\u00a0CZ.03.1.51\/0.0\/0.0\/19_101\/0016117<\/p><p>N\u00e1zev projektu:\u00a0DS Zdravotn\u00ed\u010dek 3<br \/>Registra\u010dn\u00ed \u010d\u00edslo projektu:\u00a0CZ.03.1.51\/0.0\/0.0\/19_111\/001480<\/p><p>C\u00edlem projektu je roz\u0161\u00ed\u0159en\u00ed slu\u017eeb p\u00e9\u010de o d\u00edt\u011b v m\u00edst\u011b realizace a zlep\u0161en\u00ed podm\u00ednek pro zam\u011bstnanost rodi\u010d\u016f s d\u011btmi. \u00da\u010delem projektu je vybudov\u00e1n\u00ed a provoz za\u0159\u00edzen\u00ed p\u00e9\u010de o d\u011bti p\u0159ed\u0161koln\u00edho v\u011bku.<\/p>\t\t\t\t\t\t\t\t<\/div>\n\t\t\t\t<\/div>\n\t\t\t\t\t<\/div>\n\t\t<\/div>\n\t\t\t\t\t<\/div>\n\t\t<\/section>\n\t\t\t\t<section class=\"elementor-section elementor-top-section elementor-element elementor-element-78baf6d8 elementor-section-boxed elementor-section-height-default elementor-section-height-default\" data-id=\"78baf6d8\" data-element_type=\"section\">\n\t\t\t\t\t\t<div class=\"elementor-container elementor-column-gap-default\">\n\t\t\t\t\t<div class=\"elementor-column elementor-col-100 elementor-top-column elementor-element elementor-element-6bf830c2\" data-id=\"6bf830c2\" data-element_type=\"column\">\n\t\t\t<div class=\"elementor-widget-wrap elementor-element-populated\">\n\t\t\t\t\t\t<div class=\"elementor-element elementor-element-5567a09 elementor-widget elementor-widget-image\" data-id=\"5567a09\" data-element_type=\"widget\" data-widget_type=\"image.default\">\n\t\t\t\t<div class=\"elementor-widget-container\">\n\t\t\t\t\t\t\t\t\t\t\t\t\t\t\t<img decoding=\"async\" src=\"https:\/\/new.elisek.cz\/wp-content\/uploads\/2025\/02\/Logo-OPZ-barevne.png\" title=\"\" alt=\"\" loading=\"lazy\" \/>\t\t\t\t\t\t\t\t\t\t\t\t\t\t\t<\/div>\n\t\t\t\t<\/div>\n\t\t\t\t\t<\/div>\n\t\t<\/div>\n\t\t\t\t\t<\/div>\n\t\t<\/section>\n\t\t\t\t<\/div>\n\t\t","protected":false},"excerpt":{"rendered":"<p>Kdo n\u00e1s podporuje? Podpora ESF Projekt je podporov\u00e1n z Evropsk\u00e9ho soci\u00e1ln\u00edho fondu, Opera\u010dn\u00edho programu Zam\u011bstnanost a Ministerstvem pr\u00e1ce a soci\u00e1ln\u00edch v\u011bc\u00ed \u010cesk\u00e9 republiky. N\u00e1zev projektu: DS Zdravotn\u00ed\u010dek 1Registra\u010dn\u00ed \u010d\u00edslo projektu: [&hellip;]<\/p>\n","protected":false},"author":1,"featured_media":0,"parent":0,"menu_order":0,"comment_status":"closed","ping_status":"closed","template":"","meta":{"footnotes":""},"class_list":["post-35079","page","type-page","status-publish","hentry"],"_links":{"self":[{"href":"https:\/\/elisek.cz\/zdravotnicek\/wp-json\/wp\/v2\/pages\/35079","targetHints":{"allow":["GET"]}}],"collection":[{"href":"https:\/\/elisek.cz\/zdravotnicek\/wp-json\/wp\/v2\/pages"}],"about":[{"href":"https:\/\/elisek.cz\/zdravotnicek\/wp-json\/wp\/v2\/types\/page"}],"author":[{"embeddable":true,"href":"https:\/\/elisek.cz\/zdravotnicek\/wp-json\/wp\/v2\/users\/1"}],"replies":[{"embeddable":true,"href":"https:\/\/elisek.cz\/zdravotnicek\/wp-json\/wp\/v2\/comments?post=35079"}],"version-history":[{"count":0,"href":"https:\/\/elisek.cz\/zdravotnicek\/wp-json\/wp\/v2\/pages\/35079\/revisions"}],"wp:attachment":[{"href":"https:\/\/elisek.cz\/zdravotnicek\/wp-json\/wp\/v2\/media?parent=35079"}],"curies":[{"name":"wp","href":"https:\/\/api.w.org\/{rel}","templated":true}]}}