{"id":35077,"date":"2025-02-12T10:01:35","date_gmt":"2025-02-12T09:01:35","guid":{"rendered":"https:\/\/new.elisek.cz\/?page_id=35077"},"modified":"2025-03-04T16:13:48","modified_gmt":"2025-03-04T15:13:48","slug":"zrizovatel","status":"publish","type":"page","link":"https:\/\/elisek.cz\/zdravotnicek\/zrizovatel\/","title":{"rendered":"Z\u0159izovatel"},"content":{"rendered":"\t\t<div data-elementor-type=\"wp-page\" data-elementor-id=\"35077\" class=\"elementor elementor-35077\">\n\t\t\t\t\t\t<section class=\"elementor-section elementor-top-section elementor-element elementor-element-702adb8f elementor-section-boxed elementor-section-height-default elementor-section-height-default\" data-id=\"702adb8f\" data-element_type=\"section\">\n\t\t\t\t\t\t<div class=\"elementor-container elementor-column-gap-default\">\n\t\t\t\t\t<div class=\"elementor-column elementor-col-100 elementor-top-column elementor-element elementor-element-6dc2fe91\" data-id=\"6dc2fe91\" data-element_type=\"column\">\n\t\t\t<div class=\"elementor-widget-wrap elementor-element-populated\">\n\t\t\t\t\t\t<div class=\"elementor-element elementor-element-6af6e61f lte-heading-align-tablet-center elementor-widget elementor-widget-lte-header\" data-id=\"6af6e61f\" data-element_type=\"widget\" data-widget_type=\"lte-header.default\">\n\t\t\t\t<div class=\"elementor-widget-container\">\n\t\t\t\t\t<div class=\"lte-heading lte-style-header-subheader lte-subcolor-main has-subheader heading-tag-h2 heading-subtag-h6\"><div class=\"lte-heading-content\"><h6 class=\"lte-subheader\">Kdo za t\u00edm v\u0161\u00edm stoj\u00ed?<\/h6><h2 class=\"lte-header\">Z\u0159izovatel<\/h2><\/div><\/div>\t\t\t\t<\/div>\n\t\t\t\t<\/div>\n\t\t\t\t<div class=\"elementor-element elementor-element-3459df0b elementor-widget elementor-widget-text-editor\" data-id=\"3459df0b\" data-element_type=\"widget\" data-widget_type=\"text-editor.default\">\n\t\t\t\t<div class=\"elementor-widget-container\">\n\t\t\t\t\t\t\t\t\t<p>Z\u0159izovatelem\u00a0DS\u00a0Zdravotn\u00ed\u010dek je organizace Zv\u00eddav\u00fd mravene\u010dek, z. s., zapsan\u00e1 M\u011bstsk\u00fdm soudem v Praze ve spolkov\u00e9m rejst\u0159\u00edku pod spisovou zna\u010dkou L 64634 se s\u00eddlem: Nemocnice Slan\u00fd, Politick\u00fdch v\u011bz\u0148\u016f 576, 274 01 Slan\u00fd.<\/p><p>Z\u0159izovatelem DS Zdravotn\u00ed\u010dek 2 je organizace Zv\u00eddav\u00fd lv\u00ed\u010dek, z.s., zapsan\u00e1 M\u011bstsk\u00fdm soudem v Praze ve spolkov\u00e9m rejst\u0159\u00edku pod spisovou zna\u010dkou L 68652 se s\u00eddlem: Nemocnice Slan\u00fd, Politick\u00fdch v\u011bz\u0148\u016f 576, 274 01 Slan\u00fd.<\/p>\t\t\t\t\t\t\t\t<\/div>\n\t\t\t\t<\/div>\n\t\t\t\t\t<\/div>\n\t\t<\/div>\n\t\t\t\t\t<\/div>\n\t\t<\/section>\n\t\t\t\t<section class=\"elementor-section elementor-top-section elementor-element elementor-element-271ba5c3 elementor-section-boxed elementor-section-height-default elementor-section-height-default\" data-id=\"271ba5c3\" data-element_type=\"section\">\n\t\t\t\t\t\t<div class=\"elementor-container elementor-column-gap-default\">\n\t\t\t\t\t<div class=\"elementor-column elementor-col-100 elementor-top-column elementor-element elementor-element-23e9ff6c\" data-id=\"23e9ff6c\" data-element_type=\"column\">\n\t\t\t<div class=\"elementor-widget-wrap elementor-element-populated\">\n\t\t\t\t\t\t<div class=\"elementor-element elementor-element-7bd65c61 elementor-widget-divider--separator-type-pattern elementor-widget-divider--view-line elementor-widget elementor-widget-divider\" data-id=\"7bd65c61\" data-element_type=\"widget\" data-widget_type=\"divider.default\">\n\t\t\t\t<div class=\"elementor-widget-container\">\n\t\t\t\t\t\t\t<div class=\"elementor-divider\" style=\"--divider-pattern-url: url(&quot;data:image\/svg+xml,%3Csvg xmlns=&#039;http:\/\/www.w3.org\/2000\/svg&#039; preserveAspectRatio=&#039;none&#039; overflow=&#039;visible&#039; height=&#039;100%&#039; viewBox=&#039;0 0 24 24&#039; fill=&#039;none&#039; stroke=&#039;black&#039; stroke-width=&#039;1&#039; stroke-linecap=&#039;square&#039; stroke-miterlimit=&#039;10&#039;%3E%3Cpath d=&#039;M0,21c3.3,0,8.3-0.9,15.7-7.1c6.6-5.4,4.4-9.3,2.4-10.3c-3.4-1.8-7.7,1.3-7.3,8.8C11.2,20,17.1,21,24,21&#039;\/%3E%3C\/svg%3E&quot;);\">\n\t\t\t<span class=\"elementor-divider-separator\">\n\t\t\t\t\t\t<\/span>\n\t\t<\/div>\n\t\t\t\t\t\t<\/div>\n\t\t\t\t<\/div>\n\t\t\t\t<div class=\"elementor-element elementor-element-47117f88 lte-heading-align-tablet-center lte-heading-align-left elementor-widget elementor-widget-lte-header\" data-id=\"47117f88\" data-element_type=\"widget\" data-widget_type=\"lte-header.default\">\n\t\t\t\t<div class=\"elementor-widget-container\">\n\t\t\t\t\t<div class=\"lte-heading lte-style-header-subheader lte-subcolor-main has-subheader heading-tag-h4 heading-subtag-h6\"><div class=\"lte-heading-content\"><h6 class=\"lte-subheader\">Jak organizace funguj\u00ed?<\/h6><h4 class=\"lte-header\">Dal\u0161\u00ed informace<\/h4><\/div><\/div>\t\t\t\t<\/div>\n\t\t\t\t<\/div>\n\t\t\t\t<div class=\"elementor-element elementor-element-ad3ce28 elementor-widget elementor-widget-text-editor\" data-id=\"ad3ce28\" data-element_type=\"widget\" data-widget_type=\"text-editor.default\">\n\t\t\t\t<div class=\"elementor-widget-container\">\n\t\t\t\t\t\t\t\t\t<p>Hlavn\u00ed \u00fa\u010del obou spolk\u016f je:<\/p><ul><li>\u00a0provozov\u00e1n\u00ed d\u011btsk\u00e9 skupiny dle Z\u00e1kona 247\/2014 sb.<\/li><\/ul><p>Hlavn\u00ed \u010dinnost\u00ed obou organizac\u00ed je:<\/p><ul><li>zaji\u0161\u0165ovat slu\u017ebu p\u00e9\u010de o d\u00edt\u011b v d\u011btsk\u00e9 skupin\u011b dle z\u00e1kona \u010d. 247\/2014 Sb., o<br \/>poskytov\u00e1n\u00ed slu\u017eby p\u00e9\u010de o d\u00edt\u011b v d\u011btsk\u00e9 skupin\u011b, v platn\u00e9m zn\u011bn\u00ed<\/li><li>poradensk\u00e1 a konzulta\u010dn\u00ed \u010dinnost v oblasti zakl\u00e1d\u00e1n\u00ed a provozov\u00e1n\u00ed d\u011btsk\u00fdch<br \/>skupin<\/li><li>vytvo\u0159en\u00ed podm\u00ednek k dal\u0161\u00edmu rozvoji p\u00e9\u010de o d\u011bti s c\u00edlem zv\u00fd\u0161it spole\u010denskou<br \/>presti\u017e rodiny, pos\u00edlit zapojen\u00ed obou rodi\u010d\u016f do p\u00e9\u010de o d\u011bti<\/li><li>podpora rozvoje slu\u017eeb p\u00e9\u010de o d\u011bti<\/li><li>vytv\u00e1\u0159en\u00ed podm\u00ednek pro rychlej\u0161\u00ed n\u00e1vrat pe\u010duj\u00edc\u00edch rodi\u010d\u016f k v\u00fdd\u011ble\u010dn\u00e9<br \/>\u010dinnosti, usnadn\u011bn\u00ed udr\u017een\u00ed kontaktu rodi\u010de se zam\u011bstn\u00e1n\u00edm v dob\u011b p\u00e9\u010de o<br \/>d\u00edt\u011b, a postupn\u00fd n\u00e1vrat na trh pr\u00e1ce s ohledem na harmonizaci profesn\u00edho,<br \/>rodinn\u00e9ho a osobn\u00edho \u017eivota bez nutnosti rezignace na rodi\u010dovskou roli.<\/li><\/ul><p>Oba spolky nejsou zalo\u017eeny za \u00fa\u010delem podnik\u00e1n\u00ed. P\u0159\u00edpadn\u00fd kladn\u00fd hospod\u00e1\u0159sk\u00fd\u00a0v\u00fdsledek (zisk) bude reinvestov\u00e1n zp\u011bt do \u010dinnosti spolk\u016f, a to v\u010detn\u011b jeho\u00a0spr\u00e1vy.<\/p>\t\t\t\t\t\t\t\t<\/div>\n\t\t\t\t<\/div>\n\t\t\t\t\t<\/div>\n\t\t<\/div>\n\t\t\t\t\t<\/div>\n\t\t<\/section>\n\t\t\t\t<\/div>\n\t\t","protected":false},"excerpt":{"rendered":"<p>Kdo za t\u00edm v\u0161\u00edm stoj\u00ed? Z\u0159izovatel Z\u0159izovatelem\u00a0DS\u00a0Zdravotn\u00ed\u010dek je organizace Zv\u00eddav\u00fd mravene\u010dek, z. s., zapsan\u00e1 M\u011bstsk\u00fdm soudem v Praze ve spolkov\u00e9m rejst\u0159\u00edku pod spisovou zna\u010dkou L 64634 se s\u00eddlem: Nemocnice Slan\u00fd, [&hellip;]<\/p>\n","protected":false},"author":1,"featured_media":0,"parent":0,"menu_order":0,"comment_status":"closed","ping_status":"closed","template":"","meta":{"footnotes":""},"class_list":["post-35077","page","type-page","status-publish","hentry"],"_links":{"self":[{"href":"https:\/\/elisek.cz\/zdravotnicek\/wp-json\/wp\/v2\/pages\/35077","targetHints":{"allow":["GET"]}}],"collection":[{"href":"https:\/\/elisek.cz\/zdravotnicek\/wp-json\/wp\/v2\/pages"}],"about":[{"href":"https:\/\/elisek.cz\/zdravotnicek\/wp-json\/wp\/v2\/types\/page"}],"author":[{"embeddable":true,"href":"https:\/\/elisek.cz\/zdravotnicek\/wp-json\/wp\/v2\/users\/1"}],"replies":[{"embeddable":true,"href":"https:\/\/elisek.cz\/zdravotnicek\/wp-json\/wp\/v2\/comments?post=35077"}],"version-history":[{"count":0,"href":"https:\/\/elisek.cz\/zdravotnicek\/wp-json\/wp\/v2\/pages\/35077\/revisions"}],"wp:attachment":[{"href":"https:\/\/elisek.cz\/zdravotnicek\/wp-json\/wp\/v2\/media?parent=35077"}],"curies":[{"name":"wp","href":"https:\/\/api.w.org\/{rel}","templated":true}]}}