{"id":35037,"date":"2025-02-11T15:15:51","date_gmt":"2025-02-11T14:15:51","guid":{"rendered":"https:\/\/new.elisek.cz\/?page_id=35037"},"modified":"2025-03-04T16:10:40","modified_gmt":"2025-03-04T15:10:40","slug":"tym","status":"publish","type":"page","link":"https:\/\/elisek.cz\/zdravotnicek\/tym\/","title":{"rendered":"T\u00fdm"},"content":{"rendered":"\t\t<div data-elementor-type=\"wp-page\" data-elementor-id=\"35037\" class=\"elementor elementor-35037\">\n\t\t\t\t\t\t<section class=\"elementor-section elementor-top-section elementor-element elementor-element-42be8826 elementor-section-boxed elementor-section-height-default elementor-section-height-default\" data-id=\"42be8826\" data-element_type=\"section\">\n\t\t\t\t\t\t<div class=\"elementor-container elementor-column-gap-default\">\n\t\t\t\t\t<div class=\"elementor-column elementor-col-100 elementor-top-column elementor-element elementor-element-1147570a\" data-id=\"1147570a\" data-element_type=\"column\">\n\t\t\t<div class=\"elementor-widget-wrap elementor-element-populated\">\n\t\t\t\t\t\t<div class=\"elementor-element elementor-element-18ca1c60 lte-heading-align-tablet-center elementor-widget elementor-widget-lte-header\" data-id=\"18ca1c60\" data-element_type=\"widget\" data-widget_type=\"lte-header.default\">\n\t\t\t\t<div class=\"elementor-widget-container\">\n\t\t\t\t\t<div class=\"lte-heading lte-style-header-subheader lte-subcolor-main has-subheader heading-tag-h2 heading-subtag-h6\"><div class=\"lte-heading-content\"><h6 class=\"lte-subheader\">Kdo se star\u00e1 o Va\u0161e d\u011bti?<\/h6><h2 class=\"lte-header\">T\u00fdm<\/h2><\/div><\/div>\t\t\t\t<\/div>\n\t\t\t\t<\/div>\n\t\t\t\t<div class=\"elementor-element elementor-element-72469e elementor-widget elementor-widget-text-editor\" data-id=\"72469e\" data-element_type=\"widget\" data-widget_type=\"text-editor.default\">\n\t\t\t\t<div class=\"elementor-widget-container\">\n\t\t\t\t\t\t\t\t\t<p data-start=\"0\" data-end=\"202\">V\u0161echny na\u0161e &#8222;tety&#8220; jsou odborn\u011b \u0161koleny a kvalifikov\u00e1ny pro pr\u00e1ci s d\u011btmi. Ka\u017ed\u00e1 z nich m\u00e1 pot\u0159ebn\u00e9 vzd\u011bl\u00e1n\u00ed, a\u0165 u\u017e pedagogick\u00e9, soci\u00e1ln\u00ed, zdravotn\u00ed, nebo specializaci v oblasti Ch\u016fvy v d\u011btsk\u00e9 skupin\u011b.<\/p><p data-start=\"204\" data-end=\"382\" data-is-last-node=\"\">Person\u00e1l v na\u0161ich t\u0159\u00edd\u00e1ch je stabiln\u00ed, co\u017e rodi\u010d\u016fm i d\u011btem poskytuje pocit jistoty. D\u011bti pravideln\u011b vid\u00ed sv\u00e9 &#8222;tety&#8220;, na kter\u00e9 si rychle zvyknou a v\u011bd\u00ed, co od nich mohou o\u010dek\u00e1vat.<\/p>\t\t\t\t\t\t\t\t<\/div>\n\t\t\t\t<\/div>\n\t\t\t\t\t<\/div>\n\t\t<\/div>\n\t\t\t\t\t<\/div>\n\t\t<\/section>\n\t\t\t\t<section class=\"elementor-section elementor-top-section elementor-element elementor-element-422f199 elementor-section-boxed elementor-section-height-default elementor-section-height-default\" data-id=\"422f199\" data-element_type=\"section\">\n\t\t\t\t\t\t<div class=\"elementor-container elementor-column-gap-default\">\n\t\t\t\t\t<div class=\"elementor-column elementor-col-100 elementor-top-column elementor-element elementor-element-7e928222\" data-id=\"7e928222\" data-element_type=\"column\">\n\t\t\t<div class=\"elementor-widget-wrap elementor-element-populated\">\n\t\t\t\t\t\t<div class=\"elementor-element elementor-element-1a688a95 elementor-widget-divider--separator-type-pattern elementor-widget-divider--view-line elementor-widget elementor-widget-divider\" data-id=\"1a688a95\" data-element_type=\"widget\" data-widget_type=\"divider.default\">\n\t\t\t\t<div class=\"elementor-widget-container\">\n\t\t\t\t\t\t\t<div class=\"elementor-divider\" style=\"--divider-pattern-url: url(&quot;data:image\/svg+xml,%3Csvg xmlns=&#039;http:\/\/www.w3.org\/2000\/svg&#039; preserveAspectRatio=&#039;none&#039; overflow=&#039;visible&#039; height=&#039;100%&#039; viewBox=&#039;0 0 24 24&#039; fill=&#039;none&#039; stroke=&#039;black&#039; stroke-width=&#039;1&#039; stroke-linecap=&#039;square&#039; stroke-miterlimit=&#039;10&#039;%3E%3Cpath d=&#039;M0,21c3.3,0,8.3-0.9,15.7-7.1c6.6-5.4,4.4-9.3,2.4-10.3c-3.4-1.8-7.7,1.3-7.3,8.8C11.2,20,17.1,21,24,21&#039;\/%3E%3C\/svg%3E&quot;);\">\n\t\t\t<span class=\"elementor-divider-separator\">\n\t\t\t\t\t\t<\/span>\n\t\t<\/div>\n\t\t\t\t\t\t<\/div>\n\t\t\t\t<\/div>\n\t\t\t\t<div class=\"elementor-element elementor-element-298391bb lte-heading-align-tablet-center lte-heading-align-left elementor-widget elementor-widget-lte-header\" data-id=\"298391bb\" data-element_type=\"widget\" data-widget_type=\"lte-header.default\">\n\t\t\t\t<div class=\"elementor-widget-container\">\n\t\t\t\t\t<div class=\"lte-heading lte-style-header-subheader lte-subcolor-main has-subheader heading-tag-h4 heading-subtag-h6\"><div class=\"lte-heading-content\"><h6 class=\"lte-subheader\">Jak pracujeme?<\/h6><h4 class=\"lte-header\">Veden\u00ed skupinek a pedagogick\u00e9 sm\u011b\u0159ov\u00e1n\u00ed &amp; \u0159editelstv\u00ed<\/h4><\/div><\/div>\t\t\t\t<\/div>\n\t\t\t\t<\/div>\n\t\t\t\t<div class=\"elementor-element elementor-element-d87f00c elementor-widget elementor-widget-lte-team\" data-id=\"d87f00c\" data-element_type=\"widget\" data-widget_type=\"lte-team.default\">\n\t\t\t\t<div class=\"elementor-widget-container\">\n\t\t\t\t\t<div class=\"lte-team-list-wrapper\"><div class=\"lte-team-list\"><div class=\"row\"><div class=\"lte-item col-xl-3 col-lg-3 col-md-3 col-sm-4 col-ms-4 col-xs-12\"><div class=\"lte-team-item\">\r\n\t<a href=\"https:\/\/elisek.cz\/zdravotnicek\/team\/mgr-radek-eliska\/\" class=\"lte-image\">\r\n\t\t<img fetchpriority=\"high\" decoding=\"async\" width=\"300\" height=\"300\" src=\"https:\/\/elisek.cz\/zdravotnicek\/wp-content\/uploads\/2025\/03\/postavy-27-400x400-1-300x300.png\" class=\"attachment-booba-team size-booba-team\" alt=\"\" srcset=\"https:\/\/elisek.cz\/zdravotnicek\/wp-content\/uploads\/2025\/03\/postavy-27-400x400-1-300x300.png 300w, https:\/\/elisek.cz\/zdravotnicek\/wp-content\/uploads\/2025\/03\/postavy-27-400x400-1-150x150.png 150w, https:\/\/elisek.cz\/zdravotnicek\/wp-content\/uploads\/2025\/03\/postavy-27-400x400-1-160x160.png 160w, https:\/\/elisek.cz\/zdravotnicek\/wp-content\/uploads\/2025\/03\/postavy-27-400x400-1-110x110.png 110w, https:\/\/elisek.cz\/zdravotnicek\/wp-content\/uploads\/2025\/03\/postavy-27-400x400-1-290x290.png 290w, https:\/\/elisek.cz\/zdravotnicek\/wp-content\/uploads\/2025\/03\/postavy-27-400x400-1-100x100.png 100w, https:\/\/elisek.cz\/zdravotnicek\/wp-content\/uploads\/2025\/03\/postavy-27-400x400-1.png 400w\" sizes=\"(max-width: 300px) 100vw, 300px\" \/><\/a> \r\n\t\t\r\n\t<div class=\"lte-descr\">\r\n\t<a href=\"https:\/\/elisek.cz\/zdravotnicek\/team\/mgr-radek-eliska\/\"><h4 class=\"lte-header\">Mgr. Radek Eli\u0161ka<\/h4><\/a><p class=\"lte-subheader\">Vedouc\u00ed skupinek &amp;\u00a0\u0159editelstv\u00ed<\/p>\t<\/div>\r\n<\/div>\r\n<\/div><div class=\"lte-item col-xl-3 col-lg-3 col-md-3 col-sm-4 col-ms-4 col-xs-12\"><div class=\"lte-team-item\">\r\n\t<a href=\"https:\/\/elisek.cz\/zdravotnicek\/team\/teta-lenta-mgr-lenka-eliskova\/\" class=\"lte-image\">\r\n\t\t<img decoding=\"async\" width=\"300\" height=\"300\" src=\"https:\/\/elisek.cz\/zdravotnicek\/wp-content\/uploads\/2025\/03\/princezna-400x400-2-300x300.png\" class=\"attachment-booba-team size-booba-team\" alt=\"\" srcset=\"https:\/\/elisek.cz\/zdravotnicek\/wp-content\/uploads\/2025\/03\/princezna-400x400-2-300x300.png 300w, https:\/\/elisek.cz\/zdravotnicek\/wp-content\/uploads\/2025\/03\/princezna-400x400-2-150x150.png 150w, https:\/\/elisek.cz\/zdravotnicek\/wp-content\/uploads\/2025\/03\/princezna-400x400-2-160x160.png 160w, https:\/\/elisek.cz\/zdravotnicek\/wp-content\/uploads\/2025\/03\/princezna-400x400-2-110x110.png 110w, https:\/\/elisek.cz\/zdravotnicek\/wp-content\/uploads\/2025\/03\/princezna-400x400-2-290x290.png 290w, https:\/\/elisek.cz\/zdravotnicek\/wp-content\/uploads\/2025\/03\/princezna-400x400-2-100x100.png 100w, https:\/\/elisek.cz\/zdravotnicek\/wp-content\/uploads\/2025\/03\/princezna-400x400-2.png 400w\" sizes=\"(max-width: 300px) 100vw, 300px\" \/><\/a> \r\n\t\t\r\n\t<div class=\"lte-descr\">\r\n\t<a href=\"https:\/\/elisek.cz\/zdravotnicek\/team\/teta-lenta-mgr-lenka-eliskova\/\"><h4 class=\"lte-header\">Teta \u201eLenta\u201c Mgr. Lenka Eli\u0161kov\u00e1<\/h4><\/a><p class=\"lte-subheader\">Vedouc\u00ed skupinek &amp;\u00a0\u0159editelstv\u00ed<\/p>\t<\/div>\r\n<\/div>\r\n<\/div><\/div><\/div><\/div>\t\t\t\t<\/div>\n\t\t\t\t<\/div>\n\t\t\t\t\t<\/div>\n\t\t<\/div>\n\t\t\t\t\t<\/div>\n\t\t<\/section>\n\t\t\t\t<section class=\"elementor-section elementor-top-section elementor-element elementor-element-2b79610 elementor-section-boxed elementor-section-height-default elementor-section-height-default\" data-id=\"2b79610\" data-element_type=\"section\">\n\t\t\t\t\t\t<div class=\"elementor-container elementor-column-gap-default\">\n\t\t\t\t\t<div class=\"elementor-column elementor-col-100 elementor-top-column elementor-element elementor-element-b13ffbb\" data-id=\"b13ffbb\" data-element_type=\"column\">\n\t\t\t<div class=\"elementor-widget-wrap elementor-element-populated\">\n\t\t\t\t\t\t<div class=\"elementor-element elementor-element-4426120 elementor-widget-divider--separator-type-pattern elementor-widget-divider--view-line elementor-widget elementor-widget-divider\" data-id=\"4426120\" data-element_type=\"widget\" data-widget_type=\"divider.default\">\n\t\t\t\t<div class=\"elementor-widget-container\">\n\t\t\t\t\t\t\t<div class=\"elementor-divider\" style=\"--divider-pattern-url: url(&quot;data:image\/svg+xml,%3Csvg xmlns=&#039;http:\/\/www.w3.org\/2000\/svg&#039; preserveAspectRatio=&#039;none&#039; overflow=&#039;visible&#039; height=&#039;100%&#039; viewBox=&#039;0 0 24 24&#039; fill=&#039;none&#039; stroke=&#039;black&#039; stroke-width=&#039;1&#039; stroke-linecap=&#039;square&#039; stroke-miterlimit=&#039;10&#039;%3E%3Cpath d=&#039;M0,21c3.3,0,8.3-0.9,15.7-7.1c6.6-5.4,4.4-9.3,2.4-10.3c-3.4-1.8-7.7,1.3-7.3,8.8C11.2,20,17.1,21,24,21&#039;\/%3E%3C\/svg%3E&quot;);\">\n\t\t\t<span class=\"elementor-divider-separator\">\n\t\t\t\t\t\t<\/span>\n\t\t<\/div>\n\t\t\t\t\t\t<\/div>\n\t\t\t\t<\/div>\n\t\t\t\t<div class=\"elementor-element elementor-element-c251f11 lte-heading-align-tablet-center lte-heading-align-left elementor-widget elementor-widget-lte-header\" data-id=\"c251f11\" data-element_type=\"widget\" data-widget_type=\"lte-header.default\">\n\t\t\t\t<div class=\"elementor-widget-container\">\n\t\t\t\t\t<div class=\"lte-heading lte-style-header-subheader lte-subcolor-main has-subheader heading-tag-h4 heading-subtag-h6\"><div class=\"lte-heading-content\"><h6 class=\"lte-subheader\">Na koho bychom nem\u011bli zapomenout?<\/h6><h4 class=\"lte-header\">Spolupracujeme<\/h4><\/div><\/div>\t\t\t\t<\/div>\n\t\t\t\t<\/div>\n\t\t\t\t<div class=\"elementor-element elementor-element-a214fe5 elementor-widget elementor-widget-text-editor\" data-id=\"a214fe5\" data-element_type=\"widget\" data-widget_type=\"text-editor.default\">\n\t\t\t\t<div class=\"elementor-widget-container\">\n\t\t\t\t\t\t\t\t\t<p><strong>DS El\u00ed\u0161ek<\/strong> \u2013 Sl\u00e1nsk\u00e1 mini\u0161koli\u010dka pro celkem 24 d\u011bt\u00ed ve stejn\u00e9m sm\u011bru jako DS Zdravotn\u00ed\u010dek, \u0161koli\u010dky \u00fazce spolupracuj\u00ed a po\u0159\u00e1daj\u00ed spole\u010dn\u00e9 akce. D\u011bti se vz\u00e1jemn\u011b potk\u00e1vaj\u00ed, hraj\u00ed si a tvo\u0159\u00ed nov\u00e1 p\u0159\u00e1telstv\u00ed. Spole\u010dn\u011b tvo\u0159\u00edme nejp\u0159\u00edjemn\u011bj\u0161\u00ed prost\u0159ed\u00ed pro spr\u00e1vn\u00fd rozvoj d\u011bt\u00ed od 1 roku do 6ti let.<\/p><p><b>MUDr. \u0160\u00e1rka Koumarov\u00e1<\/b> \u2013 P\u0159i akutn\u00edch z\u00e1le\u017eitostech nebo n\u00e1hl\u00fdch zm\u011bn\u00e1ch zdravotn\u00edho\u00a0stavu d\u00edt\u011bte je n\u00e1m k dispozici ordinuj\u00edc\u00ed l\u00e9ka\u0159 v budov\u011b DS El\u00ed\u0161ek, pop\u0159. Sl\u00e1nsk\u00e1 nemocnice\u00a0vzd\u00e1len\u00e1 cca 200m. P\u0159i zvl\u00e1\u0161t\u011b z\u00e1va\u017en\u00fdch stavech tak d\u00edt\u011b bude pod l\u00e9ka\u0159sk\u00fdm dozorem a\u017e do\u00a0p\u0159\u00edjezdu rodi\u010d\u016f, proto se o sv\u00e9 d\u00edt\u011b nemus\u00edte ani v\u00a0nejmen\u0161\u00edm b\u00e1t.<\/p><p><strong>Mgr. Mark\u00e9ta Pl\u00edvov\u00e1, klinick\u00fd logoped <\/strong>\u2013 Mark\u00e9ta pravideln\u011b doch\u00e1z\u00ed do El\u00ed\u0161ku ka\u017ed\u00fd p\u00e1tek\u00a0v 8.00 na logopedickou prevenci. Formou hry cel\u00fd den procvi\u010dujeme jemnou i\u00a0hrubou motoriku, a tak\u00e9 sluchovou\u00a0a zrakovou percepci. Sou\u010d\u00e1st\u00ed\u00a0logopedick\u00e9ho bloku jsou\u00a0tak\u00e9 dechov\u00e1, fona\u010dn\u00ed a rytmiza\u010dn\u00ed cvi\u010den\u00ed. S nadan\u00fdmi\u00a0d\u011btmi roz\u0161i\u0159ujeme aktivn\u00ed slovn\u00ed z\u00e1sobu a nacvi\u010dujeme spr\u00e1vnou artikulaci. Dle pot\u0159eby s rodi\u010dem konzultujeme pokroky d\u011bt\u00ed a pop\u0159. domlouv\u00e1me individu\u00e1ln\u00ed konzultace p\u0159\u00edmo s Mark\u00e9tou.<\/p><p><a href=\"http:\/\/kavarnavraji.cz\"><strong>Kav\u00e1rna V R\u00e1ji<\/strong><\/a><a href=\"http:\/\/kavarnavraji.cz\/\" target=\"_blank\" rel=\"noopener\">\u00a0<\/a>\u2013\u00a0V\u00a0r\u00e1mci rodi\u010dovsk\u00fdch sch\u016fzek, p\u0159edn\u00e1\u0161ek pro rodi\u010de, narozeninov\u00fdch oslav, prostorov\u00e9ho z\u00e1zem\u00ed apod.\u00a0vyu\u017e\u00edv\u00e1me slu\u017eeb neku\u0159\u00e1ck\u00e9 kav\u00e1rny V\u00a0R\u00e1ji, kter\u00e1 je ve stejn\u00e9 budov\u011b jako DS El\u00ed\u0161ek.<\/p>\t\t\t\t\t\t\t\t<\/div>\n\t\t\t\t<\/div>\n\t\t\t\t\t<\/div>\n\t\t<\/div>\n\t\t\t\t\t<\/div>\n\t\t<\/section>\n\t\t\t\t<\/div>\n\t\t","protected":false},"excerpt":{"rendered":"<p>Kdo se star\u00e1 o Va\u0161e d\u011bti? T\u00fdm V\u0161echny na\u0161e &#8222;tety&#8220; jsou odborn\u011b \u0161koleny a kvalifikov\u00e1ny pro pr\u00e1ci s d\u011btmi. Ka\u017ed\u00e1 z nich m\u00e1 pot\u0159ebn\u00e9 vzd\u011bl\u00e1n\u00ed, a\u0165 u\u017e pedagogick\u00e9, soci\u00e1ln\u00ed, zdravotn\u00ed, [&hellip;]<\/p>\n","protected":false},"author":1,"featured_media":0,"parent":0,"menu_order":0,"comment_status":"closed","ping_status":"closed","template":"","meta":{"footnotes":""},"class_list":["post-35037","page","type-page","status-publish","hentry","has-post-thumbnail"],"_links":{"self":[{"href":"https:\/\/elisek.cz\/zdravotnicek\/wp-json\/wp\/v2\/pages\/35037","targetHints":{"allow":["GET"]}}],"collection":[{"href":"https:\/\/elisek.cz\/zdravotnicek\/wp-json\/wp\/v2\/pages"}],"about":[{"href":"https:\/\/elisek.cz\/zdravotnicek\/wp-json\/wp\/v2\/types\/page"}],"author":[{"embeddable":true,"href":"https:\/\/elisek.cz\/zdravotnicek\/wp-json\/wp\/v2\/users\/1"}],"replies":[{"embeddable":true,"href":"https:\/\/elisek.cz\/zdravotnicek\/wp-json\/wp\/v2\/comments?post=35037"}],"version-history":[{"count":0,"href":"https:\/\/elisek.cz\/zdravotnicek\/wp-json\/wp\/v2\/pages\/35037\/revisions"}],"wp:attachment":[{"href":"https:\/\/elisek.cz\/zdravotnicek\/wp-json\/wp\/v2\/media?parent=35037"}],"curies":[{"name":"wp","href":"https:\/\/api.w.org\/{rel}","templated":true}]}}