{"id":34950,"date":"2025-02-11T14:38:03","date_gmt":"2025-02-11T13:38:03","guid":{"rendered":"https:\/\/new.elisek.cz\/?page_id=34950"},"modified":"2025-03-04T15:43:10","modified_gmt":"2025-03-04T14:43:10","slug":"o-nas","status":"publish","type":"page","link":"https:\/\/elisek.cz\/zdravotnicek\/o-nas\/","title":{"rendered":"O n\u00e1s"},"content":{"rendered":"\t\t<div data-elementor-type=\"wp-page\" data-elementor-id=\"34950\" class=\"elementor elementor-34950\">\n\t\t\t\t\t\t<section class=\"elementor-section elementor-top-section elementor-element elementor-element-2ce875ee elementor-section-boxed elementor-section-height-default elementor-section-height-default\" data-id=\"2ce875ee\" data-element_type=\"section\">\n\t\t\t\t\t\t<div class=\"elementor-container elementor-column-gap-default\">\n\t\t\t\t\t<div class=\"elementor-column elementor-col-100 elementor-top-column elementor-element elementor-element-4d8034ca\" data-id=\"4d8034ca\" data-element_type=\"column\">\n\t\t\t<div class=\"elementor-widget-wrap elementor-element-populated\">\n\t\t\t\t\t\t<div class=\"elementor-element elementor-element-2c56d449 lte-heading-align-tablet-center elementor-widget elementor-widget-lte-header\" data-id=\"2c56d449\" data-element_type=\"widget\" data-widget_type=\"lte-header.default\">\n\t\t\t\t<div class=\"elementor-widget-container\">\n\t\t\t\t\t<div class=\"lte-heading lte-style-header-subheader lte-subcolor-main has-subheader heading-tag-h2 heading-subtag-h6\"><div class=\"lte-heading-content\"><h6 class=\"lte-subheader\">Jak to u n\u00e1s vypad\u00e1?<\/h6><h2 class=\"lte-header\">O n\u00e1s<\/h2><\/div><\/div>\t\t\t\t<\/div>\n\t\t\t\t<\/div>\n\t\t\t\t<div class=\"elementor-element elementor-element-51eb0f7a elementor-widget elementor-widget-text-editor\" data-id=\"51eb0f7a\" data-element_type=\"widget\" data-widget_type=\"text-editor.default\">\n\t\t\t\t<div class=\"elementor-widget-container\">\n\t\t\t\t\t\t\t\t\t<p>Zdravotn\u00ed\u010dek 1 a Zdravotn\u00ed\u010dek 2 jsou dv\u011b t\u0159\u00eddi\u010dky ur\u010den\u00e9 v\u017edy pro d\u011bti od 12ti m\u011bs\u00edc\u016f do 6ti let, ka\u017ed\u00e1 s\u00a0kapacitou 12d\u011bt\u00ed. Tento po\u010det na\u0161im\u00a0pedagog\u016fm\u00a0umo\u017e\u0148uje\u00a0individu\u00e1ln\u00ed p\u0159\u00edstup ke ka\u017ed\u00e9mu d\u00edt\u011bti a\u00a0maxim\u00e1ln\u00ed rozvoj jeho dovednost\u00ed. O Va\u0161e d\u011bti se staraj\u00ed hodn\u00e9 a pedagogicky kvalifikovan\u00e9 \u201etety\u201c\u00a0s\u00a0n\u011bkolikalet\u00fdmi zku\u0161enostmi ze st\u00e1tn\u00edch i soukrom\u00fdch \u0161kolek.<\/p><p>T\u0159\u00eddi\u010dky jsou rozd\u011blen\u00e9, dle aktu\u00e1ln\u00edch pot\u0159eb a schopnost\u00ed d\u011bt\u00ed, ka\u017ed\u00e1 skupina m\u00e1 sv\u016fj specializovan\u00fd program, kter\u00fd reflektuje v\u0161echny aspekty pro optim\u00e1ln\u00ed rozvoj d\u00edt\u011bte. T\u0159\u00eddi\u010dky se b\u011b\u017en\u011b potk\u00e1vaj\u00ed, aby d\u011bti neztratily kontakt se spolu\u017e\u00e1ky a mohly se pohybovat ve v\u011bkov\u011b sm\u00ed\u0161en\u00e9 skupin\u011b \u2013 star\u0161\u00ed pom\u00e1haj\u00ed mlad\u0161\u00edm, a z\u00e1rove\u0148 samy m\u011bly dostate\u010dn\u00fd prostor, aby je \u0161kolka st\u00e1le posouvala o kousek d\u00e1le.<\/p>\t\t\t\t\t\t\t\t<\/div>\n\t\t\t\t<\/div>\n\t\t\t\t\t<\/div>\n\t\t<\/div>\n\t\t\t\t\t<\/div>\n\t\t<\/section>\n\t\t\t\t<section class=\"elementor-section elementor-top-section elementor-element elementor-element-7be5717c elementor-section-boxed elementor-section-height-default elementor-section-height-default\" data-id=\"7be5717c\" data-element_type=\"section\">\n\t\t\t\t\t\t<div class=\"elementor-container elementor-column-gap-default\">\n\t\t\t\t\t<div class=\"elementor-column elementor-col-100 elementor-top-column elementor-element elementor-element-9ad25de\" data-id=\"9ad25de\" data-element_type=\"column\">\n\t\t\t<div class=\"elementor-widget-wrap elementor-element-populated\">\n\t\t\t\t\t\t<div class=\"elementor-element elementor-element-6c3ba41 elementor-widget-divider--separator-type-pattern elementor-widget-divider--view-line elementor-widget elementor-widget-divider\" data-id=\"6c3ba41\" data-element_type=\"widget\" data-widget_type=\"divider.default\">\n\t\t\t\t<div class=\"elementor-widget-container\">\n\t\t\t\t\t\t\t<div class=\"elementor-divider\" style=\"--divider-pattern-url: url(&quot;data:image\/svg+xml,%3Csvg xmlns=&#039;http:\/\/www.w3.org\/2000\/svg&#039; preserveAspectRatio=&#039;none&#039; overflow=&#039;visible&#039; height=&#039;100%&#039; viewBox=&#039;0 0 24 24&#039; fill=&#039;none&#039; stroke=&#039;black&#039; stroke-width=&#039;1&#039; stroke-linecap=&#039;square&#039; stroke-miterlimit=&#039;10&#039;%3E%3Cpath d=&#039;M0,21c3.3,0,8.3-0.9,15.7-7.1c6.6-5.4,4.4-9.3,2.4-10.3c-3.4-1.8-7.7,1.3-7.3,8.8C11.2,20,17.1,21,24,21&#039;\/%3E%3C\/svg%3E&quot;);\">\n\t\t\t<span class=\"elementor-divider-separator\">\n\t\t\t\t\t\t<\/span>\n\t\t<\/div>\n\t\t\t\t\t\t<\/div>\n\t\t\t\t<\/div>\n\t\t\t\t<div class=\"elementor-element elementor-element-433f51e lte-heading-align-tablet-center lte-heading-align-left elementor-widget elementor-widget-lte-header\" data-id=\"433f51e\" data-element_type=\"widget\" data-widget_type=\"lte-header.default\">\n\t\t\t\t<div class=\"elementor-widget-container\">\n\t\t\t\t\t<div class=\"lte-heading lte-style-header-subheader lte-subcolor-main has-subheader heading-tag-h4 heading-subtag-h6\"><div class=\"lte-heading-content\"><h6 class=\"lte-subheader\">Jak pracujeme?<\/h6><h4 class=\"lte-header\">N\u00e1\u0161 c\u00edl<\/h4><\/div><\/div>\t\t\t\t<\/div>\n\t\t\t\t<\/div>\n\t\t\t\t<div class=\"elementor-element elementor-element-777cda78 elementor-widget elementor-widget-text-editor\" data-id=\"777cda78\" data-element_type=\"widget\" data-widget_type=\"text-editor.default\">\n\t\t\t\t<div class=\"elementor-widget-container\">\n\t\t\t\t\t\t\t\t\t<p>Na\u0161\u00edm c\u00edlem je nab\u00eddnout p\u00e9\u010di o d\u011bti rodi\u010d\u016fm, kte\u0159\u00ed pl\u00e1nuj\u00ed n\u00e1vrat do pracovn\u00edho kolob\u011bhu a cht\u011bj\u00ed sv\u00e9\u00a0ratolesti um\u00edstit do kolektivu d\u011bt\u00ed veden\u00e9ho principy Marie Montessori a lesn\u00ed \u0161kolky.<\/p><p>V\u011bd\u011bli jste, \u017ee kdy\u017e k n\u00e1m um\u00edst\u00edte svoji ratolest,\u00a0rodi\u010dovsk\u00fd p\u0159\u00edsp\u011bvek V\u00e1m z\u016fst\u00e1v\u00e1 a dokonce m\u016f\u017eete uplat\u0148ovat dal\u0161\u00ed slevy na dan\u00edch?<\/p>\t\t\t\t\t\t\t\t<\/div>\n\t\t\t\t<\/div>\n\t\t\t\t\t<\/div>\n\t\t<\/div>\n\t\t\t\t\t<\/div>\n\t\t<\/section>\n\t\t\t\t<section class=\"elementor-section elementor-top-section elementor-element elementor-element-24b3fcb elementor-section-boxed elementor-section-height-default elementor-section-height-default\" data-id=\"24b3fcb\" data-element_type=\"section\">\n\t\t\t\t\t\t<div class=\"elementor-container elementor-column-gap-default\">\n\t\t\t\t\t<div class=\"elementor-column elementor-col-100 elementor-top-column elementor-element elementor-element-aa1af88\" data-id=\"aa1af88\" data-element_type=\"column\">\n\t\t\t<div class=\"elementor-widget-wrap elementor-element-populated\">\n\t\t\t\t\t\t<div class=\"elementor-element elementor-element-fdf0b3e elementor-widget-divider--separator-type-pattern elementor-widget-divider--view-line elementor-widget elementor-widget-divider\" data-id=\"fdf0b3e\" data-element_type=\"widget\" data-widget_type=\"divider.default\">\n\t\t\t\t<div class=\"elementor-widget-container\">\n\t\t\t\t\t\t\t<div class=\"elementor-divider\" style=\"--divider-pattern-url: url(&quot;data:image\/svg+xml,%3Csvg xmlns=&#039;http:\/\/www.w3.org\/2000\/svg&#039; preserveAspectRatio=&#039;none&#039; overflow=&#039;visible&#039; height=&#039;100%&#039; viewBox=&#039;0 0 24 24&#039; fill=&#039;none&#039; stroke=&#039;black&#039; stroke-width=&#039;1&#039; stroke-linecap=&#039;square&#039; stroke-miterlimit=&#039;10&#039;%3E%3Cpath d=&#039;M0,21c3.3,0,8.3-0.9,15.7-7.1c6.6-5.4,4.4-9.3,2.4-10.3c-3.4-1.8-7.7,1.3-7.3,8.8C11.2,20,17.1,21,24,21&#039;\/%3E%3C\/svg%3E&quot;);\">\n\t\t\t<span class=\"elementor-divider-separator\">\n\t\t\t\t\t\t<\/span>\n\t\t<\/div>\n\t\t\t\t\t\t<\/div>\n\t\t\t\t<\/div>\n\t\t\t\t<div class=\"elementor-element elementor-element-1976c7e lte-heading-align-tablet-center lte-heading-align-left elementor-widget elementor-widget-lte-header\" data-id=\"1976c7e\" data-element_type=\"widget\" data-widget_type=\"lte-header.default\">\n\t\t\t\t<div class=\"elementor-widget-container\">\n\t\t\t\t\t<div class=\"lte-heading lte-style-header-subheader lte-subcolor-main has-subheader heading-tag-h4 heading-subtag-h6\"><div class=\"lte-heading-content\"><h6 class=\"lte-subheader\">Jak to u n\u00e1s vypad\u00e1?<\/h6><h4 class=\"lte-header\">Kde o d\u011bti pe\u010dujeme?<\/h4><\/div><\/div>\t\t\t\t<\/div>\n\t\t\t\t<\/div>\n\t\t\t\t<div class=\"elementor-element elementor-element-40fda08 elementor-widget elementor-widget-text-editor\" data-id=\"40fda08\" data-element_type=\"widget\" data-widget_type=\"text-editor.default\">\n\t\t\t\t<div class=\"elementor-widget-container\">\n\t\t\t\t\t\t\t\t\t<p>Zdravotn\u00ed\u010dek 1 a Zdravotn\u00ed\u010dek 2 je\u00a0provozov\u00e1n v p\u0159\u00edzem\u00ed budovy v are\u00e1lu Nemocnice Slan\u00fd s\u00a0nov\u011b zrekonstruovan\u00fdmi\u00a0prostorn\u00fdmi\u00a0m\u00edstnostmi, kter\u00e9 poskytuj\u00ed d\u011btem z\u00e1zem\u00ed pro kreativn\u00ed, klidov\u00e9 i pohybov\u00e9 \u010dinnosti.\u00a0Sou\u010d\u00e1st\u00ed prostor\u016f je oplocen\u00e1 venkovn\u00ed zahrada s pevn\u00fdm i travnat\u00fdm povrchem. Budova je um\u00edst\u011bna v klidn\u00e9 \u010d\u00e1sti\u00a0,,R\u00e1j,, kter\u00e1 soused\u00ed se stromov\u00fdm parkem H\u00e1je, kam chod\u00edme stav\u011bt dome\u010dky sk\u0159\u00edtk\u016fm, sb\u00edrat list\u00ed a krmit zv\u00ed\u0159\u00e1tka, kter\u00e1 nemaj\u00ed p\u0159es zimu co j\u00edst.<\/p>\t\t\t\t\t\t\t\t<\/div>\n\t\t\t\t<\/div>\n\t\t\t\t\t<\/div>\n\t\t<\/div>\n\t\t\t\t\t<\/div>\n\t\t<\/section>\n\t\t\t\t<\/div>\n\t\t","protected":false},"excerpt":{"rendered":"<p>Jak to u n\u00e1s vypad\u00e1? O n\u00e1s Zdravotn\u00ed\u010dek 1 a Zdravotn\u00ed\u010dek 2 jsou dv\u011b t\u0159\u00eddi\u010dky ur\u010den\u00e9 v\u017edy pro d\u011bti od 12ti m\u011bs\u00edc\u016f do 6ti let, ka\u017ed\u00e1 s\u00a0kapacitou 12d\u011bt\u00ed. Tento po\u010det [&hellip;]<\/p>\n","protected":false},"author":1,"featured_media":0,"parent":0,"menu_order":0,"comment_status":"closed","ping_status":"closed","template":"","meta":{"footnotes":""},"class_list":["post-34950","page","type-page","status-publish","hentry"],"_links":{"self":[{"href":"https:\/\/elisek.cz\/zdravotnicek\/wp-json\/wp\/v2\/pages\/34950","targetHints":{"allow":["GET"]}}],"collection":[{"href":"https:\/\/elisek.cz\/zdravotnicek\/wp-json\/wp\/v2\/pages"}],"about":[{"href":"https:\/\/elisek.cz\/zdravotnicek\/wp-json\/wp\/v2\/types\/page"}],"author":[{"embeddable":true,"href":"https:\/\/elisek.cz\/zdravotnicek\/wp-json\/wp\/v2\/users\/1"}],"replies":[{"embeddable":true,"href":"https:\/\/elisek.cz\/zdravotnicek\/wp-json\/wp\/v2\/comments?post=34950"}],"version-history":[{"count":0,"href":"https:\/\/elisek.cz\/zdravotnicek\/wp-json\/wp\/v2\/pages\/34950\/revisions"}],"wp:attachment":[{"href":"https:\/\/elisek.cz\/zdravotnicek\/wp-json\/wp\/v2\/media?parent=34950"}],"curies":[{"name":"wp","href":"https:\/\/api.w.org\/{rel}","templated":true}]}}