{"id":34657,"date":"2022-07-26T10:37:46","date_gmt":"2022-07-26T10:37:46","guid":{"rendered":"https:\/\/elisek.cz\/web\/?page_id=32647"},"modified":"2025-03-04T15:14:50","modified_gmt":"2025-03-04T14:14:50","slug":"domu","status":"publish","type":"page","link":"https:\/\/elisek.cz\/zdravotnicek\/","title":{"rendered":"Dom\u016f"},"content":{"rendered":"\t\t<div data-elementor-type=\"wp-page\" data-elementor-id=\"34657\" class=\"elementor elementor-34657\">\n\t\t\t\t\t\t<section class=\"elementor-section elementor-top-section elementor-element elementor-element-418c885 elementor-section-full_width elementor-section-height-default elementor-section-height-default\" data-id=\"418c885\" data-element_type=\"section\" data-settings=\"{&quot;background_background&quot;:&quot;classic&quot;}\">\n\t\t\t\t\t\t<div class=\"elementor-container elementor-column-gap-custom\">\n\t\t\t\t\t<div class=\"elementor-column elementor-col-100 elementor-top-column elementor-element elementor-element-1bd4ddd\" data-id=\"1bd4ddd\" data-element_type=\"column\">\n\t\t\t<div class=\"elementor-widget-wrap elementor-element-populated\">\n\t\t\t\t\t\t<div class=\"elementor-element elementor-element-784f711 lte- elementor-widget elementor-widget-lte-zoomslider\" data-id=\"784f711\" data-element_type=\"widget\" data-widget_type=\"lte-zoomslider.default\">\n\t\t\t\t<div class=\"elementor-widget-container\">\n\t\t\t\t\t<div class=\"lte-swiper-slider-wrapper\"><div class=\"lte-swiper-slider swiper-container lte-slider-swiper \" data-space-between=\"30\" data-arrows=\"false\" data-autoplay=\"4500\" data-autoplay-interaction=\"\" data-loop=\"\" data-speed=\"1000\" data-effect=\"fade\" data-slides-per-group=\"\" data-pagination=\"bullets\" data-breakpoints=\"1;;;;;\"><div class=\"swiper-wrapper\"><div class=\"swiper-slide\">\t\t<div data-elementor-type=\"wp-post\" data-elementor-id=\"34218\" class=\"elementor elementor-34218\">\n\t\t\t\t\t\t<section class=\"elementor-section elementor-top-section elementor-element elementor-element-26c0dc9 elementor-section-boxed elementor-section-height-default elementor-section-height-default\" data-id=\"26c0dc9\" data-element_type=\"section\" data-settings=\"{&quot;background_background&quot;:&quot;classic&quot;}\">\n\t\t\t\t\t\t<div class=\"elementor-container elementor-column-gap-default\">\n\t\t\t\t\t<div class=\"elementor-column elementor-col-50 elementor-top-column elementor-element elementor-element-28437ea lte-col-slider-left\" data-id=\"28437ea\" data-element_type=\"column\">\n\t\t\t<div class=\"elementor-widget-wrap elementor-element-populated\">\n\t\t\t\t\t\t<div class=\"elementor-element elementor-element-1f92532 elementor-widget elementor-widget-spacer\" data-id=\"1f92532\" data-element_type=\"widget\" data-widget_type=\"spacer.default\">\n\t\t\t\t<div class=\"elementor-widget-container\">\n\t\t\t\t\t\t\t<div class=\"elementor-spacer\">\n\t\t\t<div class=\"elementor-spacer-inner\"><\/div>\n\t\t<\/div>\n\t\t\t\t\t\t<\/div>\n\t\t\t\t<\/div>\n\t\t\t\t<div class=\"elementor-element elementor-element-0f744bf lte-heading-align-tablet-center elementor-widget__width-initial elementor-widget-tablet__width-inherit elementor-widget-widescreen__width-initial elementor-widget-laptop__width-initial elementor-widget-tablet_extra__width-initial elementor-widget elementor-widget-lte-header\" data-id=\"0f744bf\" data-element_type=\"widget\" data-widget_type=\"lte-header.default\">\n\t\t\t\t<div class=\"elementor-widget-container\">\n\t\t\t\t\t<div class=\"lte-heading lte-size-xl lte-style-header-subheader lte-subcolor-main has-subheader heading-tag-h1 heading-subtag-h6\"><div class=\"lte-heading-content\"><h6 class=\"lte-subheader\">P\u0159idejte se k n\u00e1m<\/h6><h1 class=\"lte-header\">P\u0159ihla\u0161t\u011b sv\u00e9 d\u00edt\u011b do<span> DS Zdravotn\u00ed\u010dek<\/span>!<\/h1><\/div><\/div>\t\t\t\t<\/div>\n\t\t\t\t<\/div>\n\t\t\t\t<div class=\"elementor-element elementor-element-7c0320c elementor-widget elementor-widget-spacer\" data-id=\"7c0320c\" data-element_type=\"widget\" data-widget_type=\"spacer.default\">\n\t\t\t\t<div class=\"elementor-widget-container\">\n\t\t\t\t\t\t\t<div class=\"elementor-spacer\">\n\t\t\t<div class=\"elementor-spacer-inner\"><\/div>\n\t\t<\/div>\n\t\t\t\t\t\t<\/div>\n\t\t\t\t<\/div>\n\t\t\t\t<div class=\"elementor-element elementor-element-97e73b9 elementor-widget__width-initial elementor-widget-tablet__width-inherit elementor-widget-widescreen__width-initial elementor-widget elementor-widget-text-editor\" data-id=\"97e73b9\" data-element_type=\"widget\" data-widget_type=\"text-editor.default\">\n\t\t\t\t<div class=\"elementor-widget-container\">\n\t\t\t\t\t\t\t\t\t<span class=\"text-lg\">DS Zdravotn\u00ed\u010dek 1, 2 a 3 je \u0161koli\u010dka o t\u0159ech t\u0159\u00eddi\u010dk\u00e1ch pro d\u011bti od 12 m\u011bs\u00edc\u016f do 6 let s maxim\u00e1ln\u00ed kapacitou 36 d\u011bt\u00ed. Mal\u00fd po\u010det d\u011bt\u00ed v ka\u017ed\u00e9 t\u0159\u00edd\u011b umo\u017e\u0148uje na\u0161im pedagog\u016fm individu\u00e1ln\u00ed p\u0159\u00edstup a zaru\u010duje optim\u00e1ln\u00ed rozvoj jejich dovednost\u00ed. O d\u011bti se staraj\u00ed hodn\u00e9 a pedagogicky kvalifikovan\u00e9 &#8220;tety&#8220;.<\/span>\t\t\t\t\t\t\t\t<\/div>\n\t\t\t\t<\/div>\n\t\t\t\t<div class=\"elementor-element elementor-element-5d0b5e3 elementor-widget elementor-widget-spacer\" data-id=\"5d0b5e3\" data-element_type=\"widget\" data-widget_type=\"spacer.default\">\n\t\t\t\t<div class=\"elementor-widget-container\">\n\t\t\t\t\t\t\t<div class=\"elementor-spacer\">\n\t\t\t<div class=\"elementor-spacer-inner\"><\/div>\n\t\t<\/div>\n\t\t\t\t\t\t<\/div>\n\t\t\t\t<\/div>\n\t\t\t\t<div class=\"elementor-element elementor-element-3fb238a elementor-widget__width-auto elementor-widget-mobile__width-inherit lte-btn-inline-yes elementor-widget elementor-widget-lte-button\" data-id=\"3fb238a\" data-element_type=\"widget\" data-widget_type=\"lte-button.default\">\n\t\t\t\t<div class=\"elementor-widget-container\">\n\t\t\t\t\t<div class=\"lte-btn-wrap\">\r\n\t<a href=\"https:\/\/new.elisek.cz\/zdravotnicek\/o-nas\/\"  class=\"lte-btn btn-main color-hover-black\"><span class=\"lte-btn-inner\"><span class=\"lte-btn-before\"><\/span>Ra\u010dte vstoupit<span class=\"lte-btn-after\"><\/span><\/span><\/a><\/div>\t\t\t\t<\/div>\n\t\t\t\t<\/div>\n\t\t\t\t<div class=\"elementor-element elementor-element-acf3965 lte-btn-inline-yes elementor-widget elementor-widget-lte-button\" data-id=\"acf3965\" data-element_type=\"widget\" data-widget_type=\"lte-button.default\">\n\t\t\t\t<div class=\"elementor-widget-container\">\n\t\t\t\t\t<div class=\"lte-btn-wrap\">\r\n\t<a href=\"\"  class=\"lte-btn btn-lg btn-transparent color-hover-default hasIcon\"><span class=\"lte-btn-inner\"><span class=\"lte-btn-before\"><\/span><span class=\"lte-icon\"><i aria-hidden=\"true\" class=\"fas fa-phone-alt\"><\/i><\/span>+420 776 780 860<span class=\"lte-btn-after\"><\/span><\/span><\/a><\/div>\t\t\t\t<\/div>\n\t\t\t\t<\/div>\n\t\t\t\t<div class=\"elementor-element elementor-element-bd6359f elementor-widget elementor-widget-spacer\" data-id=\"bd6359f\" data-element_type=\"widget\" data-widget_type=\"spacer.default\">\n\t\t\t\t<div class=\"elementor-widget-container\">\n\t\t\t\t\t\t\t<div class=\"elementor-spacer\">\n\t\t\t<div class=\"elementor-spacer-inner\"><\/div>\n\t\t<\/div>\n\t\t\t\t\t\t<\/div>\n\t\t\t\t<\/div>\n\t\t\t\t\t<\/div>\n\t\t<\/div>\n\t\t\t\t<div class=\"elementor-column elementor-col-50 elementor-top-column elementor-element elementor-element-15b18b5\" data-id=\"15b18b5\" data-element_type=\"column\">\n\t\t\t<div class=\"elementor-widget-wrap elementor-element-populated\">\n\t\t\t\t\t\t<div class=\"elementor-element elementor-element-522e2d3 lte-polygon-slider-1-gray elementor-widget__width-auto elementor-widget elementor-widget-image\" data-id=\"522e2d3\" data-element_type=\"widget\" data-widget_type=\"image.default\">\n\t\t\t\t<div class=\"elementor-widget-container\">\n\t\t\t\t\t\t\t\t\t\t\t\t\t\t\t<img fetchpriority=\"high\" decoding=\"async\" width=\"459\" height=\"459\" src=\"https:\/\/elisek.cz\/zdravotnicek\/wp-content\/uploads\/2022\/10\/LayOutZdravotnicek.jpeg\" class=\"attachment-large size-large wp-image-35682\" alt=\"\" \/>\t\t\t\t\t\t\t\t\t\t\t\t\t\t\t<\/div>\n\t\t\t\t<\/div>\n\t\t\t\t\t<\/div>\n\t\t<\/div>\n\t\t\t\t\t<\/div>\n\t\t<\/section>\n\t\t\t\t<\/div>\n\t\t<\/div><\/div><\/div>\r\n\t\t<\/div>\t\t\t\t<\/div>\n\t\t\t\t<\/div>\n\t\t\t\t\t<\/div>\n\t\t<\/div>\n\t\t\t\t\t<\/div>\n\t\t<\/section>\n\t\t\t\t<\/div>\n\t\t","protected":false},"excerpt":{"rendered":"<p>P\u0159idejte se k n\u00e1m P\u0159ihla\u0161t\u011b sv\u00e9 d\u00edt\u011b do DS Zdravotn\u00ed\u010dek! DS Zdravotn\u00ed\u010dek 1, 2 a 3 je \u0161koli\u010dka o t\u0159ech t\u0159\u00eddi\u010dk\u00e1ch pro d\u011bti od 12 m\u011bs\u00edc\u016f do 6 let s [&hellip;]<\/p>\n","protected":false},"author":1,"featured_media":0,"parent":0,"menu_order":0,"comment_status":"closed","ping_status":"closed","template":"","meta":{"footnotes":""},"class_list":["post-34657","page","type-page","status-publish","hentry"],"_links":{"self":[{"href":"https:\/\/elisek.cz\/zdravotnicek\/wp-json\/wp\/v2\/pages\/34657","targetHints":{"allow":["GET"]}}],"collection":[{"href":"https:\/\/elisek.cz\/zdravotnicek\/wp-json\/wp\/v2\/pages"}],"about":[{"href":"https:\/\/elisek.cz\/zdravotnicek\/wp-json\/wp\/v2\/types\/page"}],"author":[{"embeddable":true,"href":"https:\/\/elisek.cz\/zdravotnicek\/wp-json\/wp\/v2\/users\/1"}],"replies":[{"embeddable":true,"href":"https:\/\/elisek.cz\/zdravotnicek\/wp-json\/wp\/v2\/comments?post=34657"}],"version-history":[{"count":0,"href":"https:\/\/elisek.cz\/zdravotnicek\/wp-json\/wp\/v2\/pages\/34657\/revisions"}],"wp:attachment":[{"href":"https:\/\/elisek.cz\/zdravotnicek\/wp-json\/wp\/v2\/media?parent=34657"}],"curies":[{"name":"wp","href":"https:\/\/api.w.org\/{rel}","templated":true}]}}